{"id":64,"date":"2015-01-08T22:45:25","date_gmt":"2015-01-08T22:45:25","guid":{"rendered":"http:\/\/localhost\/wordpress\/?page_id=64"},"modified":"2015-04-19T21:05:55","modified_gmt":"2015-04-19T21:05:55","slug":"wie-mache-ich-mit","status":"publish","type":"page","link":"https:\/\/berliner-toleranzbuendnis.de\/?page_id=64","title":{"rendered":"Die Mitwirkung"},"content":{"rendered":"<h3>Wie mache ich mit?<\/h3>\n<h4><strong>Grundlagen der Mitwirkung<\/strong><\/h4>\n<p>Die Mitgliedschaft kostet keine Mitgliedsgeb\u00fchr. Sie hat als Grundlage: Sichtbarkeit, Vernetzung und freiwilliges Engagement.<\/p>\n<ul>\n<li><strong>Toleranzerkl\u00e4rung<\/strong><\/li>\n<\/ul>\n<p>Die B\u00fcndnismitglieder unterst\u00fctzen die \u201eToleranzerkl\u00e4rung\u201c (hier: Seite 6) mit ihrer Unterschrift; die Mitglieder erhalten dar\u00fcber von MANEO eine Urkunde (hier: Seite 12).<\/p>\n<ul>\n<li><strong>Koordination<\/strong><\/li>\n<\/ul>\n<p>Das Berliner Toleranzb\u00fcndnis wird von MANEO organisiert. Die B\u00fcndnismitglieder sind \u00fcber die bekannten \u201eMANEO-News\u201c vernetzt und werden dar\u00fcber fortlaufend \u00fcber die Arbeit und neue Initiativen und Aktionen informiert.<\/p>\n<ul>\n<li><strong>Aktion<\/strong><\/li>\n<\/ul>\n<p>Die B\u00fcndnismitglieder werden von MANEO mehrmals im Jahr eingeladen, sich an Initiativen und Aktionen zu beteiligen \u2013 jedoch auf freiwilliger Basis. Jedes B\u00fcndnismitglied entscheidet selbst, ob und an welcher Initiative es sich beteiligen m\u00f6chte.<\/p>\n<ul>\n<li><strong>Einladung<\/strong><\/li>\n<\/ul>\n<p>Die B\u00fcndnismitglieder werden einmal im Jahr zu einem B\u00fcndnistreffen eingeladen, zu Begegnungen und Danksagungen. Hierzu z\u00e4hlt das von MANEO einmal im Jahr organisierte Charity-Dinner.<\/p>\n<p><strong>Und das sind die 4 Schritte zur Mitgliedschaft<br \/>\n<\/strong><\/p>\n<ul>\n<li>Toleranzerkl\u00e4rung unterzeichnen<\/li>\n<li>Toleranzerkl\u00e4rung an MANEO faxen: 030- 236 381 42, oder per Post an MANEO senden.<\/li>\n<li>Firmen-Logo an MANEO senden: <a href=\"mailto:maneo@maneo.de\">maneo@maneo.de<\/a>, damit wir die Partnerschaft auf unserer Homepage sichtbar pr\u00e4sentieren k\u00f6nnen.<\/li>\n<li>Termin zur Urkunden\u00fcbergabe und Fototermine vereinbaren, dazu setzen wir uns mit jedem neuen Mitglied direkt in Verbindung.<\/li>\n<\/ul>\n<h3><strong>\u00a0Sichtbarkeit<\/strong><\/h3>\n<p>Alle B\u00fcndnispartner werden online auf www.maneo.de namentlich mit ihrem Logo und Kontakt pr\u00e4sentiert.<br \/>\nNehmen sie an \u00f6ffentlichkeitswirksamen Aktionen teil werden sie dort als Partner mit ihrem Logo ebenfalls genannt.<\/p>\n<p><a href=\"http:\/\/berliner-toleranzbuendnis.de\/wp-content\/uploads\/2015\/01\/141010_BTB_MANEO_Handout_page88_image85.jpg\"><img loading=\"lazy\" decoding=\"async\" class=\"alignnone wp-image-65 size-medium\" src=\"http:\/\/berliner-toleranzbuendnis.de\/wp-content\/uploads\/2015\/01\/141010_BTB_MANEO_Handout_page88_image85-300x207.jpg\" alt=\"\" width=\"300\" height=\"207\" srcset=\"https:\/\/berliner-toleranzbuendnis.de\/wp-content\/uploads\/2015\/01\/141010_BTB_MANEO_Handout_page88_image85-300x207.jpg 300w, https:\/\/berliner-toleranzbuendnis.de\/wp-content\/uploads\/2015\/01\/141010_BTB_MANEO_Handout_page88_image85-435x300.jpg 435w, https:\/\/berliner-toleranzbuendnis.de\/wp-content\/uploads\/2015\/01\/141010_BTB_MANEO_Handout_page88_image85.jpg 536w\" sizes=\"auto, (max-width: 300px) 100vw, 300px\" \/><\/a>\u00a0 <a href=\"http:\/\/berliner-toleranzbuendnis.de\/wp-content\/uploads\/2015\/01\/141010_BTB_MANEO_Handout_page88_image86.jpg\"><img loading=\"lazy\" decoding=\"async\" class=\"alignnone wp-image-66 size-medium\" src=\"http:\/\/berliner-toleranzbuendnis.de\/wp-content\/uploads\/2015\/01\/141010_BTB_MANEO_Handout_page88_image86-300x208.jpg\" alt=\"\" width=\"300\" height=\"208\" srcset=\"https:\/\/berliner-toleranzbuendnis.de\/wp-content\/uploads\/2015\/01\/141010_BTB_MANEO_Handout_page88_image86-300x208.jpg 300w, https:\/\/berliner-toleranzbuendnis.de\/wp-content\/uploads\/2015\/01\/141010_BTB_MANEO_Handout_page88_image86-432x300.jpg 432w, https:\/\/berliner-toleranzbuendnis.de\/wp-content\/uploads\/2015\/01\/141010_BTB_MANEO_Handout_page88_image86.jpg 536w\" sizes=\"auto, (max-width: 300px) 100vw, 300px\" \/><\/a><br \/>\n<strong>Damit wir Ihr Logo korrekt einbinden k\u00f6nnen \u2026<\/strong><\/p>\n<p>\u2026 senden Sie uns Ihr Logo im Idealfall als offene Vektor- (.eps) oder Layoutdatei (.ai). Ein in Pfade konvertiertes Motiv l\u00e4sst sich am einfachsten bearbeiten, zum Beispiel an unterschiedliche Hintergr\u00fcnde anpassen oder vergr\u00f6\u00dfern. Sollten von Ihrem Logo Varianten f\u00fcr helle bzw. dunkle Hin-tergr\u00fcnde existieren, teilen Sie uns dies bitte vorab mit und schicken uns beide Varianten.<\/p>\n<p>oder<\/p>\n<p>\u2026 senden Sie uns Ihr Logo als hochaufl\u00f6sende Bilddatei (.jpg, .tif) mit 300dpi, sollten Sie beispielsweise ein druckf\u00e4higes PDF-Format nicht zur Hand ha-ben. Um zu vermeiden, dass Ihr Motiv verpixelt erscheint, achten Sie bitte auf eine ausreichende Bildgr\u00f6\u00dfe. Dateien, die bereits in der Vorschau nur brief-markengro\u00df angezeigt werden, sind ungeeignet. Bitte beachten Sie au\u00dferdem, dass wir unsere Printprodukte im Vierfarbdruck 4c erstellen, Ihre Datei also im CMYK-Modus angelegt sein muss. Bei Motiven im RGB-Modus, der zum Beispiel bei vielen Webformaten \u00fcblich ist, k\u00f6nnen im Druck teils erhebliche Farbabweichungen auftreten.<\/p>\n<p>Kontakt:\u00a0 maneo@maneo.de<\/p>\n<p><a href=\"http:\/\/berliner-toleranzbuendnis.de\/wp-content\/uploads\/2015\/01\/141010_BTB_MANEO_Handout_page88_image87.jpg\"><img loading=\"lazy\" decoding=\"async\" class=\"alignnone wp-image-69 size-large\" src=\"http:\/\/berliner-toleranzbuendnis.de\/wp-content\/uploads\/2015\/01\/141010_BTB_MANEO_Handout_page88_image87-1024x199.jpg\" alt=\"\" width=\"820\" height=\"159\" srcset=\"https:\/\/berliner-toleranzbuendnis.de\/wp-content\/uploads\/2015\/01\/141010_BTB_MANEO_Handout_page88_image87-1024x199.jpg 1024w, https:\/\/berliner-toleranzbuendnis.de\/wp-content\/uploads\/2015\/01\/141010_BTB_MANEO_Handout_page88_image87-300x58.jpg 300w, https:\/\/berliner-toleranzbuendnis.de\/wp-content\/uploads\/2015\/01\/141010_BTB_MANEO_Handout_page88_image87-500x97.jpg 500w, https:\/\/berliner-toleranzbuendnis.de\/wp-content\/uploads\/2015\/01\/141010_BTB_MANEO_Handout_page88_image87.jpg 1097w\" sizes=\"auto, (max-width: 820px) 100vw, 820px\" \/><\/a><\/p>\n<hr \/>\n<p>\u201eIch freue mich, dass es eine Einrichtung wie MANEO gibt. Die geleistete Opferhilfearbeit ist von gro\u00dfem Wert \u2013 zumal vor dem Hintergrund der schrecklichen Verfolgungsgeschichte durch Hitler und durch den Paragraphen 175. Gott sei Dank hat sich in Deutschland seither auf gesetzlicher Seite vieles verbessert \u2013 obschon wir wissen, dass es weiterhin Vorurteile gegen\u00fcber Homosexuellen gibt und geben wird, und dass diese Stigmatisierung auch so schnell nicht aus der Welt zu schaffen ist. Man darf sich jedoch nicht in einem Opferschicksal ergeben!\u201c<br \/>\n<em>Margarete Mitscherlich-Nielsen, Psychoanalytikerin (verstorben 2012)<\/em><\/p>\n<p>Dass ich die Arbeit von MANEO f\u00fcr wichtig und Eure Aktivit\u00e4ten gegen antischwule Gewalt f\u00fcr absolut notwendig halte, steht au\u00dfer Frage. W\u00e4hrend meiner Beratungst\u00e4tigkeit hatte ich immer wieder mit jungen schwulen M\u00e4nnern zu tun, die nach gewaltt\u00e4tigen Angriffen schwer traumatisiert waren. Und ich \u00e4rgere mich bis heute dar\u00fcber, dass die antischwule Gewalt weder in der allgemeinen noch in der schwulen \u00d6ffentlichkeit angemessen thematisiert wird.<br \/>\n<em>Prof. Dr. Martin Dannecker, Institut f\u00fcr Sexualwissenschaften Frankfurt\/M.<\/em><\/p>\n<p>\u201eDie vorbildliche und zukunftsweisende Arbeit von MANEO hat dazu gef\u00fchrt, dass es auch europaweit als erfolgreiches Modell wahrgenommen wird. MANEO organisiert schon seit Jahren gemeinsame l\u00e4nder\u00fcbergreifende Projekte. Denn Gewaltpr\u00e4vention und Aufkl\u00e4rungsarbeit sind vielversprechender, wenn sie geographische und kulturelle Einschr\u00e4nkungen \u00fcberwinden.\u201c<br \/>\n<em>Claudia Roth, Bundesvorsitzende B\u00fcndnis 90\/Die Gr\u00fcnen, Mitglied des Deutschen Bundestages.<\/em><\/p>\n<p>\u201eNach wie vor ist die einfachste Art, sich Macht anzueignen, der gewaltsame \u00dcbergriff auf die Unversehrtheit des Anderen \u2013 um so einfacher, wenn er an Schw\u00e4cheren ausge\u00fcbt wird. Auch heute noch sind Gewaltt\u00e4ter h\u00e4ufig der Auffassung, f\u00fcr Schaden, den sie Schwulen zuf\u00fcgen, nicht mit Verfolgung oder aber mit geringen Strafen rechnen zu m\u00fcssen. Um das Gewaltmonopol des Staates auch f\u00fcr Schwule zu gleicher Geltung zu bringen \u2013 was in der Vergangenheit h\u00e4ufig gerade nicht der Fall war \u2013 leistet MANEO einen unsch\u00e4tzbaren Beitrag.\u201c<br \/>\n<em>Wieland Speck, Filmemacher, Leiter der Sektion \u201ePanorama\u201c der Internationalen Filmfestspiele Berlin<\/em><\/p>\n","protected":false},"excerpt":{"rendered":"<p>Wie mache ich mit? Grundlagen der Mitwirkung Die Mitgliedschaft kostet keine Mitgliedsgeb\u00fchr. Sie hat als Grundlage: Sichtbarkeit, Vernetzung und freiwilliges Engagement. Toleranzerkl\u00e4rung Die B\u00fcndnismitglieder unterst\u00fctzen die \u201eToleranzerkl\u00e4rung\u201c (hier: Seite 6) mit ihrer Unterschrift; die Mitglieder erhalten dar\u00fcber von MANEO eine Urkunde (hier: Seite 12). Koordination Das Berliner Toleranzb\u00fcndnis wird von \u2026<\/p>\n<p class=\"continue-reading-button\"> <a class=\"continue-reading-link\" href=\"https:\/\/berliner-toleranzbuendnis.de\/?page_id=64\">&gt;&gt; Mehr<i class=\"crycon-right-dir\"><\/i><\/a><\/p>\n","protected":false},"author":1,"featured_media":0,"parent":0,"menu_order":5,"comment_status":"closed","ping_status":"open","template":"","meta":{"footnotes":""},"class_list":["post-64","page","type-page","status-publish","hentry"],"_links":{"self":[{"href":"https:\/\/berliner-toleranzbuendnis.de\/index.php?rest_route=\/wp\/v2\/pages\/64","targetHints":{"allow":["GET"]}}],"collection":[{"href":"https:\/\/berliner-toleranzbuendnis.de\/index.php?rest_route=\/wp\/v2\/pages"}],"about":[{"href":"https:\/\/berliner-toleranzbuendnis.de\/index.php?rest_route=\/wp\/v2\/types\/page"}],"author":[{"embeddable":true,"href":"https:\/\/berliner-toleranzbuendnis.de\/index.php?rest_route=\/wp\/v2\/users\/1"}],"replies":[{"embeddable":true,"href":"https:\/\/berliner-toleranzbuendnis.de\/index.php?rest_route=%2Fwp%2Fv2%2Fcomments&post=64"}],"version-history":[{"count":15,"href":"https:\/\/berliner-toleranzbuendnis.de\/index.php?rest_route=\/wp\/v2\/pages\/64\/revisions"}],"predecessor-version":[{"id":856,"href":"https:\/\/berliner-toleranzbuendnis.de\/index.php?rest_route=\/wp\/v2\/pages\/64\/revisions\/856"}],"wp:attachment":[{"href":"https:\/\/berliner-toleranzbuendnis.de\/index.php?rest_route=%2Fwp%2Fv2%2Fmedia&parent=64"}],"curies":[{"name":"wp","href":"https:\/\/api.w.org\/{rel}","templated":true}]}}