{"id":582,"date":"2015-01-17T17:02:16","date_gmt":"2015-01-17T17:02:16","guid":{"rendered":"http:\/\/berliner-toleranzbuendnis.de\/?page_id=582"},"modified":"2015-01-17T20:56:40","modified_gmt":"2015-01-17T20:56:40","slug":"osze-eu-und-opferhilfe","status":"publish","type":"page","link":"https:\/\/berliner-toleranzbuendnis.de\/?page_id=582","title":{"rendered":"OSZE, EU und Opferhilfe"},"content":{"rendered":"<p><span style=\"text-decoration: underline;\">10.06.2013: Bastian Finke spricht auf Europ\u00e4ischer Konferenz in Edinburgh<\/span><\/p>\n<p><strong>Standards in Europa unterst\u00fctzen Opferschutz<\/strong><\/p>\n<div id=\"attachment_583\" style=\"width: 310px\" class=\"wp-caption alignright\"><a href=\"http:\/\/berliner-toleranzbuendnis.de\/wp-content\/uploads\/2015\/01\/141010_BTB_MANEO_Handout_page88_image264.jpg\"><img loading=\"lazy\" decoding=\"async\" aria-describedby=\"caption-attachment-583\" class=\"size-medium wp-image-583\" src=\"http:\/\/berliner-toleranzbuendnis.de\/wp-content\/uploads\/2015\/01\/141010_BTB_MANEO_Handout_page88_image264-300x247.jpg\" alt=\"31.05.2013: Prinzessin Anne Mountbatten-Windsor, Tochter von K\u00f6nigin Elisabeth II., sprach auf der europ\u00e4ischen Opferhilfekonferenz, die vom 30.05. bis 31.05.2013 in Edinburgh stattfand. \u00a9 Foto VSE.\" width=\"300\" height=\"247\" srcset=\"https:\/\/berliner-toleranzbuendnis.de\/wp-content\/uploads\/2015\/01\/141010_BTB_MANEO_Handout_page88_image264-300x247.jpg 300w, https:\/\/berliner-toleranzbuendnis.de\/wp-content\/uploads\/2015\/01\/141010_BTB_MANEO_Handout_page88_image264-182x150.jpg 182w, https:\/\/berliner-toleranzbuendnis.de\/wp-content\/uploads\/2015\/01\/141010_BTB_MANEO_Handout_page88_image264-150x124.jpg 150w, https:\/\/berliner-toleranzbuendnis.de\/wp-content\/uploads\/2015\/01\/141010_BTB_MANEO_Handout_page88_image264.jpg 602w\" sizes=\"auto, (max-width: 300px) 100vw, 300px\" \/><\/a><p id=\"caption-attachment-583\" class=\"wp-caption-text\">31.05.2013: Prinzessin Anne Mountbatten-Windsor, Tochter von K\u00f6nigin Elisabeth II., sprach auf der europ\u00e4ischen Opferhilfekonferenz, die vom 30.05. bis 31.05.2013 in Edinburgh stattfand. \u00a9 Foto VSE.<\/p><\/div>\n<p><strong>Unter dem Motto \u201eHilfe f\u00fcr Kriminalit\u00e4tsopfer in Europa\u201c tagte vom 30.05. bis zum 31.05.2013 der Dachverband der europ\u00e4ischen Opferhilfen \u201eVictim Support Europe\u201c (VSE) in Edinburgh. Prominente Teilnehmerin der Konferenz war Prinzessin Anne Mountbatten-Windsor, Tochter von K\u00f6nigin Elisabeth II. Die Konferenz stand ganz im Zeichen der k\u00fcrzlich von der EU-Kommission verabschiedeten Direktive \u00fcber \u201eMindeststandards f\u00fcr die Rechte, die Unterst\u00fctzung und den Schutz von Opfern von Straftaten\u201c.<\/strong><\/p>\n<p>&nbsp;<\/p>\n<p>&nbsp;<\/p>\n<p>&nbsp;<\/p>\n<p>&nbsp;<\/p>\n<p>&nbsp;<\/p>\n<div id=\"attachment_584\" style=\"width: 310px\" class=\"wp-caption alignright\"><a href=\"http:\/\/berliner-toleranzbuendnis.de\/wp-content\/uploads\/2015\/01\/141010_BTB_MANEO_Handout_page88_image263.jpg\"><img loading=\"lazy\" decoding=\"async\" aria-describedby=\"caption-attachment-584\" class=\"size-medium wp-image-584\" src=\"http:\/\/berliner-toleranzbuendnis.de\/wp-content\/uploads\/2015\/01\/141010_BTB_MANEO_Handout_page88_image263-300x221.jpg\" alt=\"31.05.2013: MANEO-Projektleiter Bastian Finke referiert auf der Konferenz der Europ\u00e4ischen Opferhilfen \u201aVictim Support Europe\u2018 \u00fcber Hasskriminalit\u00e4t gegen die sexuelle Orientierung und die Notwendigkeit diversity-orientierter sowie zielgruppenspezifischer Beratungsarbeit. \u00a9 Foto VSE\" width=\"300\" height=\"221\" srcset=\"https:\/\/berliner-toleranzbuendnis.de\/wp-content\/uploads\/2015\/01\/141010_BTB_MANEO_Handout_page88_image263-300x221.jpg 300w, https:\/\/berliner-toleranzbuendnis.de\/wp-content\/uploads\/2015\/01\/141010_BTB_MANEO_Handout_page88_image263-203x150.jpg 203w, https:\/\/berliner-toleranzbuendnis.de\/wp-content\/uploads\/2015\/01\/141010_BTB_MANEO_Handout_page88_image263-150x111.jpg 150w, https:\/\/berliner-toleranzbuendnis.de\/wp-content\/uploads\/2015\/01\/141010_BTB_MANEO_Handout_page88_image263.jpg 601w\" sizes=\"auto, (max-width: 300px) 100vw, 300px\" \/><\/a><p id=\"caption-attachment-584\" class=\"wp-caption-text\">31.05.2013: MANEO-Projektleiter Bastian Finke referiert auf der Konferenz der Europ\u00e4ischen Opferhilfen \u201aVictim Support Europe\u2018 \u00fcber Hasskriminalit\u00e4t gegen die sexuelle Orientierung und die Notwendigkeit diversity-orientierter sowie zielgruppenspezifischer Beratungsarbeit. \u00a9 Foto VSE<\/p><\/div>\n<p>\u00dcber 150 Teilnehmerinnen und Teilnehmer aus 24 EU-Mitgliedsstaaten, die 32 nationale Opferhilfe-Dachorganisationen repr\u00e4sentierten, hatten sich zu der zweit\u00e4gigen Konferenz in der schottischen Hauptstadt versammelt, unter ihnen MANEO-Projektleiter Bastian Finke, der Mitglied des gesch\u00e4ftsf\u00fchrenden Ausschusses des \u201aArbeitskreises der Opferhilfen in Deutschland (ado)\u201c ist und dort den ado vertrat. MANEO ist seit 1993 Mitglied im ado. Er sprach auf der Konferenz \u00fcber Hasskriminalit\u00e4t gegen die sexuelle Orientierung und diversity-orientierter Beratungsarbeit. \u201eDie besonderen Bed\u00fcrfnisse von Menschen, die Opfer vorurteilsmotivierter Hassgewalt werden, m\u00fcssen in der Opferhilfearbeit ber\u00fccksichtigt werden. Diese ergeben sich mitunter aus gesellschaftlichen Diskriminierungsmustern, in denen sie aufgewachsen sind und die fortbestehen. Daraus leitet sich die Notwendigkeit zielgruppenspezifischer Opferhilfearbeit ab\u201c, so Bastian Finke.<\/p>\n<hr \/>\n<p><span style=\"text-decoration: underline;\"> 12.12.2010: Freunde seit \u00fcber 30 Jahren<\/span><\/p>\n<p><strong>Friedensnobelpreistr\u00e4gerin besucht MANEO<\/strong><\/p>\n<div id=\"attachment_661\" style=\"width: 286px\" class=\"wp-caption alignright\"><a href=\"http:\/\/berliner-toleranzbuendnis.de\/wp-content\/uploads\/2015\/01\/141010_BTB_MANEO_Handout_page88_image2681.jpg\"><img loading=\"lazy\" decoding=\"async\" aria-describedby=\"caption-attachment-661\" class=\"wp-image-661 size-medium\" src=\"http:\/\/berliner-toleranzbuendnis.de\/wp-content\/uploads\/2015\/01\/141010_BTB_MANEO_Handout_page88_image2681-276x300.jpg\" alt=\"\" width=\"276\" height=\"300\" srcset=\"https:\/\/berliner-toleranzbuendnis.de\/wp-content\/uploads\/2015\/01\/141010_BTB_MANEO_Handout_page88_image2681-276x300.jpg 276w, https:\/\/berliner-toleranzbuendnis.de\/wp-content\/uploads\/2015\/01\/141010_BTB_MANEO_Handout_page88_image2681-138x150.jpg 138w, https:\/\/berliner-toleranzbuendnis.de\/wp-content\/uploads\/2015\/01\/141010_BTB_MANEO_Handout_page88_image2681.jpg 768w\" sizes=\"auto, (max-width: 276px) 100vw, 276px\" \/><\/a><p id=\"caption-attachment-661\" class=\"wp-caption-text\">Alte Freunde: Die Friedensnobelpreistr\u00e4gerin Mairead Corrigan-Maguire zu Besuch bei Bastian Finke, MANEO-Projektleiter.<\/p><\/div>\n<p>Die nordirische Friedensnobelpreistr\u00e4gerin und Tr\u00e4gerin der Carl-von-Ossietzky-Medaille Mairead Corrigan-Maguire besuchte am gestrigen Sonntag einen pers\u00f6nlichen Freund: MANEO-Projektleiter Bastian Finke. Bei dieser Gelegenheit informierte sie sich \u00fcber aktuelle Entwicklungen in der Anti-Gewalt-Arbeit von MANEO.<br \/>\n\u201eEure Arbeit ist vorbildlich.&#8221;<br \/>\nIhr Einsatz f\u00fcr Gewaltlosigkeit ist bis heute der rote Faden in ihrer Arbeit: 1976 hatte Mairead Corrigan-Maguire die nordirische Friedensbewegung \u201ePeace People\u201c mitbegr\u00fcndet, wof\u00fcr sie den Friedensnobelpreis erhielt. Bastian Finke, der sie kurz darauf in Belfast kennengelernt hatte, begleitete in den folgenden Jahren ihre Arbeit; er engagierte sich selbst \u00fcber zehn Jahre lang aktiv in der nordirischen Vers\u00f6hnungsarbeit, nicht selten mit pers\u00f6nlichem Risiko. Seit Ende der 70er Jahre verbindet beide eine pers\u00f6nliche Freundschaft. 1987 organisierte er einen Aufenthalt f\u00fcr die Nobelpreistr\u00e4gerin in Berlin, bei dem es zu einem bewegenden friedenspolitischen Nachtgebet in der Evangelischen Sophiengemeinde in Ost-Berlin mit rund 700 Teilnehmern kam. Hier solidarisierte sich Corrigan-Maguire \u00f6ffentlich mit der Arbeit von B\u00fcrgerrechtlerinnen und B\u00fcrgerrechtlern in der DDR und formulierte ihren Appell \u201eBlossom where you are\u201c. Sie rief die Menschen in der DDR dazu auf, den Wandel im Land aktiv zu unterst\u00fctzen.<br \/>\n&#8220;Gestalte und ver\u00e4ndere dort, wo du lebst&#8221;.<br \/>\nIm Rahmen ihres Besuches informierte sich Corrigan-Maguire \u00fcber die aktuelle Arbeit von MANEO. Im Jahr des Mauerfalls gegr\u00fcndet, blickt MANEO als Berlins schwules Anti-Gewalt-Projekt auf nunmehr 20 Jahre Erfahrung und auf zahlreiche Erfolgsgeschichten zur\u00fcck.<br \/>\nCorrigan-Maguire bekundete ihre Anerkennung und ihren Respekt vor den Ar-beitsleistungen und dem unerm\u00fcdlichen Einsatz der Mitarbeiter und Helfer, die diese Arbeit tragen und m\u00f6glich machen. &#8220;Gestalte und ver\u00e4ndere dort, wo du lebst \u2013 das gilt heute genauso. Eure Arbeit ist vorbildlich und wichtig. Macht weiter so!&#8221;<\/p>\n<hr \/>\n<p>&nbsp;<\/p>\n<p><span style=\"text-decoration: underline;\">01.12.2010: MANEO verbessert Kooperationen mit den USA<\/span><\/p>\n<div id=\"attachment_593\" style=\"width: 310px\" class=\"wp-caption alignright\"><a href=\"http:\/\/berliner-toleranzbuendnis.de\/wp-content\/uploads\/2015\/01\/141010_BTB_MANEO_Handout_page88_image273.jpg\"><img loading=\"lazy\" decoding=\"async\" aria-describedby=\"caption-attachment-593\" class=\"size-medium wp-image-593\" src=\"http:\/\/berliner-toleranzbuendnis.de\/wp-content\/uploads\/2015\/01\/141010_BTB_MANEO_Handout_page88_image273-300x225.jpg\" alt=\"Im B\u00fcro des B\u00fcrgermeisters von Milwaukee (v.l.n.r.): Terry Perry, Manager, Office of Violence Prevention, Jennifer Gonda, City of Milwaukee, Senior Legislative Fiscal Manager, Bastian Finke, MANEO.\" width=\"300\" height=\"225\" srcset=\"https:\/\/berliner-toleranzbuendnis.de\/wp-content\/uploads\/2015\/01\/141010_BTB_MANEO_Handout_page88_image273-300x225.jpg 300w, https:\/\/berliner-toleranzbuendnis.de\/wp-content\/uploads\/2015\/01\/141010_BTB_MANEO_Handout_page88_image273-200x150.jpg 200w, https:\/\/berliner-toleranzbuendnis.de\/wp-content\/uploads\/2015\/01\/141010_BTB_MANEO_Handout_page88_image273-150x113.jpg 150w, https:\/\/berliner-toleranzbuendnis.de\/wp-content\/uploads\/2015\/01\/141010_BTB_MANEO_Handout_page88_image273.jpg 643w\" sizes=\"auto, (max-width: 300px) 100vw, 300px\" \/><\/a><p id=\"caption-attachment-593\" class=\"wp-caption-text\">Im B\u00fcro des B\u00fcrgermeisters von Milwaukee (v.l.n.r.): Terry Perry, Manager, Office of Violence Prevention, Jennifer Gonda, City of Milwaukee, Senior Legislative Fiscal Manager, Bastian Finke, MANEO.<\/p><\/div>\n<p>Studienreise durch sieben Metropolen in den USA<br \/>\nDie Spende einer Privatperson trug dazu bei, dass MANEO-Projektleiter Bas-tian Finke im Herbst 2010 einen seit vielen Jahren gehegten Wunsch realisie-ren konnte: eine Studienreise durch die USA. Die Studienreise, die organisatorisch durch die \u201eNational Coalition of Anti Violence Programs\u201c in den USA begleitet worden war, wurde von der Berliner Senatskanzlei ausdr\u00fccklich begr\u00fc\u00dft. Der Regierende B\u00fcrgermeister von Berlin Klaus Wowereit unterst\u00fctzte die Reise mit einem Begleitschreiben und erkl\u00e4rte Bastian Finke zum Repr\u00e4sentanten Berlins.<br \/>\n\u201aHate Crime Laws\u2019 wurden in den USA entwickelt und besitzen hier eine ausge-pr\u00e4gte Geschichte. Seit den spektakul\u00e4ren T\u00f6tungsverbrechen an zwei schwulen M\u00e4nnern 1998 in den USA hatte sich Ende der 90er Jahre eine Gesetzesreformini-tiative mit ihren Namen und der Forderung verbunden, Hassverbrechen gegen die sexuelle Orientierung ebenso mit einer Straferh\u00f6hung zu versehen wie dies bereits bei Hasskriminalit\u00e4t aufgrund der Rasse, Hautfarbe, Religion, Nationalit\u00e4t oder Herkunftsland in den USA der Fall war. Der \u201aMatthew Shepard and James Byrd, Jr. Hate Crimes Prevention Act\u2019 wurde schlie\u00dflich 2009, nach zehn Jahren politischen Tauziehens, von Pr\u00e4sident Barack Obama unterzeichnet.<\/p>\n<p>&nbsp;<\/p>\n<div id=\"attachment_594\" style=\"width: 310px\" class=\"wp-caption alignright\"><a href=\"http:\/\/berliner-toleranzbuendnis.de\/wp-content\/uploads\/2015\/01\/141010_BTB_MANEO_Handout_page88_image272.jpg\"><img loading=\"lazy\" decoding=\"async\" aria-describedby=\"caption-attachment-594\" class=\"size-medium wp-image-594\" src=\"http:\/\/berliner-toleranzbuendnis.de\/wp-content\/uploads\/2015\/01\/141010_BTB_MANEO_Handout_page88_image272-300x225.jpg\" alt=\"Im B\u00fcro des B\u00fcrgermeisters von San Francisco (v.l.n.r.): Steve Kawa, Chief of Staff, Jennifer Thompson, SFPD, Community Relations, Bastian Finke, MANEO\" width=\"300\" height=\"225\" srcset=\"https:\/\/berliner-toleranzbuendnis.de\/wp-content\/uploads\/2015\/01\/141010_BTB_MANEO_Handout_page88_image272-300x225.jpg 300w, https:\/\/berliner-toleranzbuendnis.de\/wp-content\/uploads\/2015\/01\/141010_BTB_MANEO_Handout_page88_image272-200x150.jpg 200w, https:\/\/berliner-toleranzbuendnis.de\/wp-content\/uploads\/2015\/01\/141010_BTB_MANEO_Handout_page88_image272-150x113.jpg 150w, https:\/\/berliner-toleranzbuendnis.de\/wp-content\/uploads\/2015\/01\/141010_BTB_MANEO_Handout_page88_image272.jpg 601w\" sizes=\"auto, (max-width: 300px) 100vw, 300px\" \/><\/a><p id=\"caption-attachment-594\" class=\"wp-caption-text\">Im B\u00fcro des B\u00fcrgermeisters von San Francisco (v.l.n.r.): Steve Kawa, Chief of Staff, Jennifer Thompson, SFPD, Community Relations, Bastian Finke, MANEO<\/p><\/div>\n<p>Die 17t\u00e4gige Studienreise dauerte vom 24.10. bis zum 09.11.2010. Auf dem Programm standen Gespr\u00e4che und Begegnungen mit \u00fcber 60 VertreterInnen von 40 LGBT- Organisationen, Anti-Gewalt- Projekten, Polizei, Staatsanwaltschaft und Stadtverwaltung in sieben St\u00e4dten: Chicago, Milwaukee, Denver, Laramie, San Francisco, Los Angeles\/ Hollywood- West und New York. Die Gespr\u00e4che unterst\u00fctzen den Erfahrungsaustausch und internationale Kooperationen von MANEO.<\/p>\n","protected":false},"excerpt":{"rendered":"<p>10.06.2013: Bastian Finke spricht auf Europ\u00e4ischer Konferenz in Edinburgh Standards in Europa unterst\u00fctzen Opferschutz Unter dem Motto \u201eHilfe f\u00fcr Kriminalit\u00e4tsopfer in Europa\u201c tagte vom 30.05. bis zum 31.05.2013 der Dachverband der europ\u00e4ischen Opferhilfen \u201eVictim Support Europe\u201c (VSE) in Edinburgh. Prominente Teilnehmerin der Konferenz war Prinzessin Anne Mountbatten-Windsor, Tochter von K\u00f6nigin \u2026<\/p>\n<p class=\"continue-reading-button\"> <a class=\"continue-reading-link\" href=\"https:\/\/berliner-toleranzbuendnis.de\/?page_id=582\">&gt;&gt; Mehr<i class=\"crycon-right-dir\"><\/i><\/a><\/p>\n","protected":false},"author":1,"featured_media":0,"parent":108,"menu_order":4,"comment_status":"closed","ping_status":"closed","template":"","meta":{"footnotes":""},"class_list":["post-582","page","type-page","status-publish","hentry"],"_links":{"self":[{"href":"https:\/\/berliner-toleranzbuendnis.de\/index.php?rest_route=\/wp\/v2\/pages\/582","targetHints":{"allow":["GET"]}}],"collection":[{"href":"https:\/\/berliner-toleranzbuendnis.de\/index.php?rest_route=\/wp\/v2\/pages"}],"about":[{"href":"https:\/\/berliner-toleranzbuendnis.de\/index.php?rest_route=\/wp\/v2\/types\/page"}],"author":[{"embeddable":true,"href":"https:\/\/berliner-toleranzbuendnis.de\/index.php?rest_route=\/wp\/v2\/users\/1"}],"replies":[{"embeddable":true,"href":"https:\/\/berliner-toleranzbuendnis.de\/index.php?rest_route=%2Fwp%2Fv2%2Fcomments&post=582"}],"version-history":[{"count":9,"href":"https:\/\/berliner-toleranzbuendnis.de\/index.php?rest_route=\/wp\/v2\/pages\/582\/revisions"}],"predecessor-version":[{"id":663,"href":"https:\/\/berliner-toleranzbuendnis.de\/index.php?rest_route=\/wp\/v2\/pages\/582\/revisions\/663"}],"up":[{"embeddable":true,"href":"https:\/\/berliner-toleranzbuendnis.de\/index.php?rest_route=\/wp\/v2\/pages\/108"}],"wp:attachment":[{"href":"https:\/\/berliner-toleranzbuendnis.de\/index.php?rest_route=%2Fwp%2Fv2%2Fmedia&parent=582"}],"curies":[{"name":"wp","href":"https:\/\/api.w.org\/{rel}","templated":true}]}}