{"id":561,"date":"2015-01-17T16:49:44","date_gmt":"2015-01-17T16:49:44","guid":{"rendered":"http:\/\/berliner-toleranzbuendnis.de\/?page_id=561"},"modified":"2015-01-17T16:54:38","modified_gmt":"2015-01-17T16:54:38","slug":"tel-aviv-israel","status":"publish","type":"page","link":"https:\/\/berliner-toleranzbuendnis.de\/?page_id=561","title":{"rendered":"Tel Aviv (Israel)"},"content":{"rendered":"<p><span style=\"text-decoration: underline;\">07.08.2012: Gedenken an die Opfer des Anschlags auf die \u201eBar Noar\u201c <\/span><br \/>\n<strong>Bastian Finke spricht auf Abschlusskundgebung in Tel Aviv \u2013 <\/strong><strong>\u201eReport-Center\u201c nach Vorbild von MANEO er\u00f6ffnet<br \/>\n<\/strong><\/p>\n<div id=\"attachment_562\" style=\"width: 234px\" class=\"wp-caption alignleft\"><a href=\"http:\/\/berliner-toleranzbuendnis.de\/wp-content\/uploads\/2015\/01\/141010_BTB_MANEO_Handout_page88_image247.jpg\"><img loading=\"lazy\" decoding=\"async\" aria-describedby=\"caption-attachment-562\" class=\"size-medium wp-image-562\" src=\"http:\/\/berliner-toleranzbuendnis.de\/wp-content\/uploads\/2015\/01\/141010_BTB_MANEO_Handout_page88_image247-224x300.jpg\" alt=\"04.08.2012: \u201eEs ist eine Ehre, hier sprechen zu d\u00fcrfen\u201c, so MANEO-Leiter Bastian Finke auf der Gedenkkundgebung im Meir Park in Tel Aviv vor 6.000 Menschen spricht. (Foto: Shirley Kowalski)\" width=\"224\" height=\"300\" srcset=\"https:\/\/berliner-toleranzbuendnis.de\/wp-content\/uploads\/2015\/01\/141010_BTB_MANEO_Handout_page88_image247-224x300.jpg 224w, https:\/\/berliner-toleranzbuendnis.de\/wp-content\/uploads\/2015\/01\/141010_BTB_MANEO_Handout_page88_image247-112x150.jpg 112w, https:\/\/berliner-toleranzbuendnis.de\/wp-content\/uploads\/2015\/01\/141010_BTB_MANEO_Handout_page88_image247.jpg 458w\" sizes=\"auto, (max-width: 224px) 100vw, 224px\" \/><\/a><p id=\"caption-attachment-562\" class=\"wp-caption-text\">04.08.2012: \u201eEs ist eine Ehre, hier sprechen zu d\u00fcrfen\u201c, so MANEO-Leiter Bastian Finke auf der Gedenkkundgebung im Meir Park in Tel Aviv vor 6.000 Menschen spricht. (Foto: Shirley Kowalski)<\/p><\/div>\n<p><strong>Am 1. August 2009 schoss ein maskierter Mann im Jugendtreffpunkt \u201eBar Noar\u201c auf schwule und lesbische Jugendliche, t\u00f6tete Nir Katz (26) und Liz Trubeshi (16) und verletzte f\u00fcnfzehn weitere. In Gedenken an den Anschlag fanden in Israel mehrere Veranstaltungen statt, am 4. August eine \u00f6ffentliche Kundgebung in Tel Aviv, an der 6.000 Menschen teilnahmen.<\/strong><\/p>\n<p>&nbsp;<\/p>\n<p>&nbsp;<\/p>\n<p>&nbsp;<\/p>\n<p>&nbsp;<\/p>\n<p>&nbsp;<\/p>\n<p>&nbsp;<\/p>\n<p>&nbsp;<\/p>\n<p>&nbsp;<\/p>\n<p>&nbsp;<\/p>\n<div id=\"attachment_563\" style=\"width: 310px\" class=\"wp-caption alignright\"><a href=\"http:\/\/berliner-toleranzbuendnis.de\/wp-content\/uploads\/2015\/01\/141010_BTB_MANEO_Handout_page88_image246.jpg\"><img loading=\"lazy\" decoding=\"async\" aria-describedby=\"caption-attachment-563\" class=\"size-medium wp-image-563\" src=\"http:\/\/berliner-toleranzbuendnis.de\/wp-content\/uploads\/2015\/01\/141010_BTB_MANEO_Handout_page88_image246-300x193.jpg\" alt=\"Auch Judy Shepard sprach auf der Kundgebung; (v.l.n.r.) Sharon Ram, Judy Shepard, Bastian Finke, Sharon Jaegermann (Agudah). Foto MANEO.\" width=\"300\" height=\"193\" srcset=\"https:\/\/berliner-toleranzbuendnis.de\/wp-content\/uploads\/2015\/01\/141010_BTB_MANEO_Handout_page88_image246-300x193.jpg 300w, https:\/\/berliner-toleranzbuendnis.de\/wp-content\/uploads\/2015\/01\/141010_BTB_MANEO_Handout_page88_image246-233x150.jpg 233w, https:\/\/berliner-toleranzbuendnis.de\/wp-content\/uploads\/2015\/01\/141010_BTB_MANEO_Handout_page88_image246-150x96.jpg 150w, https:\/\/berliner-toleranzbuendnis.de\/wp-content\/uploads\/2015\/01\/141010_BTB_MANEO_Handout_page88_image246.jpg 569w\" sizes=\"auto, (max-width: 300px) 100vw, 300px\" \/><\/a><p id=\"caption-attachment-563\" class=\"wp-caption-text\">Auch Judy Shepard sprach auf der Kundgebung; (v.l.n.r.) Sharon Ram, Judy Shepard, Bastian Finke, Sharon Jaegermann (Agudah). Foto MANEO.<\/p><\/div>\n<p>Auf der abendlichen Kundgebung im Meir Park in Tel Aviv bekundeten Politiker und prominente G\u00e4ste in bewegenden Reden und Gesten ihre anhaltende Anteilnahme und Solidarit\u00e4t mit den Betroffenen. Sie ermutigte die Menschen, sich mit Kraft und Kontinuit\u00e4t weiter f\u00fcr Toleranz, Respekt und Gleichberechtigung in den Gesellschaften einzusetzen und sich nicht zur\u00fcck zu ziehen. Zu den Rednerinnen und Rednern z\u00e4hlten <strong>Tzipi Livni<\/strong>, ehemalige israelische Au\u00dfenministerin, <strong>Ron Huldai<\/strong>, B\u00fcrgermeister der Stadt Tel Aviv, <strong>Nitzan Horowitz<\/strong> (Meretz), einziger offener schwuler Abgeordneter in der Knesset, <strong>Ayala Katz<\/strong>, Mutter des ermordeten Nir Katz (26), und <strong>Judy Shepard,<\/strong> Mutter von Matthew (22), der 1998 in Laramie (Wyoming) ermordet worden war. Das Verbrechen hatte zu gro\u00dfer Anteilnahme und Solidarit\u00e4t in den USA gef\u00fchrt, 2009 zu dem nach ihm mitbenannten \u201eMatthew Shepard and James Byrd, Jr. Hate Crimes Prevention Act\u201c, demzufolge in den USA nunmehr auch Hassverbrechen gegen die sexuelle Orientierung h\u00f6her bestraft werden. Bastian Finke, Leiter von MANEO, \u00fcberbrachte in seiner Rede Gr\u00fc\u00dfe des Regierenden B\u00fcrgermeister von Berlin, Klaus Wowereit, und der B\u00fcrgermeisterin aus K\u00f6ln, Elfi Scho-Antwerpes. Auf seine Initiative waren im Sommer 2010 Jugendliche, die den Anschlag auf die \u201aBar Noar\u2018 \u00fcberlebt hatten, zu Ferien und Erholung nach Berlin eingeladen worden.<\/p>\n<p><strong>\u00d6ffentliche Unterst\u00fctzung f\u00fcr das neue \u201eReport-Center\u201c<\/strong><\/p>\n<p>\u201eDie Idee und Anregung f\u00fcr das neue \u201aReport Center\u2018 haben wir in MANEO gefunden\u201c, so Shai Deutsch, Vorsitzender des Vereins Agudah, der auf einem Empfang am 31.07.2012 im Hotel Brown in Tel Aviv unter den etwa 200 G\u00e4sten den Pr\u00e4sidenten der Knesset, Rubi Rivlin (Likud), den Botschafter Deutschlands, Andreas Michaelis, und den Polizeichef von Tel Aviv, Aharon Aksol, begr\u00fc\u00dfte. Mit dem neuen \u201aReport Center\u2018, das den Namen von Nir Katz tragen wird, sollen s\u00e4mtliche Vorf\u00e4lle homophober und trans*phober Gewalt in Israel erfasst und ausgewertet werden.<\/p>\n<hr \/>\n<p><span style=\"text-decoration: underline;\">26.08.2010: MANEO organisierte die \u201eRegenbogenbr\u00fccke\u201c:<\/span><\/p>\n<p><strong>Anschlagsopfer zur Erholung in Berlin<\/strong><\/p>\n<p><strong>Ein Jahr nach dem Anschlag auf den LSBT* Jugendtreffpunkt \u201aBar Noar\u2018 in Tel Aviv organisierte MANEO mit einem Unterst\u00fctzerkreis im Sommer 2010 die \u201eRegenbogenbr\u00fccke\u201c. Elf Jugendliche, die den Anschlag \u00fcberlebt hatten, wurden zu zwei Wochen Ferien nach Berlin eingeladen.<\/strong><\/p>\n<div id=\"attachment_572\" style=\"width: 310px\" class=\"wp-caption alignright\"><a href=\"http:\/\/berliner-toleranzbuendnis.de\/wp-content\/uploads\/2015\/01\/141010_BTB_MANEO_Handout_page88_image251.jpg\"><img loading=\"lazy\" decoding=\"async\" aria-describedby=\"caption-attachment-572\" class=\"size-medium wp-image-572\" src=\"http:\/\/berliner-toleranzbuendnis.de\/wp-content\/uploads\/2015\/01\/141010_BTB_MANEO_Handout_page88_image251-300x185.jpg\" alt=\"6. Juni 2011: Gegenbesuch in Tel Aviv: Unter Leitung von MANEO reiste im Juni 2011 eine 18-k\u00f6pfige Delegation aus Berlin und K\u00f6ln zu einem achtt\u00e4gigen Gegenbesuch nach Tel Aviv, unter ihnen eine partei\u00fcbergreifende Delegation des Berliner Abgeordnetenhauses.\" width=\"300\" height=\"185\" srcset=\"https:\/\/berliner-toleranzbuendnis.de\/wp-content\/uploads\/2015\/01\/141010_BTB_MANEO_Handout_page88_image251-300x185.jpg 300w, https:\/\/berliner-toleranzbuendnis.de\/wp-content\/uploads\/2015\/01\/141010_BTB_MANEO_Handout_page88_image251-243x150.jpg 243w, https:\/\/berliner-toleranzbuendnis.de\/wp-content\/uploads\/2015\/01\/141010_BTB_MANEO_Handout_page88_image251-150x93.jpg 150w, https:\/\/berliner-toleranzbuendnis.de\/wp-content\/uploads\/2015\/01\/141010_BTB_MANEO_Handout_page88_image251.jpg 743w\" sizes=\"auto, (max-width: 300px) 100vw, 300px\" \/><\/a><p id=\"caption-attachment-572\" class=\"wp-caption-text\">6. Juni 2011: Gegenbesuch in Tel Aviv: Unter Leitung von MANEO reiste im Juni 2011 eine 18-k\u00f6pfige Delegation aus Berlin und K\u00f6ln zu einem achtt\u00e4gigen Gegenbesuch nach Tel Aviv, unter ihnen eine partei\u00fcbergreifende Delegation des Berliner Abgeordnetenhauses.<\/p><\/div>\n<p>Bastian Finke, Leiter von MANEO, hatte die die Erholungsreise initiiert und gemeinsam mit Tom Schreiber die \u201aRegenbogenbr\u00fccke\u2018 gegr\u00fcndet. Vom 20. und 31. August 2010 wurden elf Jugendliche, die den Anschlag in Tel Aviv \u00fcberlebt hatten, sowie die Mutter des ermordeten Nir Katz zu zwei Wochen Ferien nach Berlin eingeladen. Gemeinsam mit Berliner Jugendlichen erlebten sie unvergessene Tage, mit Besuchen von Berliner Sehensw\u00fcrdigkeiten, als G\u00e4ste im Polizeipr\u00e4sidium, im Abgeordnetenhaus, im Friedrichstadt-Palast, Wintergarten und Tipi. Ein Ausflug nach Potsdam stand ebenso auf dem Programm wie ein dreit\u00e4giger Kurzaufenthalt in K\u00f6ln. Die \u201eRegenbogenbr\u00fccke\u201c wurde von zahlreichen prominenten Pers\u00f6nlichkeiten unterst\u00fctzt, zu denen der Regierende B\u00fcrgermeister von Berlin, Klaus Wowereit, der B\u00fcrgermeister von Tel Aviv-Yafo, Ron Huldai, der Oberb\u00fcrgermeister der Stadt K\u00f6ln, J\u00fcrgen Roters, die B\u00fcrgermeisterin der Stadt K\u00f6ln, Elfi Scho-Antwerpes und der Pr\u00e4sident des Berliner Abgeordnetenhauses von Berlin Walter Momper z\u00e4hlten.<\/p>\n","protected":false},"excerpt":{"rendered":"<p>07.08.2012: Gedenken an die Opfer des Anschlags auf die \u201eBar Noar\u201c Bastian Finke spricht auf Abschlusskundgebung in Tel Aviv \u2013 \u201eReport-Center\u201c nach Vorbild von MANEO er\u00f6ffnet Am 1. August 2009 schoss ein maskierter Mann im Jugendtreffpunkt \u201eBar Noar\u201c auf schwule und lesbische Jugendliche, t\u00f6tete Nir Katz (26) und Liz Trubeshi \u2026<\/p>\n<p class=\"continue-reading-button\"> <a class=\"continue-reading-link\" href=\"https:\/\/berliner-toleranzbuendnis.de\/?page_id=561\">&gt;&gt; Mehr<i class=\"crycon-right-dir\"><\/i><\/a><\/p>\n","protected":false},"author":1,"featured_media":0,"parent":108,"menu_order":0,"comment_status":"closed","ping_status":"closed","template":"","meta":{"footnotes":""},"class_list":["post-561","page","type-page","status-publish","hentry"],"_links":{"self":[{"href":"https:\/\/berliner-toleranzbuendnis.de\/index.php?rest_route=\/wp\/v2\/pages\/561","targetHints":{"allow":["GET"]}}],"collection":[{"href":"https:\/\/berliner-toleranzbuendnis.de\/index.php?rest_route=\/wp\/v2\/pages"}],"about":[{"href":"https:\/\/berliner-toleranzbuendnis.de\/index.php?rest_route=\/wp\/v2\/types\/page"}],"author":[{"embeddable":true,"href":"https:\/\/berliner-toleranzbuendnis.de\/index.php?rest_route=\/wp\/v2\/users\/1"}],"replies":[{"embeddable":true,"href":"https:\/\/berliner-toleranzbuendnis.de\/index.php?rest_route=%2Fwp%2Fv2%2Fcomments&post=561"}],"version-history":[{"count":10,"href":"https:\/\/berliner-toleranzbuendnis.de\/index.php?rest_route=\/wp\/v2\/pages\/561\/revisions"}],"predecessor-version":[{"id":575,"href":"https:\/\/berliner-toleranzbuendnis.de\/index.php?rest_route=\/wp\/v2\/pages\/561\/revisions\/575"}],"up":[{"embeddable":true,"href":"https:\/\/berliner-toleranzbuendnis.de\/index.php?rest_route=\/wp\/v2\/pages\/108"}],"wp:attachment":[{"href":"https:\/\/berliner-toleranzbuendnis.de\/index.php?rest_route=%2Fwp%2Fv2%2Fmedia&parent=561"}],"curies":[{"name":"wp","href":"https:\/\/api.w.org\/{rel}","templated":true}]}}