{"id":55,"date":"2015-01-08T22:36:45","date_gmt":"2015-01-08T22:36:45","guid":{"rendered":"http:\/\/localhost\/wordpress\/?page_id=55"},"modified":"2015-03-20T11:01:11","modified_gmt":"2015-03-20T11:01:11","slug":"vorzuege-und-moeglichkeiten","status":"publish","type":"page","link":"https:\/\/berliner-toleranzbuendnis.de\/?page_id=55","title":{"rendered":"Vorz\u00fcge und M\u00f6glichkeiten"},"content":{"rendered":"<p><strong>Welche M\u00f6glichkeiten er\u00f6ffnet das Berliner Toleranzb\u00fcndnis?<\/strong><\/p>\n<p><strong>Wie \u2013 und wobei \u2013 kann ich mitmachen?<\/strong><\/p>\n<ul>\n<li><strong><span style=\"text-decoration: underline;\">Regelm\u00e4\u00dfige Informationen<\/span><\/strong><\/li>\n<\/ul>\n<p>Alle B\u00fcndnispartner werden \u00fcber die <strong>MANEO-News<\/strong> vernetzt, erhalten schnell und unkompliziert wichtige Neuigkeiten zu MANEO und zum \u201aBerliner Toleranzb\u00fcndnis\u2018 per E-Mail.<\/p>\n<p>Wir informieren rechtzeitig \u00fcber geplante oder bevorstehende Aktionen (wie z.B. Kampagnen und Events) und laden zur Teilnahme ein.<\/p>\n<p>Jeweils zum Jahresende versenden wir einen Bericht und informieren \u00fcber die Erfolge unserer gemeinsamen Ma\u00dfnahmen und unseres Netzwerkes.<\/p>\n<p>Alle MANEO-News sind \u00fcbrigens ver\u00f6ffentlicht unter: <a href=\"http:\/\/www.maneo.de\/presse.html\">http:\/\/www.maneo.de\/presse.html<\/a><\/p>\n<ul>\n<li><strong><span style=\"text-decoration: underline;\">\u00d6ffentlichkeitswirksame Aktionen (siehe: Beispiele)<\/span><\/strong><\/li>\n<\/ul>\n<p>Alle B\u00fcndnispartner k\u00f6nnen sich im Rahmen ihrer jeweiligen M\u00f6glichkeiten <strong>\u2013 freiwillig \u2013<\/strong> an Aktionen von MANEO beteiligen. Beispielhafte Aktionen werden nachfolgend vorgestellt. Der Kreativit\u00e4t sind keine Grenzen gesetzt: jeder kann weitere Initiativen und Aktionen vorschlagen.<\/p>\n<ul>\n<li><strong><span style=\"text-decoration: underline;\">B\u00fcndnispartner treffen, Danksagung und Charity-Dinner<\/span><\/strong><\/li>\n<\/ul>\n<p>Einmal im Jahr l\u00e4dt MANEO alle seine <strong>B\u00fcndnispartner<\/strong> zu einem Empfang ins Rathaus Sch\u00f6neberg ein, au\u00dferdem mit prominenter Unterst\u00fctzung zu einem Charity-Gala Event.<\/p>\n<p><strong><span style=\"text-decoration: underline;\">Auch eine Mitgliedschaft im MANEO-Club ist m\u00f6glich<\/span><\/strong><\/p>\n<p>Wenn uns Menschen mit einer gro\u00dfz\u00fcgigen Spende unterst\u00fctzen, m\u00f6chten wir uns auf besondere Weise bedanken und ihr Engagement sichtbar w\u00fcrdigen. Aus diesem Grund haben wir, unabh\u00e4ngig vom Berliner Toleranzb\u00fcndnis, den \u201eMANEO-Club\u201c gegr\u00fcndet. Mit dem MANEO-Club werden Ziele und Aufgaben von MANEO finanziell unterst\u00fctzt und gef\u00f6rdert.<\/p>\n<p>&nbsp;<\/p>\n<h3>Jedes Mitglied erh\u00e4lt eine Beitritts-Urkunde<\/h3>\n<p>Jedem Mitglied des \u201aBerliner Toleranzb\u00fcndnisses\u2018 wird eine Beitritts-Urkunde \u00fcberreicht. Der Text ist auf Deutsch und Englisch.<\/p>\n<p><a href=\"http:\/\/berliner-toleranzbuendnis.de\/wp-content\/uploads\/2015\/01\/141010_BTB_MANEO_Handout_page88_image72.jpg\"><img loading=\"lazy\" decoding=\"async\" class=\"alignnone wp-image-56 size-large\" src=\"http:\/\/berliner-toleranzbuendnis.de\/wp-content\/uploads\/2015\/01\/141010_BTB_MANEO_Handout_page88_image72-709x1024.jpg\" alt=\"\" width=\"709\" height=\"1024\" srcset=\"https:\/\/berliner-toleranzbuendnis.de\/wp-content\/uploads\/2015\/01\/141010_BTB_MANEO_Handout_page88_image72-709x1024.jpg 709w, https:\/\/berliner-toleranzbuendnis.de\/wp-content\/uploads\/2015\/01\/141010_BTB_MANEO_Handout_page88_image72-208x300.jpg 208w, https:\/\/berliner-toleranzbuendnis.de\/wp-content\/uploads\/2015\/01\/141010_BTB_MANEO_Handout_page88_image72.jpg 866w\" sizes=\"auto, (max-width: 709px) 100vw, 709px\" \/><\/a><\/p>\n","protected":false},"excerpt":{"rendered":"<p>Welche M\u00f6glichkeiten er\u00f6ffnet das Berliner Toleranzb\u00fcndnis? Wie \u2013 und wobei \u2013 kann ich mitmachen? Regelm\u00e4\u00dfige Informationen Alle B\u00fcndnispartner werden \u00fcber die MANEO-News vernetzt, erhalten schnell und unkompliziert wichtige Neuigkeiten zu MANEO und zum \u201aBerliner Toleranzb\u00fcndnis\u2018 per E-Mail. Wir informieren rechtzeitig \u00fcber geplante oder bevorstehende Aktionen (wie z.B. Kampagnen und Events) \u2026<\/p>\n<p class=\"continue-reading-button\"> <a class=\"continue-reading-link\" href=\"https:\/\/berliner-toleranzbuendnis.de\/?page_id=55\">&gt;&gt; Mehr<i class=\"crycon-right-dir\"><\/i><\/a><\/p>\n","protected":false},"author":1,"featured_media":0,"parent":0,"menu_order":4,"comment_status":"closed","ping_status":"open","template":"","meta":{"footnotes":""},"class_list":["post-55","page","type-page","status-publish","hentry"],"_links":{"self":[{"href":"https:\/\/berliner-toleranzbuendnis.de\/index.php?rest_route=\/wp\/v2\/pages\/55","targetHints":{"allow":["GET"]}}],"collection":[{"href":"https:\/\/berliner-toleranzbuendnis.de\/index.php?rest_route=\/wp\/v2\/pages"}],"about":[{"href":"https:\/\/berliner-toleranzbuendnis.de\/index.php?rest_route=\/wp\/v2\/types\/page"}],"author":[{"embeddable":true,"href":"https:\/\/berliner-toleranzbuendnis.de\/index.php?rest_route=\/wp\/v2\/users\/1"}],"replies":[{"embeddable":true,"href":"https:\/\/berliner-toleranzbuendnis.de\/index.php?rest_route=%2Fwp%2Fv2%2Fcomments&post=55"}],"version-history":[{"count":9,"href":"https:\/\/berliner-toleranzbuendnis.de\/index.php?rest_route=\/wp\/v2\/pages\/55\/revisions"}],"predecessor-version":[{"id":847,"href":"https:\/\/berliner-toleranzbuendnis.de\/index.php?rest_route=\/wp\/v2\/pages\/55\/revisions\/847"}],"wp:attachment":[{"href":"https:\/\/berliner-toleranzbuendnis.de\/index.php?rest_route=%2Fwp%2Fv2%2Fmedia&parent=55"}],"curies":[{"name":"wp","href":"https:\/\/api.w.org\/{rel}","templated":true}]}}