{"id":546,"date":"2015-01-16T22:50:14","date_gmt":"2015-01-16T22:50:14","guid":{"rendered":"http:\/\/berliner-toleranzbuendnis.de\/?page_id=546"},"modified":"2015-01-17T16:43:58","modified_gmt":"2015-01-17T16:43:58","slug":"546-2","status":"publish","type":"page","link":"https:\/\/berliner-toleranzbuendnis.de\/?page_id=546","title":{"rendered":"Aktion \u201eStolpersteine\u201c"},"content":{"rendered":"<p><span style=\"text-decoration: underline;\">05.08.2011: MANEO unterst\u00fctzt die Aktion \u201eStolpersteine\u201c in Berlin<\/span><\/p>\n<p><strong>\u201eStolperstein\u201c f\u00fcr Otto Hampel<\/strong><\/p>\n<p><strong>Am 05. August wurden zwei neue Stolpersteine f\u00fcr ermordete schwule M\u00e4nner in Sch\u00f6neberg eingeweiht. In der Motzstr. 30 wurde ein Stein dem von den Nazis ermordeten Otto Hampel gewidmet, in der Motzstra\u00dfe 9 ein weiterer Stein f\u00fcr Albrecht von Krosigk. MANEO begleitet die Initiative und k\u00fcndigt an, weitere Stolpersteine in Sch\u00f6neberg zu verlegen.<\/strong><\/p>\n<div id=\"attachment_547\" style=\"width: 310px\" class=\"wp-caption alignleft\"><a href=\"http:\/\/berliner-toleranzbuendnis.de\/wp-content\/uploads\/2015\/01\/141010_BTB_MANEO_Handout_page88_image230.jpg\"><img loading=\"lazy\" decoding=\"async\" aria-describedby=\"caption-attachment-547\" class=\"size-medium wp-image-547\" src=\"http:\/\/berliner-toleranzbuendnis.de\/wp-content\/uploads\/2015\/01\/141010_BTB_MANEO_Handout_page88_image230-300x225.jpg\" alt=\"Stolperstein f\u00fcr Otto Hampel im Sch\u00f6neberger \u201eRegenbogenkiez\u201c, vor dem Eingang Motzstra\u00dfe 30 (Foto: MANEO).\" width=\"300\" height=\"225\" srcset=\"https:\/\/berliner-toleranzbuendnis.de\/wp-content\/uploads\/2015\/01\/141010_BTB_MANEO_Handout_page88_image230-300x225.jpg 300w, https:\/\/berliner-toleranzbuendnis.de\/wp-content\/uploads\/2015\/01\/141010_BTB_MANEO_Handout_page88_image230-200x150.jpg 200w, https:\/\/berliner-toleranzbuendnis.de\/wp-content\/uploads\/2015\/01\/141010_BTB_MANEO_Handout_page88_image230-150x112.jpg 150w, https:\/\/berliner-toleranzbuendnis.de\/wp-content\/uploads\/2015\/01\/141010_BTB_MANEO_Handout_page88_image230.jpg 677w\" sizes=\"auto, (max-width: 300px) 100vw, 300px\" \/><\/a><p id=\"caption-attachment-547\" class=\"wp-caption-text\">Stolperstein f\u00fcr Otto Hampel im Sch\u00f6neberger \u201eRegenbogenkiez\u201c, vor dem Eingang Motzstra\u00dfe 30 (Foto: MANEO).<\/p><\/div>\n<p>Zwei Berlinern, die wegen ihrer sexuellen Orientierung jahrelang in Haft sa\u00dfen und schlie\u00dflich von den Nationalsozialisten ermordet wurden, wurde heute mit einem Stolperstein vor ihrem letzten Wohnort in der Motzstr. 30 und Motzstra\u00dfe 9 in Berlin-Sch\u00f6neberg gedacht.<\/p>\n<p>Otto Hampel, der am 14. Mai 1895 in Breslau zur Welt kam, wurde 1937 zusammen mit seinem Freund von der Gestapo festgenommen. Das Amtsgericht Berlin verurteilte ihn wegen \u201efortgesetzten Vergehens gegen \u00a7 175 Reichsstrafgesetzbuch&#8221; zu einer Haftstrafe. Nach seiner Entlassung aus der Haft wurde Otto Hampel willk\u00fcrlich und ungerechtfertigt in eine psychiatrische Anstalt eingewiesen. Mehr als zwei Jahre lang versuchte er, durch mehrere Entlassungsantr\u00e4ge seine Freiheit wiederzuerlangen. Am 30. M\u00e4rz 1940 wurde Otto Hampel im Alter von 44 Jahren in der T\u00f6tungsanstalt Brandenburg ermordet.<\/p>\n<p>Albrecht von Krosigk wurde am 14. Dezember 1892 in Gnesen geboren. Mehrfach wurde er von den Nationalsozialisten wegen des Versto\u00dfes gegen \u00a7 175 StGB in sog. \u201eSchutzhaft\u201c genommen. Nach einem Aufenthalt im Konzentrationslager Fuhlsb\u00fcttel wurde Albrecht von Krosigk entm\u00fcndigt und der Prozess vor dem Landgericht Berlin gemacht, was mit einer Verurteilung zu einem Jahr und acht Monaten Gef\u00e4ngnis mit anschlie\u00dfender Einweisung in eine sog. Heil- und Pflegeanstalt endete. Am 22. Mai 1942 verstarb Albrecht von Krosigk in der Heil- und Pflegeanstalt Bernburg an einer \u201erasch voranschreitenden Lungenentz\u00fcndung\u201c, wobei nicht auszuschlie\u00dfen ist, dass Albrecht von Krosigk einer Euthanasieaktion zum Opfer fiel.<\/p>\n<p>MANEO hat die Aktion zur Verlegung des Stolpersteins begleitet und k\u00fcndigt an, weitere Stolpersteine zu verlegen und daf\u00fcr Patenschaften zu \u00fcbernehmen.<\/p>\n","protected":false},"excerpt":{"rendered":"<p>05.08.2011: MANEO unterst\u00fctzt die Aktion \u201eStolpersteine\u201c in Berlin \u201eStolperstein\u201c f\u00fcr Otto Hampel Am 05. August wurden zwei neue Stolpersteine f\u00fcr ermordete schwule M\u00e4nner in Sch\u00f6neberg eingeweiht. In der Motzstr. 30 wurde ein Stein dem von den Nazis ermordeten Otto Hampel gewidmet, in der Motzstra\u00dfe 9 ein weiterer Stein f\u00fcr Albrecht \u2026<\/p>\n<p class=\"continue-reading-button\"> <a class=\"continue-reading-link\" href=\"https:\/\/berliner-toleranzbuendnis.de\/?page_id=546\">&gt;&gt; Mehr<i class=\"crycon-right-dir\"><\/i><\/a><\/p>\n","protected":false},"author":1,"featured_media":0,"parent":104,"menu_order":5,"comment_status":"closed","ping_status":"closed","template":"","meta":{"footnotes":""},"class_list":["post-546","page","type-page","status-publish","hentry"],"_links":{"self":[{"href":"https:\/\/berliner-toleranzbuendnis.de\/index.php?rest_route=\/wp\/v2\/pages\/546","targetHints":{"allow":["GET"]}}],"collection":[{"href":"https:\/\/berliner-toleranzbuendnis.de\/index.php?rest_route=\/wp\/v2\/pages"}],"about":[{"href":"https:\/\/berliner-toleranzbuendnis.de\/index.php?rest_route=\/wp\/v2\/types\/page"}],"author":[{"embeddable":true,"href":"https:\/\/berliner-toleranzbuendnis.de\/index.php?rest_route=\/wp\/v2\/users\/1"}],"replies":[{"embeddable":true,"href":"https:\/\/berliner-toleranzbuendnis.de\/index.php?rest_route=%2Fwp%2Fv2%2Fcomments&post=546"}],"version-history":[{"count":3,"href":"https:\/\/berliner-toleranzbuendnis.de\/index.php?rest_route=\/wp\/v2\/pages\/546\/revisions"}],"predecessor-version":[{"id":557,"href":"https:\/\/berliner-toleranzbuendnis.de\/index.php?rest_route=\/wp\/v2\/pages\/546\/revisions\/557"}],"up":[{"embeddable":true,"href":"https:\/\/berliner-toleranzbuendnis.de\/index.php?rest_route=\/wp\/v2\/pages\/104"}],"wp:attachment":[{"href":"https:\/\/berliner-toleranzbuendnis.de\/index.php?rest_route=%2Fwp%2Fv2%2Fmedia&parent=546"}],"curies":[{"name":"wp","href":"https:\/\/api.w.org\/{rel}","templated":true}]}}