{"id":541,"date":"2015-01-16T22:47:52","date_gmt":"2015-01-16T22:47:52","guid":{"rendered":"http:\/\/berliner-toleranzbuendnis.de\/?page_id=541"},"modified":"2015-01-16T22:48:08","modified_gmt":"2015-01-16T22:48:08","slug":"22-05-2012-maneo-praesentiert-sein-neustes-buch","status":"publish","type":"page","link":"https:\/\/berliner-toleranzbuendnis.de\/?page_id=541","title":{"rendered":"22.05.2012: MANEO pr\u00e4sentiert sein neustes Buch"},"content":{"rendered":"<p><span style=\"text-decoration: underline;\">22.05.2012: MANEO pr\u00e4sentiert sein neustes Buch<\/span><\/p>\n<p><strong>Einzigartige Geschichten erz\u00e4hlen vom Sch\u00f6neberger Regenbogenkiez der 20er und 30er Jahre<\/strong><\/p>\n<div id=\"attachment_542\" style=\"width: 310px\" class=\"wp-caption alignright\"><a href=\"http:\/\/berliner-toleranzbuendnis.de\/wp-content\/uploads\/2015\/01\/141010_BTB_MANEO_Handout_page88_image225.jpg\"><img loading=\"lazy\" decoding=\"async\" aria-describedby=\"caption-attachment-542\" class=\"size-medium wp-image-542\" src=\"http:\/\/berliner-toleranzbuendnis.de\/wp-content\/uploads\/2015\/01\/141010_BTB_MANEO_Handout_page88_image225-300x198.jpg\" alt=\"MANEO-Soiree (v.l.n.r.): Andreas Pretzel, Autor und Historiker, Martin Reichert, Journalist, taz. Angelika Sch\u00f6ttler, Bezirksb\u00fcrgermeisterin Tempelhof-Sch\u00f6neberg, Bastian Finke, MANEO-Projektleiter und Produzent des MANEO-Lesewerk 2. Foto \u00a9: MANEO.\" width=\"300\" height=\"198\" srcset=\"https:\/\/berliner-toleranzbuendnis.de\/wp-content\/uploads\/2015\/01\/141010_BTB_MANEO_Handout_page88_image225-300x198.jpg 300w, https:\/\/berliner-toleranzbuendnis.de\/wp-content\/uploads\/2015\/01\/141010_BTB_MANEO_Handout_page88_image225-227x150.jpg 227w, https:\/\/berliner-toleranzbuendnis.de\/wp-content\/uploads\/2015\/01\/141010_BTB_MANEO_Handout_page88_image225-150x99.jpg 150w, https:\/\/berliner-toleranzbuendnis.de\/wp-content\/uploads\/2015\/01\/141010_BTB_MANEO_Handout_page88_image225.jpg 684w\" sizes=\"auto, (max-width: 300px) 100vw, 300px\" \/><\/a><p id=\"caption-attachment-542\" class=\"wp-caption-text\">MANEO-Soiree (v.l.n.r.): Andreas Pretzel, Autor und Historiker, Martin Reichert, Journalist, taz. Angelika Sch\u00f6ttler, Bezirksb\u00fcrgermeisterin Tempelhof-Sch\u00f6neberg, Bastian Finke, MANEO-Projektleiter und Produzent des MANEO-Lesewerk 2. Foto \u00a9: MANEO.<\/p><\/div>\n<p><strong>Am 21. Mai pr\u00e4sentierte MANEO sein neustes Lesewerk. An der Soiree nahmen die Bezirksb\u00fcrgermeisterin von Tempelhof-Sch\u00f6ne-berg, Angelika Sch\u00f6ttler, der Autor, Andreas Pretzel und der Produzent, MANEO-Projekt-leiter Bastian Finke, teilnahmen. Moderiert wurde die Veranstaltung von taz-Journalist Martin Reichert. Auf 130 Seiten, zweisprachig in Deutsch und in Englisch verfasst, werden einzigartige Geschichten \u00fcber historische Orte und schillernde Pers\u00f6nlichkeiten des Sch\u00f6neberger Regenbogenkiezes der 20er und 30er Jahre des letzten Jahrhunderts erz\u00e4hlt.<\/strong><\/p>\n<p>Andreas Pretzel: \u201eNirgendwo sonst gab es eine solche Mischung aus einfachen Kneipen, Tanzdielen, mond\u00e4nen Bars und exklusiven Tanzlokalen, wo sich in den 20er und 30er des 20. Jahrhunderts Menschen aus aller Welt trafen\u201c.<\/p>\n<p>\u201eMit dem Geschichtsbuch wollen wir das Selbstbewusstsein von LSBT* in Berlin st\u00e4rken, weil sie das bunte und offene Berlin mit ihren Bars, Veranstaltungen, Organisationen und Netzwerken mitgepr\u00e4gt haben\u201c, so Bastian Finke, der sich seit 22 Jahren im Sch\u00f6neberger Regenbogen-Kiez engagiert.<\/p>\n<p>Der Nazi-Terror bewirkte, dass Ende der 30er Jahre die Lebensvielfalt in Berlin erstarrte, Orte f\u00fcr Schwule, Lesben und Trans*personen schlie\u00dfen mussten, Menschen verfolgt und ermordet wurden.<\/p>\n<p>&nbsp;<\/p>\n<p><a href=\"http:\/\/berliner-toleranzbuendnis.de\/wp-content\/uploads\/2015\/01\/141010_BTB_MANEO_Handout_page88_image226.jpg\"><img loading=\"lazy\" decoding=\"async\" class=\" size-medium wp-image-543 alignright\" src=\"http:\/\/berliner-toleranzbuendnis.de\/wp-content\/uploads\/2015\/01\/141010_BTB_MANEO_Handout_page88_image226-214x300.jpg\" alt=\"\" width=\"214\" height=\"300\" srcset=\"https:\/\/berliner-toleranzbuendnis.de\/wp-content\/uploads\/2015\/01\/141010_BTB_MANEO_Handout_page88_image226-214x300.jpg 214w, https:\/\/berliner-toleranzbuendnis.de\/wp-content\/uploads\/2015\/01\/141010_BTB_MANEO_Handout_page88_image226-107x150.jpg 107w, https:\/\/berliner-toleranzbuendnis.de\/wp-content\/uploads\/2015\/01\/141010_BTB_MANEO_Handout_page88_image226.jpg 370w\" sizes=\"auto, (max-width: 214px) 100vw, 214px\" \/><\/a><\/p>\n<p>\u201eDer Regenbogenkiez stand bisher nicht im Fokus bezirklichen Engagements. Dieser Blick wird sich jedoch auch mit Hilfe des Buchs \u00e4ndern\u201c, so Angelika Sch\u00f6ttler (SPD).<\/p>\n<p>\u201eEs ist bemerkenswert, dass sich die Szene im Kiez am Nollendorfplatz seit \u00fcber 100 Jahre so stabil h\u00e4lt\u201c, so Martin Reichert. Womit das zusammenh\u00e4ngt wird Aufgabe weiterer Recherchen sein. MANEO will Licht ins Dunkel bringen.<\/p>\n","protected":false},"excerpt":{"rendered":"<p>22.05.2012: MANEO pr\u00e4sentiert sein neustes Buch Einzigartige Geschichten erz\u00e4hlen vom Sch\u00f6neberger Regenbogenkiez der 20er und 30er Jahre Am 21. Mai pr\u00e4sentierte MANEO sein neustes Lesewerk. An der Soiree nahmen die Bezirksb\u00fcrgermeisterin von Tempelhof-Sch\u00f6ne-berg, Angelika Sch\u00f6ttler, der Autor, Andreas Pretzel und der Produzent, MANEO-Projekt-leiter Bastian Finke, teilnahmen. Moderiert wurde die Veranstaltung \u2026<\/p>\n<p class=\"continue-reading-button\"> <a class=\"continue-reading-link\" href=\"https:\/\/berliner-toleranzbuendnis.de\/?page_id=541\">&gt;&gt; Mehr<i class=\"crycon-right-dir\"><\/i><\/a><\/p>\n","protected":false},"author":1,"featured_media":0,"parent":104,"menu_order":3,"comment_status":"closed","ping_status":"closed","template":"","meta":{"footnotes":""},"class_list":["post-541","page","type-page","status-publish","hentry"],"_links":{"self":[{"href":"https:\/\/berliner-toleranzbuendnis.de\/index.php?rest_route=\/wp\/v2\/pages\/541","targetHints":{"allow":["GET"]}}],"collection":[{"href":"https:\/\/berliner-toleranzbuendnis.de\/index.php?rest_route=\/wp\/v2\/pages"}],"about":[{"href":"https:\/\/berliner-toleranzbuendnis.de\/index.php?rest_route=\/wp\/v2\/types\/page"}],"author":[{"embeddable":true,"href":"https:\/\/berliner-toleranzbuendnis.de\/index.php?rest_route=\/wp\/v2\/users\/1"}],"replies":[{"embeddable":true,"href":"https:\/\/berliner-toleranzbuendnis.de\/index.php?rest_route=%2Fwp%2Fv2%2Fcomments&post=541"}],"version-history":[{"count":2,"href":"https:\/\/berliner-toleranzbuendnis.de\/index.php?rest_route=\/wp\/v2\/pages\/541\/revisions"}],"predecessor-version":[{"id":545,"href":"https:\/\/berliner-toleranzbuendnis.de\/index.php?rest_route=\/wp\/v2\/pages\/541\/revisions\/545"}],"up":[{"embeddable":true,"href":"https:\/\/berliner-toleranzbuendnis.de\/index.php?rest_route=\/wp\/v2\/pages\/104"}],"wp:attachment":[{"href":"https:\/\/berliner-toleranzbuendnis.de\/index.php?rest_route=%2Fwp%2Fv2%2Fmedia&parent=541"}],"curies":[{"name":"wp","href":"https:\/\/api.w.org\/{rel}","templated":true}]}}