{"id":527,"date":"2015-01-16T22:33:55","date_gmt":"2015-01-16T22:33:55","guid":{"rendered":"http:\/\/berliner-toleranzbuendnis.de\/?page_id=527"},"modified":"2015-01-16T22:33:55","modified_gmt":"2015-01-16T22:33:55","slug":"2013-lichter-im-regenbogenkiez","status":"publish","type":"page","link":"https:\/\/berliner-toleranzbuendnis.de\/?page_id=527","title":{"rendered":"2013: Lichter im Regenbogenkiez"},"content":{"rendered":"<div id=\"attachment_528\" style=\"width: 310px\" class=\"wp-caption alignright\"><a href=\"http:\/\/berliner-toleranzbuendnis.de\/wp-content\/uploads\/2015\/01\/141010_BTB_MANEO_Handout_page88_image216.jpg\"><img loading=\"lazy\" decoding=\"async\" aria-describedby=\"caption-attachment-528\" class=\"size-medium wp-image-528\" src=\"http:\/\/berliner-toleranzbuendnis.de\/wp-content\/uploads\/2015\/01\/141010_BTB_MANEO_Handout_page88_image216-300x199.jpg\" alt=\"06.12.2013: Das verantwortliche kreative Ensemble: Moritz Wermelskirch (Lichtk\u00fcnstler), Martina Schneider (Pink Sch\u00f6neberg) und Bastian Finke (MANEO). Foto: Klaus Huber-Abendroth, \u00a9 Pink Sch\u00f6neberg.\" width=\"300\" height=\"199\" srcset=\"https:\/\/berliner-toleranzbuendnis.de\/wp-content\/uploads\/2015\/01\/141010_BTB_MANEO_Handout_page88_image216-300x199.jpg 300w, https:\/\/berliner-toleranzbuendnis.de\/wp-content\/uploads\/2015\/01\/141010_BTB_MANEO_Handout_page88_image216-226x150.jpg 226w, https:\/\/berliner-toleranzbuendnis.de\/wp-content\/uploads\/2015\/01\/141010_BTB_MANEO_Handout_page88_image216-150x100.jpg 150w, https:\/\/berliner-toleranzbuendnis.de\/wp-content\/uploads\/2015\/01\/141010_BTB_MANEO_Handout_page88_image216.jpg 674w\" sizes=\"auto, (max-width: 300px) 100vw, 300px\" \/><\/a><p id=\"caption-attachment-528\" class=\"wp-caption-text\">06.12.2013: Das verantwortliche kreative Ensemble: Moritz Wermelskirch (Lichtk\u00fcnstler), Martina Schneider (Pink Sch\u00f6neberg) und Bastian Finke (MANEO). Foto: Klaus Huber-Abendroth, \u00a9 Pink Sch\u00f6neberg.<\/p><\/div>\n<p>2013: \u201eLichter im Regenbogenkiez \u2013 Lichter f\u00fcr Toleranz und Vielfalt\u201c<br \/>\nU-Bahnhof Nollendorfplatz in Regenbogenfarben<br \/>\nDie Aktion \u201eLichter im Regenbogenkiez \u2013 Lichter f\u00fcr Toleranz und Vielfalt\u201c will ein Zeichen f\u00fcr gesellschaftliche Vielfalt und Toleranz setzten. Die Aktion beginnt am 6. Dezember 2013 und dauert voraussichtlich zwei Monate. Ein breites B\u00fcndnis unterst\u00fctzt das Vorhaben.<br \/>\nDie Initiative ist eine gemeinsame Aktion, die von MANEO entworfen, von Pink Sch\u00f6neberg e.V. veranstaltet, dem Lichtk\u00fcnstler Moritz Wermelskirch durch-gef\u00fchrt, vom \u201aBerliner Toleranzb\u00fcndnis\u2018, Bezirksamt Tempelhof-Sch\u00f6neberg und BVG gef\u00f6rdert und mit Hilfe von 39 Unternehmen des Sch\u00f6neberger Regenbo-genkiezes erm\u00f6glicht wurde. Die Bezirksb\u00fcrgermeisterin von Tempelhof-Sch\u00f6neberg, Angelika Sch\u00f6ttler, hat f\u00fcr die Aktion die Schirmherrschaft \u00fcber-nommen.<br \/>\nMit den Farbenspielen und kreativen Lichtformationen sollen gesellschaftliche Vielfalt und Toleranz im Sch\u00f6neberger Regenbogenkiez gest\u00e4rkt, ein Zeichen gegen Diskriminierung und vorurteilsmotivierte Gewalt gesetzt und vor allem mit mehr Licht Gewaltpr\u00e4vention und Aufmerksamkeit gef\u00f6rdert werden. Die Aktion steht im Kontext gewaltpr\u00e4ventiver Bem\u00fchungen, f\u00fcr die sich MANEO mit dem \u201aBerliner Toleranzb\u00fcndnis\u2018, und dazu geh\u00f6rt auch Pink Sch\u00f6neberg e.V., ge-meinsam mit Polizei, Bezirksamt und Unternehmen im Sch\u00f6neberger Regenbo-genkiez einsetzt.<\/p>\n<p><a href=\"http:\/\/berliner-toleranzbuendnis.de\/wp-content\/uploads\/2015\/01\/141010_BTB_MANEO_Handout_page88_image215.jpg\"><img loading=\"lazy\" decoding=\"async\" class=\"alignnone wp-image-529\" src=\"http:\/\/berliner-toleranzbuendnis.de\/wp-content\/uploads\/2015\/01\/141010_BTB_MANEO_Handout_page88_image215-300x181.jpg\" alt=\"\" width=\"600\" height=\"363\" srcset=\"https:\/\/berliner-toleranzbuendnis.de\/wp-content\/uploads\/2015\/01\/141010_BTB_MANEO_Handout_page88_image215-300x181.jpg 300w, https:\/\/berliner-toleranzbuendnis.de\/wp-content\/uploads\/2015\/01\/141010_BTB_MANEO_Handout_page88_image215-1024x619.jpg 1024w, https:\/\/berliner-toleranzbuendnis.de\/wp-content\/uploads\/2015\/01\/141010_BTB_MANEO_Handout_page88_image215-248x150.jpg 248w, https:\/\/berliner-toleranzbuendnis.de\/wp-content\/uploads\/2015\/01\/141010_BTB_MANEO_Handout_page88_image215-150x91.jpg 150w, https:\/\/berliner-toleranzbuendnis.de\/wp-content\/uploads\/2015\/01\/141010_BTB_MANEO_Handout_page88_image215.jpg 1089w\" sizes=\"auto, (max-width: 600px) 100vw, 600px\" \/><\/a><\/p>\n","protected":false},"excerpt":{"rendered":"<p>2013: \u201eLichter im Regenbogenkiez \u2013 Lichter f\u00fcr Toleranz und Vielfalt\u201c U-Bahnhof Nollendorfplatz in Regenbogenfarben Die Aktion \u201eLichter im Regenbogenkiez \u2013 Lichter f\u00fcr Toleranz und Vielfalt\u201c will ein Zeichen f\u00fcr gesellschaftliche Vielfalt und Toleranz setzten. Die Aktion beginnt am 6. Dezember 2013 und dauert voraussichtlich zwei Monate. Ein breites B\u00fcndnis unterst\u00fctzt \u2026<\/p>\n<p class=\"continue-reading-button\"> <a class=\"continue-reading-link\" href=\"https:\/\/berliner-toleranzbuendnis.de\/?page_id=527\">&gt;&gt; Mehr<i class=\"crycon-right-dir\"><\/i><\/a><\/p>\n","protected":false},"author":1,"featured_media":0,"parent":106,"menu_order":0,"comment_status":"closed","ping_status":"closed","template":"","meta":{"footnotes":""},"class_list":["post-527","page","type-page","status-publish","hentry"],"_links":{"self":[{"href":"https:\/\/berliner-toleranzbuendnis.de\/index.php?rest_route=\/wp\/v2\/pages\/527","targetHints":{"allow":["GET"]}}],"collection":[{"href":"https:\/\/berliner-toleranzbuendnis.de\/index.php?rest_route=\/wp\/v2\/pages"}],"about":[{"href":"https:\/\/berliner-toleranzbuendnis.de\/index.php?rest_route=\/wp\/v2\/types\/page"}],"author":[{"embeddable":true,"href":"https:\/\/berliner-toleranzbuendnis.de\/index.php?rest_route=\/wp\/v2\/users\/1"}],"replies":[{"embeddable":true,"href":"https:\/\/berliner-toleranzbuendnis.de\/index.php?rest_route=%2Fwp%2Fv2%2Fcomments&post=527"}],"version-history":[{"count":1,"href":"https:\/\/berliner-toleranzbuendnis.de\/index.php?rest_route=\/wp\/v2\/pages\/527\/revisions"}],"predecessor-version":[{"id":530,"href":"https:\/\/berliner-toleranzbuendnis.de\/index.php?rest_route=\/wp\/v2\/pages\/527\/revisions\/530"}],"up":[{"embeddable":true,"href":"https:\/\/berliner-toleranzbuendnis.de\/index.php?rest_route=\/wp\/v2\/pages\/106"}],"wp:attachment":[{"href":"https:\/\/berliner-toleranzbuendnis.de\/index.php?rest_route=%2Fwp%2Fv2%2Fmedia&parent=527"}],"curies":[{"name":"wp","href":"https:\/\/api.w.org\/{rel}","templated":true}]}}