{"id":52,"date":"2015-01-08T22:32:27","date_gmt":"2015-01-08T22:32:27","guid":{"rendered":"http:\/\/localhost\/wordpress\/?page_id=52"},"modified":"2015-01-17T18:16:38","modified_gmt":"2015-01-17T18:16:38","slug":"paten-des-berliner-toleranzbuendnisses","status":"publish","type":"page","link":"https:\/\/berliner-toleranzbuendnis.de\/?page_id=52","title":{"rendered":"Paten des Berliner Toleranzb\u00fcndnisses"},"content":{"rendered":"<p>&nbsp;<\/p>\n<div id=\"attachment_53\" style=\"width: 550px\" class=\"wp-caption aligncenter\"><a href=\"http:\/\/berliner-toleranzbuendnis.de\/wp-content\/uploads\/2015\/01\/141010_BTB_MANEO_Handout_page88_image59-e1420757740184.jpg\"><img loading=\"lazy\" decoding=\"async\" aria-describedby=\"caption-attachment-53\" class=\"wp-image-53 size-full\" src=\"http:\/\/berliner-toleranzbuendnis.de\/wp-content\/uploads\/2015\/01\/141010_BTB_MANEO_Handout_page88_image59-e1420757740184.jpg\" alt=\"\" width=\"540\" height=\"394\" \/><\/a><p id=\"caption-attachment-53\" class=\"wp-caption-text\">0.10.14: Auf dem MANEO Charity Gala Event im Quatsch Comedy Club im Friedrichstadt-Palast wurden die Vertreter der neuen Paten des Berliner Tole-ranzb\u00fcndnisses Bezirksb\u00fcrgermeisterin Angelika Sch\u00f6ttler (mi.) und Bezirks-b\u00fcrgermeister Reinhard Naumann (li) vom MANEO Leiter Bastian Finke (re.) herzlich begr\u00fc\u00dft. Foto: B. Dummer.<\/p><\/div>\n<p>Die Bezirke Tempelhof-Sch\u00f6neberg und Charlottenburg-Wilmersdorf \u00fcber-nehmen seit dem 20.10.2014 die Patenschaft f\u00fcr das Berliner Toleranz-b\u00fcndnis.<\/p>\n<p>Seit 2009 organisiert MANEO das \u201aBerliner Toleranzb\u00fcndnis\u2018 (BTB), das mit der von der Stiftung Deutsche Klassenlotterie Berlin (DKLB) gef\u00f6rderten \u201eMANEO- Gewaltpr\u00e4ventionskampagne: Berliner B\u00fcndnis gegen Homophobie und Gewalt\u201c geplant und ins Leben gerufen wurde. Bislang sind dem B\u00fcndnis 130 Unterneh-men und Events beigetreten. Gemeinsam mit ihnen will MANEO eine gesell-schaftliche &#8220;Gay-Straight-Alliance&#8221; bef\u00f6rdern, Br\u00fccken zwischen Lesben, Schwulen, Bisexuellen, Trans*personen und Heterosexuellen st\u00e4rken. Betont wird das Gemeinsame und Verbindende, die F\u00f6rderung gesellschaftlicher Toleranz und Vielfalt, das entschlossene Eintreten gegen Homophobie und Hassgewalt, gegen jede Form gruppenbezogener Menschenfeindlichkeit.<\/p>\n<p>Dazu erkl\u00e4rte Reinhard Naumann,<br \/>\nBezirksb\u00fcrgermeister von Charlottenburg-Wilmersdorf von Berlin:<\/p>\n<p>\u201eF\u00fcr mich war es selbstverst\u00e4ndlich, dass unser Bezirk eine Patenschaft \u00fcbernimmt f\u00fcr das Berliner Toleranzb\u00fcndnis, das heute 130 Mitglieder z\u00e4hlt und von Jahr zu Jahr weiter w\u00e4chst. Das Netzwerk aus Unternehmen, privaten und \u00f6ffentlichen Institutionen ist ein B\u00fcndnis gegen Homophobie und Gewalt, f\u00fcr Freiheit und Toleranz in einem bunten, weltoffenen Berlin. Wenn L\u00e4nder wie Russland, Iran oder Nigeria Gesetze gegen das Sprechen und Schreiben \u00fcber ab-weichende sexuelle Orientierungen erlassen, dann schr\u00e4nken sie damit nicht nur die Mei-nungsfreiheit ein, sondern bringen auch ihre Verachtung westlicher Werte zum Ausdruck, die sie als &#8220;dekadent&#8221; verunglimpfen. Diese weltweite Auseinandersetzung zwischen Freiheit und Intoleranz findet auch bei uns in Charlottenburg-Wilmersdorf statt, denn leider gibt es auch bei uns immer wieder homophobe, antisemitische, fremdenfeindliche und rassistische Aktionen. Deshalb ist es wichtig, sich zu bekennen, aufzustehen und wachsam zu sein. Wir d\u00fcrfen solche Taten nicht dulden und m\u00fcssen ihnen entschieden mit rechtsstaatlichen Mitteln sowie Zi-vilcourage vor Ort im Stadtteil entgegen treten. Intoleranz, Ausgrenzung, Diskriminierung und Gewalt d\u00fcrfen bei uns keinen Platz haben.\u201c<\/p>\n<p>Dazu erkl\u00e4rt Angelika Sch\u00f6ttler,<br \/>\nBezirksb\u00fcrgermeisterin von Sch\u00f6neberg-Tempelhof von Berlin:<\/p>\n<p>\u201eDer Bezirk Tempelhof-Sch\u00f6neberg ist vielf\u00e4ltig und weltoffen. Trotzdem machen die immer wieder vorkommenden \u00dcbergriffe auf Lesben, Schwule, Transsexuelle, Transgender und Intersexuelle deutlich, dass die Akzeptanz der sexuellen und geschlechtlichen Vielfalt auch in Tempelhof-Sch\u00f6neberg nicht von allen Menschen getragen wird. Deshalb d\u00fcrfen wir nicht wegh\u00f6ren, wenn jemand wegen seiner sexuellen Orientierung diskriminiert wird. Und d\u00fcrfen nicht wegschauen, wenn Menschen aufgrund ihrer sexuellen Identit\u00e4t Unrecht geschieht. Wir brauchen tolerante Gesellschaften \u2013 hier und \u00fcberall in der Welt. Mit der \u00dcbernahme der Pa-tenschaft f\u00fcr das Berliner Toleranzb\u00fcndnis will der Bezirk Tempelhof-Sch\u00f6neberg gemeinsam mit dem Bezirk Charlottenburg-Wilmersdorf ein Zeichen setzen: gegen Homophobie und Hassgewalt und f\u00fcr einen positiven Wandel hin zu Toleranz, Akzeptanz sowie Respekt vor se-xueller Vielfalt.\u201c<\/p>\n","protected":false},"excerpt":{"rendered":"<p>&nbsp; Die Bezirke Tempelhof-Sch\u00f6neberg und Charlottenburg-Wilmersdorf \u00fcber-nehmen seit dem 20.10.2014 die Patenschaft f\u00fcr das Berliner Toleranz-b\u00fcndnis. Seit 2009 organisiert MANEO das \u201aBerliner Toleranzb\u00fcndnis\u2018 (BTB), das mit der von der Stiftung Deutsche Klassenlotterie Berlin (DKLB) gef\u00f6rderten \u201eMANEO- Gewaltpr\u00e4ventionskampagne: Berliner B\u00fcndnis gegen Homophobie und Gewalt\u201c geplant und ins Leben gerufen wurde. Bislang \u2026<\/p>\n<p class=\"continue-reading-button\"> <a class=\"continue-reading-link\" href=\"https:\/\/berliner-toleranzbuendnis.de\/?page_id=52\">&gt;&gt; Mehr<i class=\"crycon-right-dir\"><\/i><\/a><\/p>\n","protected":false},"author":1,"featured_media":0,"parent":20,"menu_order":5,"comment_status":"closed","ping_status":"open","template":"","meta":{"footnotes":""},"class_list":["post-52","page","type-page","status-publish","hentry"],"_links":{"self":[{"href":"https:\/\/berliner-toleranzbuendnis.de\/index.php?rest_route=\/wp\/v2\/pages\/52","targetHints":{"allow":["GET"]}}],"collection":[{"href":"https:\/\/berliner-toleranzbuendnis.de\/index.php?rest_route=\/wp\/v2\/pages"}],"about":[{"href":"https:\/\/berliner-toleranzbuendnis.de\/index.php?rest_route=\/wp\/v2\/types\/page"}],"author":[{"embeddable":true,"href":"https:\/\/berliner-toleranzbuendnis.de\/index.php?rest_route=\/wp\/v2\/users\/1"}],"replies":[{"embeddable":true,"href":"https:\/\/berliner-toleranzbuendnis.de\/index.php?rest_route=%2Fwp%2Fv2%2Fcomments&post=52"}],"version-history":[{"count":10,"href":"https:\/\/berliner-toleranzbuendnis.de\/index.php?rest_route=\/wp\/v2\/pages\/52\/revisions"}],"predecessor-version":[{"id":656,"href":"https:\/\/berliner-toleranzbuendnis.de\/index.php?rest_route=\/wp\/v2\/pages\/52\/revisions\/656"}],"up":[{"embeddable":true,"href":"https:\/\/berliner-toleranzbuendnis.de\/index.php?rest_route=\/wp\/v2\/pages\/20"}],"wp:attachment":[{"href":"https:\/\/berliner-toleranzbuendnis.de\/index.php?rest_route=%2Fwp%2Fv2%2Fmedia&parent=52"}],"curies":[{"name":"wp","href":"https:\/\/api.w.org\/{rel}","templated":true}]}}