{"id":488,"date":"2015-01-16T20:00:27","date_gmt":"2015-01-16T20:00:27","guid":{"rendered":"http:\/\/berliner-toleranzbuendnis.de\/?page_id=488"},"modified":"2015-01-16T20:17:06","modified_gmt":"2015-01-16T20:17:06","slug":"488-2","status":"publish","type":"page","link":"https:\/\/berliner-toleranzbuendnis.de\/?page_id=488","title":{"rendered":"\u00dcbergabe des \u201eMANEO-Reports\u201c"},"content":{"rendered":"<p><strong>\u00dcbergabe des \u201eMANEO-Reports\u201c an Mitglieder des Berliner Abgeordnetenhauses<\/strong><\/p>\n<p><strong>Anl\u00e4sslich des Internationalen Tages gegen Homophobie und Trans+phobie macht Berlins schwules Anti-Gewalt Projekt MANEO in Berlin mobil und setzt Zeichen. Dazu z\u00e4hlt traditionell die \u00dcbergabe des MANEO-Reports an die Vertreter der im Berliner Abgeordnetenhaus vertretenen Fraktionen.<\/strong><\/p>\n<div id=\"attachment_490\" style=\"width: 610px\" class=\"wp-caption alignnone\"><a href=\"http:\/\/berliner-toleranzbuendnis.de\/wp-content\/uploads\/2015\/01\/141010_BTB_MANEO_Handout_page88_image180.jpg\"><img loading=\"lazy\" decoding=\"async\" aria-describedby=\"caption-attachment-490\" class=\"wp-image-490\" src=\"http:\/\/berliner-toleranzbuendnis.de\/wp-content\/uploads\/2015\/01\/141010_BTB_MANEO_Handout_page88_image180-300x225.jpg\" alt=\"Die MANEO-Nachtflugbegleiter geben Sicherheitseinweisung im Berliner Abgeordnetenhaus. Im Bild, oben, v.l.n.r: Matthias Steukert (LSU Berlin), Thomas Birk (MdA, Gr\u00fcne), Anja Kofbinger (MdA, Gr\u00fcne), Volker Ratzmann (MdA, Gr\u00fcne), Monika Thamm (MdA, CDU), Rainer Michael Lehmann (MdA, SPD), Dr. Jan-Marco Luczak (MdB, CDU), Markus Pautzenberger (MdA, SPD). Unten, die MANEO-Nachtflugbegleiter, v.l.n.r.: Frl. B\u00e4rbel von der Panke, Frl. D\u00f6rte St\u00f6rte-Becker, Frl. Patsy Wella-Schwarzkopf, Frl. Ludmilla Zornikova, Frl. Lolita Strauss-K. und Frl. Lotti Mops).\" width=\"600\" height=\"449\" srcset=\"https:\/\/berliner-toleranzbuendnis.de\/wp-content\/uploads\/2015\/01\/141010_BTB_MANEO_Handout_page88_image180-300x225.jpg 300w, https:\/\/berliner-toleranzbuendnis.de\/wp-content\/uploads\/2015\/01\/141010_BTB_MANEO_Handout_page88_image180-200x150.jpg 200w, https:\/\/berliner-toleranzbuendnis.de\/wp-content\/uploads\/2015\/01\/141010_BTB_MANEO_Handout_page88_image180-150x112.jpg 150w, https:\/\/berliner-toleranzbuendnis.de\/wp-content\/uploads\/2015\/01\/141010_BTB_MANEO_Handout_page88_image180.jpg 709w\" sizes=\"auto, (max-width: 600px) 100vw, 600px\" \/><\/a><p id=\"caption-attachment-490\" class=\"wp-caption-text\">Die MANEO-Nachtflugbegleiter geben Sicherheitseinweisung im Berliner Abgeordnetenhaus. Im Bild, oben, v.l.n.r: Matthias Steukert (LSU Berlin), Thomas Birk (MdA, Gr\u00fcne), Anja Kofbinger (MdA, Gr\u00fcne), Volker Ratzmann (MdA, Gr\u00fcne), Monika Thamm (MdA, CDU), Rainer Michael Lehmann (MdA, SPD), Dr. Jan-Marco Luczak (MdB, CDU), Markus Pautzenberger (MdA, SPD). Unten, die MANEO-Nachtflugbegleiter, v.l.n.r.: Frl. B\u00e4rbel von der Panke, Frl. D\u00f6rte St\u00f6rte-Becker, Frl. Patsy Wella-Schwarzkopf, Frl. Ludmilla Zornikova, Frl. Lolita Strauss-K. und Frl. Lotti Mops).<\/p><\/div>\n<p><em>Um 10 Uhr fanden sich die MANEO Nachtflugbegleiter im Berliner Abgeordnetenhaus ein, um den MANEO Sicherheitscheck durchzuf\u00fchren und die anwesenden Politiker und Politikerinnen in den MANEO Routenplaner in Richtung eines sicheren und homophobiefreien Berlins einzuweisen.<\/em><\/p>\n<p>Zu den Forderungen geh\u00f6rt in erster Linie eine fl\u00e4chendeckende und vor allem auch fr\u00fchzeitige und zielgruppenspezifische Aufkl\u00e4rung \u00fcber die unterschiedlichen Formen der sexuellen Identit\u00e4t.<\/p>\n<p>\u201eGesellschaftliche Aufkl\u00e4rung ist die beste Pr\u00e4vention von Vorurteilsbildung und den daraus sich unter Umst\u00e4nden entwickelnden Formen von Gewalt\u201c, so die MANEO-Nachtflugbegleiter. Diese Aufkl\u00e4rung m\u00fcsse in allen gesellschaftlichen Bereichen konsequent betrieben werden. Dazu geh\u00f6rt auch die Einbeziehung der verschiedenen gesellschaftlichen Interessengruppen, eben auch die gro\u00dfen Religionen. Glaubens-, Meinungs- und Weltanschauungsfreiheiten des Einen d\u00fcrfe das Recht der pers\u00f6nlichen Entfaltung des Anderen nicht unzul\u00e4ssig beeintr\u00e4chtigen \u2013 \u201ewie der Glaube von Rauchern an die Zul\u00e4ssigkeit des Rauchens auf unserer Bordtoilette\u201c, so die MANEO-Nachtflugbegleiter.<\/p>\n<p>&nbsp;<\/p>\n<div id=\"attachment_491\" style=\"width: 310px\" class=\"wp-caption alignright\"><a href=\"http:\/\/berliner-toleranzbuendnis.de\/wp-content\/uploads\/2015\/01\/141010_BTB_MANEO_Handout_page88_image185.jpg\"><img loading=\"lazy\" decoding=\"async\" aria-describedby=\"caption-attachment-491\" class=\"size-medium wp-image-491\" src=\"http:\/\/berliner-toleranzbuendnis.de\/wp-content\/uploads\/2015\/01\/141010_BTB_MANEO_Handout_page88_image185-300x215.jpg\" alt=\"Uwe L\u00f6her, Ansprechpartner f\u00fcr gleichgeschlechtliche Lebensweisen der Polizei Berlin (li) und B\u00e4rbel von der Panke (re), beim Kiss-In auf dem Potsdamer Platz\" width=\"300\" height=\"215\" srcset=\"https:\/\/berliner-toleranzbuendnis.de\/wp-content\/uploads\/2015\/01\/141010_BTB_MANEO_Handout_page88_image185-300x215.jpg 300w, https:\/\/berliner-toleranzbuendnis.de\/wp-content\/uploads\/2015\/01\/141010_BTB_MANEO_Handout_page88_image185-210x150.jpg 210w, https:\/\/berliner-toleranzbuendnis.de\/wp-content\/uploads\/2015\/01\/141010_BTB_MANEO_Handout_page88_image185-150x107.jpg 150w, https:\/\/berliner-toleranzbuendnis.de\/wp-content\/uploads\/2015\/01\/141010_BTB_MANEO_Handout_page88_image185.jpg 709w\" sizes=\"auto, (max-width: 300px) 100vw, 300px\" \/><\/a><p id=\"caption-attachment-491\" class=\"wp-caption-text\">Uwe L\u00f6her, Ansprechpartner f\u00fcr gleichgeschlechtliche Lebensweisen der Polizei Berlin (li) und B\u00e4rbel von der Panke (re), beim Kiss-In auf dem Potsdamer Platz<\/p><\/div>\n<p>Weiterhin m\u00fcsse gew\u00e4hrleistet sein, dass Opfern von homophober Gewalt schnelle und vor allem auch dauerhafte Hilfe zur Verf\u00fcgung steht. Um dies garantieren zu k\u00f6nnen, sei eine angemessene \u00f6ffentliche F\u00f6rderung von entsprechenden Projekten \u2013 eben durch Senatsgelder \u2013 immanent wichtig auf dem Weg zu einem sichereren und offeneren und vielf\u00e4ltigeren Berlin. Doch auch f\u00fcr diesen Bereich gelten Sicherheitshinweise: \u201eSexuelle Vielfalt ist menschlich. Sexualit\u00e4t macht Spa\u00df und dient der Freude wie dem Leben \u2013 sie verdient es nicht, nur verwaltet, noch von zweifelhaften Moralisten verleugnet zu werden\u201c, so die MANEO-Nachtflugbegleiter. Der Vorschlag der Nachtflugbegleiter, jedes \u201eSchwule Sau\u201c, \u201eSchei\u00df Lesbe\u201c oder \u201eSchei\u00df Transe\u201c mit einer Beleidigungssteuer zu ahnden und dadurch binnen kurzer Zeit den Berliner Haushalt zu sanieren, wurde von den Abgeordneten in Anbetracht der zu stopfenden Haushaltsl\u00f6cher mit Sympathie aufgenommen.<\/p>\n<p>Anschlie\u00dfend veranstalteten die MANEO-Nachtflugbegleiter auf dem Potsdamer Platz ein Kiss-In. Unter dem Motto \u201eProtect Every Kiss\u201c baten sie Passanten, mit einem Kuss auf eine Postkarte ihr Lippenbekenntnis zu Toleranz und Vielfalt zu besiegeln.<\/p>\n","protected":false},"excerpt":{"rendered":"<p>\u00dcbergabe des \u201eMANEO-Reports\u201c an Mitglieder des Berliner Abgeordnetenhauses Anl\u00e4sslich des Internationalen Tages gegen Homophobie und Trans+phobie macht Berlins schwules Anti-Gewalt Projekt MANEO in Berlin mobil und setzt Zeichen. Dazu z\u00e4hlt traditionell die \u00dcbergabe des MANEO-Reports an die Vertreter der im Berliner Abgeordnetenhaus vertretenen Fraktionen. Um 10 Uhr fanden sich die \u2026<\/p>\n<p class=\"continue-reading-button\"> <a class=\"continue-reading-link\" href=\"https:\/\/berliner-toleranzbuendnis.de\/?page_id=488\">&gt;&gt; Mehr<i class=\"crycon-right-dir\"><\/i><\/a><\/p>\n","protected":false},"author":1,"featured_media":0,"parent":104,"menu_order":3,"comment_status":"closed","ping_status":"closed","template":"","meta":{"footnotes":""},"class_list":["post-488","page","type-page","status-publish","hentry"],"_links":{"self":[{"href":"https:\/\/berliner-toleranzbuendnis.de\/index.php?rest_route=\/wp\/v2\/pages\/488","targetHints":{"allow":["GET"]}}],"collection":[{"href":"https:\/\/berliner-toleranzbuendnis.de\/index.php?rest_route=\/wp\/v2\/pages"}],"about":[{"href":"https:\/\/berliner-toleranzbuendnis.de\/index.php?rest_route=\/wp\/v2\/types\/page"}],"author":[{"embeddable":true,"href":"https:\/\/berliner-toleranzbuendnis.de\/index.php?rest_route=\/wp\/v2\/users\/1"}],"replies":[{"embeddable":true,"href":"https:\/\/berliner-toleranzbuendnis.de\/index.php?rest_route=%2Fwp%2Fv2%2Fcomments&post=488"}],"version-history":[{"count":6,"href":"https:\/\/berliner-toleranzbuendnis.de\/index.php?rest_route=\/wp\/v2\/pages\/488\/revisions"}],"predecessor-version":[{"id":499,"href":"https:\/\/berliner-toleranzbuendnis.de\/index.php?rest_route=\/wp\/v2\/pages\/488\/revisions\/499"}],"up":[{"embeddable":true,"href":"https:\/\/berliner-toleranzbuendnis.de\/index.php?rest_route=\/wp\/v2\/pages\/104"}],"wp:attachment":[{"href":"https:\/\/berliner-toleranzbuendnis.de\/index.php?rest_route=%2Fwp%2Fv2%2Fmedia&parent=488"}],"curies":[{"name":"wp","href":"https:\/\/api.w.org\/{rel}","templated":true}]}}