{"id":464,"date":"2015-01-16T19:41:37","date_gmt":"2015-01-16T19:41:37","guid":{"rendered":"http:\/\/berliner-toleranzbuendnis.de\/?page_id=464"},"modified":"2015-01-16T19:54:37","modified_gmt":"2015-01-16T19:54:37","slug":"kiss-in-zum-17-mai","status":"publish","type":"page","link":"https:\/\/berliner-toleranzbuendnis.de\/?page_id=464","title":{"rendered":"Kiss-In zum 17. Mai"},"content":{"rendered":"<p><span style=\"text-decoration: underline;\">17. Mai: Internationaler Tag gegen Homophobie und Trans*phobie<\/span><br \/>\n<a href=\"http:\/\/berliner-toleranzbuendnis.de\/wp-content\/uploads\/2015\/01\/141010_BTB_MANEO_Handout_page88_image175.jpg\"><img loading=\"lazy\" decoding=\"async\" class=\" size-medium wp-image-465 alignleft\" src=\"http:\/\/berliner-toleranzbuendnis.de\/wp-content\/uploads\/2015\/01\/141010_BTB_MANEO_Handout_page88_image175-300x200.jpg\" alt=\"\" width=\"300\" height=\"200\" srcset=\"https:\/\/berliner-toleranzbuendnis.de\/wp-content\/uploads\/2015\/01\/141010_BTB_MANEO_Handout_page88_image175-300x200.jpg 300w, https:\/\/berliner-toleranzbuendnis.de\/wp-content\/uploads\/2015\/01\/141010_BTB_MANEO_Handout_page88_image175-225x150.jpg 225w, https:\/\/berliner-toleranzbuendnis.de\/wp-content\/uploads\/2015\/01\/141010_BTB_MANEO_Handout_page88_image175-150x100.jpg 150w, https:\/\/berliner-toleranzbuendnis.de\/wp-content\/uploads\/2015\/01\/141010_BTB_MANEO_Handout_page88_image175.jpg 699w\" sizes=\"auto, (max-width: 300px) 100vw, 300px\" \/><\/a><\/p>\n<p>MANEO mobilisiert mit \u201eKiss Kiss Berlin\u201c in Berliner Clubs und Partys f\u00fcr mehr Toleranz und Vielfalt \u2013 und es wird wieder gek\u00fcsst. Das \u00f6ffentliche \u201eKiss-In\u201c, das jedes Jahr am 17. Mai stattfindet, steht unter dem Motto \u201ePro-tect every Kiss\u201c.<\/p>\n<p>&nbsp;<\/p>\n<p>&nbsp;<\/p>\n<p>&nbsp;<\/p>\n<div id=\"attachment_466\" style=\"width: 310px\" class=\"wp-caption alignright\"><a href=\"http:\/\/berliner-toleranzbuendnis.de\/wp-content\/uploads\/2015\/01\/141010_BTB_MANEO_Handout_page88_image176.jpg\"><img loading=\"lazy\" decoding=\"async\" aria-describedby=\"caption-attachment-466\" class=\"size-medium wp-image-466\" src=\"http:\/\/berliner-toleranzbuendnis.de\/wp-content\/uploads\/2015\/01\/141010_BTB_MANEO_Handout_page88_image176-300x219.jpg\" alt=\"17.05.2014: Kiss-in auf dem Nollendorfplatz. Foto \u00a9 B. Mannh\u00f6fer\" width=\"300\" height=\"219\" srcset=\"https:\/\/berliner-toleranzbuendnis.de\/wp-content\/uploads\/2015\/01\/141010_BTB_MANEO_Handout_page88_image176-300x219.jpg 300w, https:\/\/berliner-toleranzbuendnis.de\/wp-content\/uploads\/2015\/01\/141010_BTB_MANEO_Handout_page88_image176-205x150.jpg 205w, https:\/\/berliner-toleranzbuendnis.de\/wp-content\/uploads\/2015\/01\/141010_BTB_MANEO_Handout_page88_image176-150x110.jpg 150w, https:\/\/berliner-toleranzbuendnis.de\/wp-content\/uploads\/2015\/01\/141010_BTB_MANEO_Handout_page88_image176.jpg 788w\" sizes=\"auto, (max-width: 300px) 100vw, 300px\" \/><\/a><p id=\"caption-attachment-466\" class=\"wp-caption-text\">17.05.2014: Kiss-in auf dem Nollendorfplatz. Foto \u00a9 B. Mannh\u00f6fer<\/p><\/div>\n<p>Ein Klima der Intoleranz und Anfeindung gegen\u00fcber Menschen, die schwul, lesbisch, \u201eSchwule Sau\u201c ist nach wie vor das beliebte Schimpfwort auf deutschen Schulh\u00f6-fen, im Fu\u00dfball, im Freizeitsport und in Jugendeinrichtungen. Unwidersprochen veranschaulicht dieses Klima jungen Menschen, was ihnen droht, wenn \u00f6ffentlich wird, dass sie schwul, lesbisch, bisexuell oder trans* sind. Ihnen drohen Mobbing, Bullying und \u00dcbergriffe. Fehlende Unterst\u00fctzung und Solidarit\u00e4t schw\u00e4cht das Selbstbewusstsein junger Menschen. Im schlimmsten Fall spielen Jugendliche mit Selbstmordgedanken. Untersuchungen weisen auf ein solches erh\u00f6htes Risiko unter jungen Menschen mit gleichgeschlechtlicher Orientierung hin.<br \/>\nWir brauchen ein Klima der Akzeptanz gesellschaftlicher Vielfalt. Dazu z\u00e4hlt, dass Menschen auch selbstbewusst homophoben und transphoben Anfeindungen entgegen treten und jungen Menschen offen ihre Solidarit\u00e4t zeigen.<\/p>\n","protected":false},"excerpt":{"rendered":"<p>17. Mai: Internationaler Tag gegen Homophobie und Trans*phobie MANEO mobilisiert mit \u201eKiss Kiss Berlin\u201c in Berliner Clubs und Partys f\u00fcr mehr Toleranz und Vielfalt \u2013 und es wird wieder gek\u00fcsst. Das \u00f6ffentliche \u201eKiss-In\u201c, das jedes Jahr am 17. Mai stattfindet, steht unter dem Motto \u201ePro-tect every Kiss\u201c. &nbsp; &nbsp; &nbsp; \u2026<\/p>\n<p class=\"continue-reading-button\"> <a class=\"continue-reading-link\" href=\"https:\/\/berliner-toleranzbuendnis.de\/?page_id=464\">&gt;&gt; Mehr<i class=\"crycon-right-dir\"><\/i><\/a><\/p>\n","protected":false},"author":1,"featured_media":0,"parent":104,"menu_order":2,"comment_status":"closed","ping_status":"closed","template":"","meta":{"footnotes":""},"class_list":["post-464","page","type-page","status-publish","hentry"],"_links":{"self":[{"href":"https:\/\/berliner-toleranzbuendnis.de\/index.php?rest_route=\/wp\/v2\/pages\/464","targetHints":{"allow":["GET"]}}],"collection":[{"href":"https:\/\/berliner-toleranzbuendnis.de\/index.php?rest_route=\/wp\/v2\/pages"}],"about":[{"href":"https:\/\/berliner-toleranzbuendnis.de\/index.php?rest_route=\/wp\/v2\/types\/page"}],"author":[{"embeddable":true,"href":"https:\/\/berliner-toleranzbuendnis.de\/index.php?rest_route=\/wp\/v2\/users\/1"}],"replies":[{"embeddable":true,"href":"https:\/\/berliner-toleranzbuendnis.de\/index.php?rest_route=%2Fwp%2Fv2%2Fcomments&post=464"}],"version-history":[{"count":20,"href":"https:\/\/berliner-toleranzbuendnis.de\/index.php?rest_route=\/wp\/v2\/pages\/464\/revisions"}],"predecessor-version":[{"id":487,"href":"https:\/\/berliner-toleranzbuendnis.de\/index.php?rest_route=\/wp\/v2\/pages\/464\/revisions\/487"}],"up":[{"embeddable":true,"href":"https:\/\/berliner-toleranzbuendnis.de\/index.php?rest_route=\/wp\/v2\/pages\/104"}],"wp:attachment":[{"href":"https:\/\/berliner-toleranzbuendnis.de\/index.php?rest_route=%2Fwp%2Fv2%2Fmedia&parent=464"}],"curies":[{"name":"wp","href":"https:\/\/api.w.org\/{rel}","templated":true}]}}