{"id":369,"date":"2015-01-15T18:07:59","date_gmt":"2015-01-15T18:07:59","guid":{"rendered":"http:\/\/berliner-toleranzbuendnis.de\/?page_id=369"},"modified":"2015-01-16T18:20:41","modified_gmt":"2015-01-16T18:20:41","slug":"369-2","status":"publish","type":"page","link":"https:\/\/berliner-toleranzbuendnis.de\/?page_id=369","title":{"rendered":"Aufkl\u00e4rung mit Kino-Spots"},"content":{"rendered":"<h4><strong>MANEO-Social-Spots international gew\u00fcrdigt<\/strong><\/h4>\n<p><strong>\u00a0Bei der Verleihung der TEDDY AWARD 2007 im Rahmen der Internationalen Filmfestspiele in Berlin w\u00fcrdigte die internationale Jury die MANEO-Social-Spots. \u201eWir w\u00fcrdigen MANEO daf\u00fcr, dass es beide Spots in Auftrag gegeben hat.\u201c<\/strong><strong> ARTE zeigte die Spots in seinem TV-Programm.<\/strong><\/p>\n<p><a href=\"http:\/\/berliner-toleranzbuendnis.de\/wp-content\/uploads\/2015\/01\/141010_BTB_MANEO_Handout_page88_image136.jpg\"><img loading=\"lazy\" decoding=\"async\" class=\"alignnone wp-image-370 size-full\" src=\"http:\/\/berliner-toleranzbuendnis.de\/wp-content\/uploads\/2015\/01\/141010_BTB_MANEO_Handout_page88_image136.jpg\" alt=\"141010_BTB_MANEO_Handout_page88_image136\" width=\"640\" height=\"419\" srcset=\"https:\/\/berliner-toleranzbuendnis.de\/wp-content\/uploads\/2015\/01\/141010_BTB_MANEO_Handout_page88_image136.jpg 640w, https:\/\/berliner-toleranzbuendnis.de\/wp-content\/uploads\/2015\/01\/141010_BTB_MANEO_Handout_page88_image136-300x196.jpg 300w, https:\/\/berliner-toleranzbuendnis.de\/wp-content\/uploads\/2015\/01\/141010_BTB_MANEO_Handout_page88_image136-229x150.jpg 229w, https:\/\/berliner-toleranzbuendnis.de\/wp-content\/uploads\/2015\/01\/141010_BTB_MANEO_Handout_page88_image136-150x98.jpg 150w\" sizes=\"auto, (max-width: 640px) 100vw, 640px\" \/><\/a><\/p>\n<table width=\"100%\">\n<tbody>\n<tr>\n<td><span style=\"color: #808080;\"><em>21.02.2007: Beim TEDDA-Award (v.l.n.r.): MANEO-Projektleiter Bastian Finke, Mariejosephine Schneider (Regisseurin \u201eLove Hurts\u201c), Christoph Heller (Regisseur und Produzent: \u201e\u00dcberwachungskamera) , Klaus Wowereit, Regierender B\u00fcrgermeister von Berlin \u00a9 Foto: Greg Sylwan<\/em><\/span><\/td>\n<\/tr>\n<\/tbody>\n<\/table>\n<p>W\u00e4hrend der Verleih-ung des TEDDY AWARD 2007 w\u00fcrdigte die internationale Jury des renommierten Film-preises die beiden eingereichten MANEO- Social-Spots als \u201ebeson-ders herausragend\u201c. Die Pr\u00e4sidentin der Teddy-Jury, Charlie Boudreau, u.a. auch Leiterin des schwul-lesbischen Film-festivals in Montreal\/ Kanada, betonte in ihrer Rede, dass die Jury den beiden Social-Spots \u201eLove Hurts\u201c und \u201e\u00dcber-wachungskamera\u201c eine besondere Anerkennung verleiht. Au\u00dferdem erkl\u00e4rte sie: \u201eWir w\u00fcrdigen MANEO daf\u00fcr, dass es beide Spots in Auftrag gegeben hat.\u201c<\/p>\n<p>Die beiden Spots, die Studenten der \u201eDeutschen Film und Fernsehakademie Berlin\u201c produziert hatten, wurden vor den \u00fcber 500 G\u00e4sten der AWARD-Gala pr\u00e4sentiert und erhielten gro\u00dfen Applaus. Unter den Gratulanten waren der Regierende B\u00fcrgermeister von Berlin Klaus Wowereit, Claudia Roth, Volker Beck, Judy Winter und Teddy-Gewinner Olivier Mayrou, Regisseur und Produzent des besten Dokumentarfilms 2006 &#8220;Au-del\u00e0 de la haine&#8221; (\u201eJenseits des Hasses&#8221;).<\/p>\n<p>Der deutsch-franz\u00f6sische TV-Sender ARTE zeigte am vergangenen Sonntag in einem Zusammenschnitt die H\u00f6hepunkte der Preisverleihung der Gay-Teddy-Awards, darunter auch in voller L\u00e4nge die beiden MANEO-Social-Spots.<\/p>\n<p>Die Moderatoren der Veranstaltung betonten, dass Gewalt gegen Homosexuelle nach wie vor auch in Deutschland ein aktuelles Thema ist. &#8220;Schwule Sau&#8221; z\u00e4hlt noch immer zu den beliebtesten Schimpfw\u00f6rtern an Berliner Schulen, weshalb nicht zuletzt auch f\u00fcr sie die Arbeit des Berliner Anti-Gewalt-Projekts MANEO von gro\u00dfer Bedeutung ist.<\/p>\n<p>Die MANEO-Socialspots k\u00f6nnen auf der Homepage von MANEO angesehen werden: <a href=\"http:\/\/www.maneo.de\">www.maneo.de<\/a><\/p>\n<p><a href=\"http:\/\/berliner-toleranzbuendnis.de\/wp-content\/uploads\/2015\/01\/141010_BTB_MANEO_Handout_page88_image140.jpg\"><img loading=\"lazy\" decoding=\"async\" class=\"alignnone wp-image-373 size-large\" src=\"http:\/\/berliner-toleranzbuendnis.de\/wp-content\/uploads\/2015\/01\/141010_BTB_MANEO_Handout_page88_image140-726x1024.jpg\" alt=\"\" width=\"726\" height=\"1024\" srcset=\"https:\/\/berliner-toleranzbuendnis.de\/wp-content\/uploads\/2015\/01\/141010_BTB_MANEO_Handout_page88_image140-726x1024.jpg 726w, https:\/\/berliner-toleranzbuendnis.de\/wp-content\/uploads\/2015\/01\/141010_BTB_MANEO_Handout_page88_image140-213x300.jpg 213w, https:\/\/berliner-toleranzbuendnis.de\/wp-content\/uploads\/2015\/01\/141010_BTB_MANEO_Handout_page88_image140-106x150.jpg 106w, https:\/\/berliner-toleranzbuendnis.de\/wp-content\/uploads\/2015\/01\/141010_BTB_MANEO_Handout_page88_image140.jpg 1209w\" sizes=\"auto, (max-width: 726px) 100vw, 726px\" \/><\/a><\/p>\n<p>&nbsp;<\/p>\n<hr \/>\n<p>&nbsp;<\/p>\n<p><em>aus: <\/em><em>MANEO-Vorstellungsbrosch\u00fcre:<\/em><\/p>\n<p>\u201eIch finde das sehr wichtig, dass es das Projekt MANEO gibt, das Opfer von Homophobie unterst\u00fctzt und ihnen hilft. Ich unterst\u00fctze diese Arbeit gerne.\u201c<\/p>\n<p><strong>Alfred Biolek<\/strong>, Starkoch und Talkmaster<\/p>\n<p>\u201eDie Menschen sollten Toleranz leben. Wir werden von zu viel Gewalt beherrscht \u2013 gegen Kinder, Frauen, Andersdenkende, aber auch gegen Schwule und Lesben. Etwas dagegen zu tun und darauf hinzuweisen, ist ein wichtiges Thema. Es ist gut, dass MANEO unerm\u00fcdlich darauf aufmerksam macht und somit Zeichen setzt. Eine wichtige Arbeit, die unterst\u00fctzt werden muss.\u201c<\/p>\n<p><strong>Peter Plate<\/strong>, Rosenstolz<\/p>\n<p>\u201eIch habe selbst auch bereits die Erfahrung mit Intoleranz gegen\u00fcber Homosexuellen gemacht, weil ich im Film \u201eSommersturm\u201c einen jungen Schwulen gespielt habe, und deshalb auf der Stra\u00dfe von Jugendlichen angemacht wurde mit \u201eEy, du Schwuchtel, ey du Homo, ich hau dir aufs Maul. Ich unterst\u00fctze MANEO, weil diese Arbeit f\u00fcr mich Sinn macht.\u201c<\/p>\n<p><strong>Robert Stadlober<\/strong>, Schauspieler (\u201eSommersturm\u201c, \u201eSonnenallee\u201c)<\/p>\n","protected":false},"excerpt":{"rendered":"<p>MANEO-Social-Spots international gew\u00fcrdigt \u00a0Bei der Verleihung der TEDDY AWARD 2007 im Rahmen der Internationalen Filmfestspiele in Berlin w\u00fcrdigte die internationale Jury die MANEO-Social-Spots. \u201eWir w\u00fcrdigen MANEO daf\u00fcr, dass es beide Spots in Auftrag gegeben hat.\u201c ARTE zeigte die Spots in seinem TV-Programm. 21.02.2007: Beim TEDDA-Award (v.l.n.r.): MANEO-Projektleiter Bastian Finke, Mariejosephine \u2026<\/p>\n<p class=\"continue-reading-button\"> <a class=\"continue-reading-link\" href=\"https:\/\/berliner-toleranzbuendnis.de\/?page_id=369\">&gt;&gt; Mehr<i class=\"crycon-right-dir\"><\/i><\/a><\/p>\n","protected":false},"author":1,"featured_media":0,"parent":102,"menu_order":8,"comment_status":"closed","ping_status":"closed","template":"","meta":{"footnotes":""},"class_list":["post-369","page","type-page","status-publish","hentry"],"_links":{"self":[{"href":"https:\/\/berliner-toleranzbuendnis.de\/index.php?rest_route=\/wp\/v2\/pages\/369","targetHints":{"allow":["GET"]}}],"collection":[{"href":"https:\/\/berliner-toleranzbuendnis.de\/index.php?rest_route=\/wp\/v2\/pages"}],"about":[{"href":"https:\/\/berliner-toleranzbuendnis.de\/index.php?rest_route=\/wp\/v2\/types\/page"}],"author":[{"embeddable":true,"href":"https:\/\/berliner-toleranzbuendnis.de\/index.php?rest_route=\/wp\/v2\/users\/1"}],"replies":[{"embeddable":true,"href":"https:\/\/berliner-toleranzbuendnis.de\/index.php?rest_route=%2Fwp%2Fv2%2Fcomments&post=369"}],"version-history":[{"count":6,"href":"https:\/\/berliner-toleranzbuendnis.de\/index.php?rest_route=\/wp\/v2\/pages\/369\/revisions"}],"predecessor-version":[{"id":410,"href":"https:\/\/berliner-toleranzbuendnis.de\/index.php?rest_route=\/wp\/v2\/pages\/369\/revisions\/410"}],"up":[{"embeddable":true,"href":"https:\/\/berliner-toleranzbuendnis.de\/index.php?rest_route=\/wp\/v2\/pages\/102"}],"wp:attachment":[{"href":"https:\/\/berliner-toleranzbuendnis.de\/index.php?rest_route=%2Fwp%2Fv2%2Fmedia&parent=369"}],"curies":[{"name":"wp","href":"https:\/\/api.w.org\/{rel}","templated":true}]}}