{"id":363,"date":"2015-01-15T18:05:11","date_gmt":"2015-01-15T18:05:11","guid":{"rendered":"http:\/\/berliner-toleranzbuendnis.de\/?page_id=363"},"modified":"2015-01-16T18:16:44","modified_gmt":"2015-01-16T18:16:44","slug":"vorort-arbeit-mit-der-berliner-polizei","status":"publish","type":"page","link":"https:\/\/berliner-toleranzbuendnis.de\/?page_id=363","title":{"rendered":"Vorort-Arbeit mit der Berliner Polizei"},"content":{"rendered":"<h4><strong>Vorort-Arbeit mit der Berliner Polizei<\/strong><\/h4>\n<h5>\u00a0<em><strong>\u201eVorsicht: Taschendiebe!\u201c<\/strong><\/em><\/h5>\n<p><strong>MANEO geht erneut an die \u00d6ffentlichkeit. Hintergrund sind Taschendiebstahlsdelikte, die sich in und in der N\u00e4he von Szene-Lokalen und Szene-Orten ereignet hatten. Unterst\u00fctzt von der Berliner Polizei wirbt MANEO f\u00fcr mehr Achtsamkeit.<\/strong><\/p>\n<p><a href=\"http:\/\/berliner-toleranzbuendnis.de\/wp-content\/uploads\/2015\/01\/141010_BTB_MANEO_Handout_page88_image130.jpg\"><img loading=\"lazy\" decoding=\"async\" class=\" size-medium wp-image-364 alignleft\" src=\"http:\/\/berliner-toleranzbuendnis.de\/wp-content\/uploads\/2015\/01\/141010_BTB_MANEO_Handout_page88_image130-279x300.jpg\" alt=\"141010_BTB_MANEO_Handout_page88_image130\" width=\"279\" height=\"300\" srcset=\"https:\/\/berliner-toleranzbuendnis.de\/wp-content\/uploads\/2015\/01\/141010_BTB_MANEO_Handout_page88_image130-279x300.jpg 279w, https:\/\/berliner-toleranzbuendnis.de\/wp-content\/uploads\/2015\/01\/141010_BTB_MANEO_Handout_page88_image130-139x150.jpg 139w, https:\/\/berliner-toleranzbuendnis.de\/wp-content\/uploads\/2015\/01\/141010_BTB_MANEO_Handout_page88_image130.jpg 596w\" sizes=\"auto, (max-width: 279px) 100vw, 279px\" \/><\/a>\u00a0 <a href=\"http:\/\/berliner-toleranzbuendnis.de\/wp-content\/uploads\/2015\/01\/141010_BTB_MANEO_Handout_page88_image131.jpg\"><img loading=\"lazy\" decoding=\"async\" class=\" size-medium wp-image-365 alignright\" src=\"http:\/\/berliner-toleranzbuendnis.de\/wp-content\/uploads\/2015\/01\/141010_BTB_MANEO_Handout_page88_image131-222x300.jpg\" alt=\"141010_BTB_MANEO_Handout_page88_image131\" width=\"222\" height=\"300\" srcset=\"https:\/\/berliner-toleranzbuendnis.de\/wp-content\/uploads\/2015\/01\/141010_BTB_MANEO_Handout_page88_image131-222x300.jpg 222w, https:\/\/berliner-toleranzbuendnis.de\/wp-content\/uploads\/2015\/01\/141010_BTB_MANEO_Handout_page88_image131-111x150.jpg 111w, https:\/\/berliner-toleranzbuendnis.de\/wp-content\/uploads\/2015\/01\/141010_BTB_MANEO_Handout_page88_image131.jpg 473w\" sizes=\"auto, (max-width: 222px) 100vw, 222px\" \/><\/a><\/p>\n<table width=\"100%\">\n<tbody>\n<tr>\n<td><span style=\"color: #808080;\"><em>31.03.06 Sichtbare Aush\u00e4nge zum Thema Taschendiebe und gemeinsame Aktionen mit der Berliner Polizei in den Szenen geh\u00f6rt mit zum Programm von MANEO.<\/em><\/span><\/td>\n<\/tr>\n<\/tbody>\n<\/table>\n<p>An einem fr\u00fchen Morgen im November hielt sich der 41 Jahre alte schwule Tourist aus den USA in einer Szene-Bar auf. Er lernte einen jungen Mann kennen. Sie kamen sich n\u00e4her und der junge Mann umarmte den Betroffenen. Dabei griff er dem Betroffenen unbemerkt in die Hosentasche, entwendete ihm die Geldb\u00f6rse und verabschiedete sich dann pl\u00f6tzlich ganz schnell von dem Gesch\u00e4digten. Dieser bemerkte den Diebstahl <a href=\"http:\/\/berliner-toleranzbuendnis.de\/wp-content\/uploads\/2015\/01\/141010_BTB_MANEO_Handout_page88_image132.jpg\"><img loading=\"lazy\" decoding=\"async\" class=\"alignright wp-image-366 size-medium\" src=\"http:\/\/berliner-toleranzbuendnis.de\/wp-content\/uploads\/2015\/01\/141010_BTB_MANEO_Handout_page88_image132-143x300.jpg\" alt=\"\" width=\"143\" height=\"300\" srcset=\"https:\/\/berliner-toleranzbuendnis.de\/wp-content\/uploads\/2015\/01\/141010_BTB_MANEO_Handout_page88_image132-143x300.jpg 143w, https:\/\/berliner-toleranzbuendnis.de\/wp-content\/uploads\/2015\/01\/141010_BTB_MANEO_Handout_page88_image132-71x150.jpg 71w, https:\/\/berliner-toleranzbuendnis.de\/wp-content\/uploads\/2015\/01\/141010_BTB_MANEO_Handout_page88_image132.jpg 282w\" sizes=\"auto, (max-width: 143px) 100vw, 143px\" \/><\/a>erst sp\u00e4ter.<\/p>\n<p>Derartige F\u00e4lle ereignen sich immer wieder an Szenetreffpunkten. In vielen F\u00e4llen \u00e4hneln sich die T\u00e4tlichkeiten. Oft dr\u00e4ngen sich die Diebe Betroffenen auf, bieten sexuelle Dienste an, ber\u00fchren und betasten, greifen ihnen unerwartet an die Genitalien und meinen, dies sei in den schwulen Szenen \u201eganz normal\u201c. Damit wird deutlich, welche Vorurteile die T\u00e4ter gegen\u00fcber schwulen M\u00e4nnern haben.<\/p>\n<p>MANEO appelliert: \u201eJe mehr Taten bekannt werden, desto schwerer wird es T\u00e4tern gemacht\u201c.<\/p>\n","protected":false},"excerpt":{"rendered":"<p>Vorort-Arbeit mit der Berliner Polizei \u00a0\u201eVorsicht: Taschendiebe!\u201c MANEO geht erneut an die \u00d6ffentlichkeit. Hintergrund sind Taschendiebstahlsdelikte, die sich in und in der N\u00e4he von Szene-Lokalen und Szene-Orten ereignet hatten. Unterst\u00fctzt von der Berliner Polizei wirbt MANEO f\u00fcr mehr Achtsamkeit. \u00a0 31.03.06 Sichtbare Aush\u00e4nge zum Thema Taschendiebe und gemeinsame Aktionen mit \u2026<\/p>\n<p class=\"continue-reading-button\"> <a class=\"continue-reading-link\" href=\"https:\/\/berliner-toleranzbuendnis.de\/?page_id=363\">&gt;&gt; Mehr<i class=\"crycon-right-dir\"><\/i><\/a><\/p>\n","protected":false},"author":1,"featured_media":0,"parent":102,"menu_order":7,"comment_status":"closed","ping_status":"closed","template":"","meta":{"footnotes":""},"class_list":["post-363","page","type-page","status-publish","hentry"],"_links":{"self":[{"href":"https:\/\/berliner-toleranzbuendnis.de\/index.php?rest_route=\/wp\/v2\/pages\/363","targetHints":{"allow":["GET"]}}],"collection":[{"href":"https:\/\/berliner-toleranzbuendnis.de\/index.php?rest_route=\/wp\/v2\/pages"}],"about":[{"href":"https:\/\/berliner-toleranzbuendnis.de\/index.php?rest_route=\/wp\/v2\/types\/page"}],"author":[{"embeddable":true,"href":"https:\/\/berliner-toleranzbuendnis.de\/index.php?rest_route=\/wp\/v2\/users\/1"}],"replies":[{"embeddable":true,"href":"https:\/\/berliner-toleranzbuendnis.de\/index.php?rest_route=%2Fwp%2Fv2%2Fcomments&post=363"}],"version-history":[{"count":7,"href":"https:\/\/berliner-toleranzbuendnis.de\/index.php?rest_route=\/wp\/v2\/pages\/363\/revisions"}],"predecessor-version":[{"id":407,"href":"https:\/\/berliner-toleranzbuendnis.de\/index.php?rest_route=\/wp\/v2\/pages\/363\/revisions\/407"}],"up":[{"embeddable":true,"href":"https:\/\/berliner-toleranzbuendnis.de\/index.php?rest_route=\/wp\/v2\/pages\/102"}],"wp:attachment":[{"href":"https:\/\/berliner-toleranzbuendnis.de\/index.php?rest_route=%2Fwp%2Fv2%2Fmedia&parent=363"}],"curies":[{"name":"wp","href":"https:\/\/api.w.org\/{rel}","templated":true}]}}