{"id":358,"date":"2015-01-15T18:01:22","date_gmt":"2015-01-15T18:01:22","guid":{"rendered":"http:\/\/berliner-toleranzbuendnis.de\/?page_id=358"},"modified":"2015-01-16T18:13:11","modified_gmt":"2015-01-16T18:13:11","slug":"aufklaerung-mit-plakaten-faltblaettern-anzeigen","status":"publish","type":"page","link":"https:\/\/berliner-toleranzbuendnis.de\/?page_id=358","title":{"rendered":"Aufkl\u00e4rung mit Plakaten, Faltbl\u00e4ttern, Anzeigen"},"content":{"rendered":"<h4>Aufkl\u00e4rung mit Plakaten, Faltbl\u00e4ttern, Anzeigen<br \/>\nGegen die Bagatellisierung homophober Gewalt<\/h4>\n<p><a href=\"http:\/\/berliner-toleranzbuendnis.de\/wp-content\/uploads\/2015\/01\/141010_BTB_MANEO_Handout_page88_image125.jpg\"><img loading=\"lazy\" decoding=\"async\" class=\" size-medium wp-image-359 alignright\" src=\"http:\/\/berliner-toleranzbuendnis.de\/wp-content\/uploads\/2015\/01\/141010_BTB_MANEO_Handout_page88_image125-180x300.jpg\" alt=\"\" width=\"180\" height=\"300\" srcset=\"https:\/\/berliner-toleranzbuendnis.de\/wp-content\/uploads\/2015\/01\/141010_BTB_MANEO_Handout_page88_image125-180x300.jpg 180w, https:\/\/berliner-toleranzbuendnis.de\/wp-content\/uploads\/2015\/01\/141010_BTB_MANEO_Handout_page88_image125-90x150.jpg 90w, https:\/\/berliner-toleranzbuendnis.de\/wp-content\/uploads\/2015\/01\/141010_BTB_MANEO_Handout_page88_image125.jpg 307w\" sizes=\"auto, (max-width: 180px) 100vw, 180px\" \/><\/a> MANEO warnte davor, homophobe Gewalt zu verharmlosen. Mit seinemInformationsmaterial will MANEO vor allem eins erreichen: in Berlin wird ho-mophobe Diskriminierung und Gewalt ernst genommen. MANEO weist da-rauf hingewiesen, dass es nicht nur um k\u00f6rperliche Angriffe sind, die das Spektrum homophober \u00dcbergriffe ausmacht, sondern auch Ausgrenzung und Diskriminierung. Gerade f\u00fcr junge Menschen ist es f\u00fcr die Entwicklung eines gesundes Selbstvertrauens wichtig, dass sie Anteilnahme und Solidarit\u00e4t erfahren. Sonst sind sie gef\u00e4hrdet.<br \/>\nEine Gefahr geht weiterhin von der vorherrschenden Bagatellisierung homophober Gewalttaten aus: Das betrifft vor allem Schwache in der Gesellschaft, wie eben auch junge und heranwachsende Menschen. Eine Atmosph\u00e4re, die mit Angst und Aggressionen gegen\u00fcber LSBT* angereichert ist, kann gravierende Folgen hinter-lassen \u2013 besonders dann, wenn Betroffene keinen Zugang zu Beratung und Un-terst\u00fctzung haben. Informationen und gesellschaftliche Aufkl\u00e4rung sind wichtige Beitr\u00e4ge in der gewaltpr\u00e4ventiven \u00d6ffentlichkeitsarbeit.<\/p>\n<p><a href=\"http:\/\/berliner-toleranzbuendnis.de\/wp-content\/uploads\/2015\/01\/141010_BTB_MANEO_Handout_page88_image126.jpg\"><img loading=\"lazy\" decoding=\"async\" class=\"aligncenter wp-image-360\" src=\"http:\/\/berliner-toleranzbuendnis.de\/wp-content\/uploads\/2015\/01\/141010_BTB_MANEO_Handout_page88_image126-300x213.jpg\" alt=\"\" width=\"600\" height=\"425\" srcset=\"https:\/\/berliner-toleranzbuendnis.de\/wp-content\/uploads\/2015\/01\/141010_BTB_MANEO_Handout_page88_image126-300x213.jpg 300w, https:\/\/berliner-toleranzbuendnis.de\/wp-content\/uploads\/2015\/01\/141010_BTB_MANEO_Handout_page88_image126-212x150.jpg 212w, https:\/\/berliner-toleranzbuendnis.de\/wp-content\/uploads\/2015\/01\/141010_BTB_MANEO_Handout_page88_image126-150x106.jpg 150w, https:\/\/berliner-toleranzbuendnis.de\/wp-content\/uploads\/2015\/01\/141010_BTB_MANEO_Handout_page88_image126.jpg 924w\" sizes=\"auto, (max-width: 600px) 100vw, 600px\" \/><\/a><\/p>\n","protected":false},"excerpt":{"rendered":"<p>Aufkl\u00e4rung mit Plakaten, Faltbl\u00e4ttern, Anzeigen Gegen die Bagatellisierung homophober Gewalt MANEO warnte davor, homophobe Gewalt zu verharmlosen. Mit seinemInformationsmaterial will MANEO vor allem eins erreichen: in Berlin wird ho-mophobe Diskriminierung und Gewalt ernst genommen. MANEO weist da-rauf hingewiesen, dass es nicht nur um k\u00f6rperliche Angriffe sind, die das Spektrum homophober \u2026<\/p>\n<p class=\"continue-reading-button\"> <a class=\"continue-reading-link\" href=\"https:\/\/berliner-toleranzbuendnis.de\/?page_id=358\">&gt;&gt; Mehr<i class=\"crycon-right-dir\"><\/i><\/a><\/p>\n","protected":false},"author":1,"featured_media":0,"parent":102,"menu_order":6,"comment_status":"closed","ping_status":"closed","template":"","meta":{"footnotes":""},"class_list":["post-358","page","type-page","status-publish","hentry"],"_links":{"self":[{"href":"https:\/\/berliner-toleranzbuendnis.de\/index.php?rest_route=\/wp\/v2\/pages\/358","targetHints":{"allow":["GET"]}}],"collection":[{"href":"https:\/\/berliner-toleranzbuendnis.de\/index.php?rest_route=\/wp\/v2\/pages"}],"about":[{"href":"https:\/\/berliner-toleranzbuendnis.de\/index.php?rest_route=\/wp\/v2\/types\/page"}],"author":[{"embeddable":true,"href":"https:\/\/berliner-toleranzbuendnis.de\/index.php?rest_route=\/wp\/v2\/users\/1"}],"replies":[{"embeddable":true,"href":"https:\/\/berliner-toleranzbuendnis.de\/index.php?rest_route=%2Fwp%2Fv2%2Fcomments&post=358"}],"version-history":[{"count":3,"href":"https:\/\/berliner-toleranzbuendnis.de\/index.php?rest_route=\/wp\/v2\/pages\/358\/revisions"}],"predecessor-version":[{"id":401,"href":"https:\/\/berliner-toleranzbuendnis.de\/index.php?rest_route=\/wp\/v2\/pages\/358\/revisions\/401"}],"up":[{"embeddable":true,"href":"https:\/\/berliner-toleranzbuendnis.de\/index.php?rest_route=\/wp\/v2\/pages\/102"}],"wp:attachment":[{"href":"https:\/\/berliner-toleranzbuendnis.de\/index.php?rest_route=%2Fwp%2Fv2%2Fmedia&parent=358"}],"curies":[{"name":"wp","href":"https:\/\/api.w.org\/{rel}","templated":true}]}}