{"id":347,"date":"2015-01-15T00:40:35","date_gmt":"2015-01-15T00:40:35","guid":{"rendered":"http:\/\/berliner-toleranzbuendnis.de\/?page_id=347"},"modified":"2015-01-15T15:42:33","modified_gmt":"2015-01-15T15:42:33","slug":"347-2","status":"publish","type":"page","link":"https:\/\/berliner-toleranzbuendnis.de\/?page_id=347","title":{"rendered":"Gewaltpr\u00e4ventive Vorort-Arbeit"},"content":{"rendered":"<p><a href=\"http:\/\/berliner-toleranzbuendnis.de\/wp-content\/uploads\/2015\/01\/141010_BTB_MANEO_Handout_page88_image121.jpg\"><img loading=\"lazy\" decoding=\"async\" class=\"wp-image-349 size-medium\" src=\"http:\/\/berliner-toleranzbuendnis.de\/wp-content\/uploads\/2015\/01\/141010_BTB_MANEO_Handout_page88_image121-300x200.jpg\" alt=\"\" width=\"300\" height=\"200\" srcset=\"https:\/\/berliner-toleranzbuendnis.de\/wp-content\/uploads\/2015\/01\/141010_BTB_MANEO_Handout_page88_image121-300x200.jpg 300w, https:\/\/berliner-toleranzbuendnis.de\/wp-content\/uploads\/2015\/01\/141010_BTB_MANEO_Handout_page88_image121-226x150.jpg 226w, https:\/\/berliner-toleranzbuendnis.de\/wp-content\/uploads\/2015\/01\/141010_BTB_MANEO_Handout_page88_image121-150x100.jpg 150w, https:\/\/berliner-toleranzbuendnis.de\/wp-content\/uploads\/2015\/01\/141010_BTB_MANEO_Handout_page88_image121.jpg 663w\" sizes=\"auto, (max-width: 300px) 100vw, 300px\" \/><\/a><\/p>\n<h5 style=\"text-align: center;\"><em>12.01.2012: F\u00fcr mehr Achtsamkeit und Solidarit\u00e4t: Die sechs MANEO-Nachtflugbegleiter sind in den Berliner Szenen unterwegs, hier vor der Gro\u00dfen Freiheit in Friedrichshain.<\/em><\/h5>\n<p><strong>Mit seinem ehrenamtlichen Vorort-Team \u201edie Nachtflugbegleiter\u201c zieht MANEO nachts durch die Berliner Szenen und leistet gewaltpr\u00e4ventive Vorort-Arbeit. Sie verteilen Sicherheitshinweise und weisen auf Gefahren und Hilfsangebote hin. Und sie werben f\u00fcr mehr Achtsamkeit und Solidarit\u00e4t.<\/strong><\/p>\n<p>Wieder waren die Nachtflugbegleiter zwischen 22 Uhr und 04 Uhr morgens unterwegs.<\/p>\n<p>\u201eWir haben mit so vielen Menschen gesprochen, auch mit vielen Touristen\u201c, so Nachtflugbegleiterin Fr\u00e4ulein Patzy Wella-Schwarzkopf. \u201eWir m\u00fcssen regelm\u00e4\u00dfig um Achtsamkeit werben, auch zum Thema \u201aKO-Tropfen\u2019 und \u201aBlind Dates\u2019\u201c, betonte Nachtflugbegleiterin Fr\u00e4ulein Lotti Loretta Mopps.<\/p>\n<p><a href=\"http:\/\/berliner-toleranzbuendnis.de\/wp-content\/uploads\/2015\/01\/141010_BTB_MANEO_Handout_page88_image120.jpg\"><img loading=\"lazy\" decoding=\"async\" class=\"wp-image-348 size-medium\" src=\"http:\/\/berliner-toleranzbuendnis.de\/wp-content\/uploads\/2015\/01\/141010_BTB_MANEO_Handout_page88_image120-300x256.jpg\" alt=\"\" width=\"300\" height=\"256\" srcset=\"https:\/\/berliner-toleranzbuendnis.de\/wp-content\/uploads\/2015\/01\/141010_BTB_MANEO_Handout_page88_image120-300x256.jpg 300w, https:\/\/berliner-toleranzbuendnis.de\/wp-content\/uploads\/2015\/01\/141010_BTB_MANEO_Handout_page88_image120-176x150.jpg 176w, https:\/\/berliner-toleranzbuendnis.de\/wp-content\/uploads\/2015\/01\/141010_BTB_MANEO_Handout_page88_image120-150x128.jpg 150w, https:\/\/berliner-toleranzbuendnis.de\/wp-content\/uploads\/2015\/01\/141010_BTB_MANEO_Handout_page88_image120.jpg 683w\" sizes=\"auto, (max-width: 300px) 100vw, 300px\" \/><\/a><\/p>\n<h5 style=\"text-align: center;\"><em>Die MANEO-Nachtflugbegleiter hei\u00dfen Berlin-Besucher auf dem Flughafen Tegel willkommen und empfehlen, die Sicherheitsanweisungen Tag und Nacht zu befolgen.<\/em><\/h5>\n<p>\u201eDie Idee mit den MANEO-Nachtflugbegleitern entstand vor vielen Jahren. \u201eRealisieren konnten wir sie jedoch erst 2010\u201c, so B\u00e4rbel von der Panke, M<em>a\u00eetresse de Cabine<\/em><em>. \u201e<\/em>Unsere ehrenamtlichen Mitarbeiter haben Spa\u00df an dieser Arbeit.\u201c<\/p>\n<p>Jeden Monat ziehen die Nachtflugbegleiter durch unterschiedliche Berliner Szeneorte und vermitteln eine ernste und wichtige Botschaft \u2013 unaufdringlich und zug\u00e4nglich. Das die MANEO-Pr\u00e4ventionsarbeit erforderlich ist, belegen die anhaltend hohen Meldungen \u00fcber Gewaltstraftaten, von denen LSBT* betroffen sind und MANEO bekannt werden.<\/p>\n<p>&nbsp;<\/p>\n","protected":false},"excerpt":{"rendered":"<p>12.01.2012: F\u00fcr mehr Achtsamkeit und Solidarit\u00e4t: Die sechs MANEO-Nachtflugbegleiter sind in den Berliner Szenen unterwegs, hier vor der Gro\u00dfen Freiheit in Friedrichshain. Mit seinem ehrenamtlichen Vorort-Team \u201edie Nachtflugbegleiter\u201c zieht MANEO nachts durch die Berliner Szenen und leistet gewaltpr\u00e4ventive Vorort-Arbeit. Sie verteilen Sicherheitshinweise und weisen auf Gefahren und Hilfsangebote hin. Und \u2026<\/p>\n<p class=\"continue-reading-button\"> <a class=\"continue-reading-link\" href=\"https:\/\/berliner-toleranzbuendnis.de\/?page_id=347\">&gt;&gt; Mehr<i class=\"crycon-right-dir\"><\/i><\/a><\/p>\n","protected":false},"author":1,"featured_media":0,"parent":102,"menu_order":4,"comment_status":"closed","ping_status":"closed","template":"","meta":{"footnotes":""},"class_list":["post-347","page","type-page","status-publish","hentry"],"_links":{"self":[{"href":"https:\/\/berliner-toleranzbuendnis.de\/index.php?rest_route=\/wp\/v2\/pages\/347","targetHints":{"allow":["GET"]}}],"collection":[{"href":"https:\/\/berliner-toleranzbuendnis.de\/index.php?rest_route=\/wp\/v2\/pages"}],"about":[{"href":"https:\/\/berliner-toleranzbuendnis.de\/index.php?rest_route=\/wp\/v2\/types\/page"}],"author":[{"embeddable":true,"href":"https:\/\/berliner-toleranzbuendnis.de\/index.php?rest_route=\/wp\/v2\/users\/1"}],"replies":[{"embeddable":true,"href":"https:\/\/berliner-toleranzbuendnis.de\/index.php?rest_route=%2Fwp%2Fv2%2Fcomments&post=347"}],"version-history":[{"count":5,"href":"https:\/\/berliner-toleranzbuendnis.de\/index.php?rest_route=\/wp\/v2\/pages\/347\/revisions"}],"predecessor-version":[{"id":357,"href":"https:\/\/berliner-toleranzbuendnis.de\/index.php?rest_route=\/wp\/v2\/pages\/347\/revisions\/357"}],"up":[{"embeddable":true,"href":"https:\/\/berliner-toleranzbuendnis.de\/index.php?rest_route=\/wp\/v2\/pages\/102"}],"wp:attachment":[{"href":"https:\/\/berliner-toleranzbuendnis.de\/index.php?rest_route=%2Fwp%2Fv2%2Fmedia&parent=347"}],"curies":[{"name":"wp","href":"https:\/\/api.w.org\/{rel}","templated":true}]}}