{"id":337,"date":"2015-01-15T00:30:36","date_gmt":"2015-01-15T00:30:36","guid":{"rendered":"http:\/\/berliner-toleranzbuendnis.de\/?page_id=337"},"modified":"2015-01-15T00:30:36","modified_gmt":"2015-01-15T00:30:36","slug":"praesentation-konkreter-massnahmen","status":"publish","type":"page","link":"https:\/\/berliner-toleranzbuendnis.de\/?page_id=337","title":{"rendered":"Pr\u00e4sentation konkreter Ma\u00dfnahmen"},"content":{"rendered":"<p><strong>Pr\u00e4sentation konkreter Ma\u00dfnahmen<\/strong><\/p>\n<p>Neue Kampagne gegen \u201eKO-Tropfen\u201c pr\u00e4sentiert<\/p>\n<p>In der Folge schwerer Gewalttaten und T\u00f6tungsdelikte, die sich im Fr\u00fchjahr 2012 im Zusammenhang mit so genannten \u201eK.O.-Tropfen\u201c, teilweise auch von sexuellen \u00dcbergriffen begleitet, in Berlin ereignet hatten, war in den schwulen Szenen gro\u00dfe Verunsicherung entstanden. Als Reaktion darauf konzipierte MANEO das Informationsprojekt \u201eK.O.-Tropfen\u201c und sexuellen \u00dcbergriffen in den Berliner Szenen entgegentreten mit dem Ziel, in den Szenen zu informieren und aufzu-kl\u00e4ren, praktische Hinweise f\u00fcr Betroffene und Zeugen zu geben, und so zu einem offenen und selbstbewussten Umgang mit bestehenden Risiken zu animieren.<\/p>\n<p><a href=\"http:\/\/berliner-toleranzbuendnis.de\/wp-content\/uploads\/2015\/01\/141010_BTB_MANEO_Handout_page88_image111.jpg\"><img loading=\"lazy\" decoding=\"async\" class=\"alignnone wp-image-338 \" src=\"http:\/\/berliner-toleranzbuendnis.de\/wp-content\/uploads\/2015\/01\/141010_BTB_MANEO_Handout_page88_image111.jpg\" alt=\"141010_BTB_MANEO_Handout_page88_image111\" width=\"224\" height=\"466\" srcset=\"https:\/\/berliner-toleranzbuendnis.de\/wp-content\/uploads\/2015\/01\/141010_BTB_MANEO_Handout_page88_image111.jpg 218w, https:\/\/berliner-toleranzbuendnis.de\/wp-content\/uploads\/2015\/01\/141010_BTB_MANEO_Handout_page88_image111-144x300.jpg 144w, https:\/\/berliner-toleranzbuendnis.de\/wp-content\/uploads\/2015\/01\/141010_BTB_MANEO_Handout_page88_image111-72x150.jpg 72w\" sizes=\"auto, (max-width: 224px) 100vw, 224px\" \/><\/a>\u00a0\u00a0\u00a0\u00a0\u00a0 <a href=\"http:\/\/berliner-toleranzbuendnis.de\/wp-content\/uploads\/2015\/01\/141010_BTB_MANEO_Handout_page88_image112.jpg\"><img loading=\"lazy\" decoding=\"async\" class=\"alignnone wp-image-339 size-full\" src=\"http:\/\/berliner-toleranzbuendnis.de\/wp-content\/uploads\/2015\/01\/141010_BTB_MANEO_Handout_page88_image112.jpg\" alt=\"141010_BTB_MANEO_Handout_page88_image112\" width=\"223\" height=\"465\" srcset=\"https:\/\/berliner-toleranzbuendnis.de\/wp-content\/uploads\/2015\/01\/141010_BTB_MANEO_Handout_page88_image112.jpg 223w, https:\/\/berliner-toleranzbuendnis.de\/wp-content\/uploads\/2015\/01\/141010_BTB_MANEO_Handout_page88_image112-144x300.jpg 144w, https:\/\/berliner-toleranzbuendnis.de\/wp-content\/uploads\/2015\/01\/141010_BTB_MANEO_Handout_page88_image112-72x150.jpg 72w\" sizes=\"auto, (max-width: 223px) 100vw, 223px\" \/><\/a><\/p>\n<p>Finanziell erm\u00f6glicht wurde das Projekt durch die Landeskommission Berlin gegen Gewalt, die Senatsverwaltung f\u00fcr Arbeit, Integration und Frauen und Szene-Institutionen \u201aSchwuZ\u2018 in Kreuzberg, \u201aGro\u00dfe Freiheit 114\u2018 in Friedrichshain, und \u201aScheune\u2018 in Sch\u00f6neberg.<br \/>\nIn Zusammenarbeit mit Fachstellen der Polizei Berlin, der Staatsanwaltschaft Berlin und Expertinnen und Experten aus Gerichtsmedizin, psychosomatischer Medizin und aus Frauenprojekten entwickelten wir Informationsmaterial zu den Themen \u201eK.O.-Tropfen\u201c und \u201esexuelle \u00dcbergriffe\u201c. Entstanden sind zwei in deutscher und englischer Sprache verfasste Faltbl\u00e4tter, zwei zweisprachige Plakate sowie eine Postkarte.<br \/>\nDas Informationsangebot ist auf der MANEO-Website www.maneo.de au\u00dferdem auf Franz\u00f6sisch, Spanisch, Polnisch, Russisch und T\u00fcrkisch zug\u00e4nglich. Mit dem mehrsprachigen Informationen sollen auch Touristen ansprechen werden.<br \/>\nDas Informationsmaterial wurde am 08.02.13 in einem Pressegespr\u00e4ch und auf einer MANEO-Soiree der \u00d6ffentlichkeit vorgestellt. \u00dcber das Pr\u00e4ventionsprojekt berichteten unter anderen die Berliner Abendschau des RBB-Fernsehens, der Tagesspiegel, taz \u2013 die tageszeitung, die BILD-Zeitung und die Siegess\u00e4ule.<\/p>\n<p><a href=\"http:\/\/berliner-toleranzbuendnis.de\/wp-content\/uploads\/2015\/01\/141010_BTB_MANEO_Handout_page88_image116.jpg\"><img loading=\"lazy\" decoding=\"async\" class=\"alignnone wp-image-340 size-large\" src=\"http:\/\/berliner-toleranzbuendnis.de\/wp-content\/uploads\/2015\/01\/141010_BTB_MANEO_Handout_page88_image116-724x1024.jpg\" alt=\"141010_BTB_MANEO_Handout_page88_image116\" width=\"724\" height=\"1024\" srcset=\"https:\/\/berliner-toleranzbuendnis.de\/wp-content\/uploads\/2015\/01\/141010_BTB_MANEO_Handout_page88_image116-724x1024.jpg 724w, https:\/\/berliner-toleranzbuendnis.de\/wp-content\/uploads\/2015\/01\/141010_BTB_MANEO_Handout_page88_image116-212x300.jpg 212w, https:\/\/berliner-toleranzbuendnis.de\/wp-content\/uploads\/2015\/01\/141010_BTB_MANEO_Handout_page88_image116-106x150.jpg 106w, https:\/\/berliner-toleranzbuendnis.de\/wp-content\/uploads\/2015\/01\/141010_BTB_MANEO_Handout_page88_image116.jpg 1209w\" sizes=\"auto, (max-width: 724px) 100vw, 724px\" \/><\/a><\/p>\n<p>&nbsp;<\/p>\n","protected":false},"excerpt":{"rendered":"<p>Pr\u00e4sentation konkreter Ma\u00dfnahmen Neue Kampagne gegen \u201eKO-Tropfen\u201c pr\u00e4sentiert In der Folge schwerer Gewalttaten und T\u00f6tungsdelikte, die sich im Fr\u00fchjahr 2012 im Zusammenhang mit so genannten \u201eK.O.-Tropfen\u201c, teilweise auch von sexuellen \u00dcbergriffen begleitet, in Berlin ereignet hatten, war in den schwulen Szenen gro\u00dfe Verunsicherung entstanden. Als Reaktion darauf konzipierte MANEO das \u2026<\/p>\n<p class=\"continue-reading-button\"> <a class=\"continue-reading-link\" href=\"https:\/\/berliner-toleranzbuendnis.de\/?page_id=337\">&gt;&gt; Mehr<i class=\"crycon-right-dir\"><\/i><\/a><\/p>\n","protected":false},"author":1,"featured_media":0,"parent":102,"menu_order":3,"comment_status":"closed","ping_status":"closed","template":"","meta":{"footnotes":""},"class_list":["post-337","page","type-page","status-publish","hentry"],"_links":{"self":[{"href":"https:\/\/berliner-toleranzbuendnis.de\/index.php?rest_route=\/wp\/v2\/pages\/337","targetHints":{"allow":["GET"]}}],"collection":[{"href":"https:\/\/berliner-toleranzbuendnis.de\/index.php?rest_route=\/wp\/v2\/pages"}],"about":[{"href":"https:\/\/berliner-toleranzbuendnis.de\/index.php?rest_route=\/wp\/v2\/types\/page"}],"author":[{"embeddable":true,"href":"https:\/\/berliner-toleranzbuendnis.de\/index.php?rest_route=\/wp\/v2\/users\/1"}],"replies":[{"embeddable":true,"href":"https:\/\/berliner-toleranzbuendnis.de\/index.php?rest_route=%2Fwp%2Fv2%2Fcomments&post=337"}],"version-history":[{"count":1,"href":"https:\/\/berliner-toleranzbuendnis.de\/index.php?rest_route=\/wp\/v2\/pages\/337\/revisions"}],"predecessor-version":[{"id":341,"href":"https:\/\/berliner-toleranzbuendnis.de\/index.php?rest_route=\/wp\/v2\/pages\/337\/revisions\/341"}],"up":[{"embeddable":true,"href":"https:\/\/berliner-toleranzbuendnis.de\/index.php?rest_route=\/wp\/v2\/pages\/102"}],"wp:attachment":[{"href":"https:\/\/berliner-toleranzbuendnis.de\/index.php?rest_route=%2Fwp%2Fv2%2Fmedia&parent=337"}],"curies":[{"name":"wp","href":"https:\/\/api.w.org\/{rel}","templated":true}]}}