{"id":334,"date":"2015-01-15T00:27:30","date_gmt":"2015-01-15T00:27:30","guid":{"rendered":"http:\/\/berliner-toleranzbuendnis.de\/?page_id=334"},"modified":"2015-01-15T00:27:40","modified_gmt":"2015-01-15T00:27:40","slug":"praesentation-von-arbeitsergebnissen","status":"publish","type":"page","link":"https:\/\/berliner-toleranzbuendnis.de\/?page_id=334","title":{"rendered":"Pr\u00e4sentation von Arbeitsergebnissen"},"content":{"rendered":"<p><strong>Pr\u00e4sentation von Arbeitsergebnissen<\/strong><\/p>\n<p><strong>MANEO erhellt Dunkelfeld: 290 neue F\u00e4lle in Berlin<\/strong><\/p>\n<p><em>16.05.2013: Pressekonferenz mit Justizstaatsekret\u00e4r Alexander Stra\u00dfmeir bei MANEO. Im Foto v.l.n.r: Moritz Konradi (MANEO), Bastian Finke (Leiter von MANEO), Staatssekret\u00e4r f\u00fcr Justiz Alexander Stra\u00dfmeir, und Harald Kr\u00f6ger, Ansprechpartner der Berliner Polizei f\u00fcr gleichgeschlechtliche Lebensweisen. Foto \u00a9 MANEO.<\/em><\/p>\n<p><a href=\"http:\/\/berliner-toleranzbuendnis.de\/wp-content\/uploads\/2015\/01\/141010_BTB_MANEO_Handout_page88_image107.jpg\"><img loading=\"lazy\" decoding=\"async\" class=\" wp-image-335 aligncenter\" src=\"http:\/\/berliner-toleranzbuendnis.de\/wp-content\/uploads\/2015\/01\/141010_BTB_MANEO_Handout_page88_image107-300x214.jpg\" alt=\"\" width=\"400\" height=\"285\" srcset=\"https:\/\/berliner-toleranzbuendnis.de\/wp-content\/uploads\/2015\/01\/141010_BTB_MANEO_Handout_page88_image107-300x214.jpg 300w, https:\/\/berliner-toleranzbuendnis.de\/wp-content\/uploads\/2015\/01\/141010_BTB_MANEO_Handout_page88_image107-210x150.jpg 210w, https:\/\/berliner-toleranzbuendnis.de\/wp-content\/uploads\/2015\/01\/141010_BTB_MANEO_Handout_page88_image107-150x107.jpg 150w, https:\/\/berliner-toleranzbuendnis.de\/wp-content\/uploads\/2015\/01\/141010_BTB_MANEO_Handout_page88_image107.jpg 679w\" sizes=\"auto, (max-width: 400px) 100vw, 400px\" \/><\/a><\/p>\n<p><strong>16.05.2013: \u201eAufgrund der Dimension der Gewalt muss Homophobie und Trans*-phobie als gesamtgesellschaftliche Her-ausforderung ernst genommen werden\u201c, erkl\u00e4rte Bastian Finke, Leiter von MANEO, anl\u00e4sslich einer Pressekonferenz zum MANEO-Report 2013.<\/strong><\/p>\n<p>2013 wurden MANEO 500 neue F\u00e4lle und Hinweise gemeldet (2012: 474 F\u00e4lle). Davon boten 353 F\u00e4lle gen\u00fcgend Anhaltspunkte f\u00fcr eine Auswertung. 259 F\u00e4lle bezogen sich auf Berlin und hatten einen homophoben Hintergrund. 246 F\u00e4lle richteten sich gegen Schwule und m\u00e4nnliche Bisexuelle, 13 F\u00e4lle gegen Lesben, 23 F\u00e4lle gegen Trans*-Personen, 8 F\u00e4lle gegen LSBT* als Gruppe insgesamt. 49 F\u00e4lle zum Nachteil von LSBT*-Personen mit Tatort Berlin zeigten keinen homophoben oder trans*phoben Hintergrund, und 14 F\u00e4lle lagen au\u00dferhalb Berlins.<\/p>\n<p>\u201eDie Fallzahlen liegen gegen\u00fcber den Vorjahren auf gleichbleibend hohem Niveau\u201c, erkl\u00e4rte Bastian Finke. MANEO und die Polizei Berlin gehen davon aus, dass 80-90 % der homophoben Gewalttaten in Berlin nicht gemeldet werden.<\/p>\n<p><strong>Weitere Ergebniss des MANEO-Reports 2013<\/strong><\/p>\n<p>Die dominierenden Deliktformen bei schwulenfeindlichen\/ homophoben Gewalttaten sind: einfache Beleidigungen: 19%; einfache und gef\u00e4hrliche K\u00f6rperverletzungen: 22%; N\u00f6tigungen und Bedrohungen: 14%; Raubstraftaten: 28%. Tatorte sind \u00fcberwiegend: das \u00f6ffentliche Stra\u00dfenland: 36%, Wohnungen und unmittelbares Wohnumfeld: 19%, Cruisingorte: 9%, Hotels und Pensionen: 6%. Die auff\u00e4llige Zunahme von Vorf\u00e4llen in Sch\u00f6neberg hatte Anfang des Jahres zu einer Intensivierung der Gespr\u00e4che zwischen MANEO und der Polizei gef\u00fchrt, die zum Jahresende zu einer deutlichen Abnahme von Vorkommnissen in Sch\u00f6neberg gef\u00fchrt hatten.<\/p>\n<p><strong>Sichtbare und ermutigende Signale<\/strong><\/p>\n<p>Sichtbare und mutige Signale sind erforderlich, um homophober Hassgewalt entgegen zu treten. Das will MANEO u.a. auch mit dem \u201aBerliner Toleranzb\u00fcndnis\u2018 bewirken. Verhindert werden soll, dass LSBT* aus der \u00d6ffentlichkeit verdr\u00e4ngt und in die Isolation getrieben werden. Der vollst\u00e4ndige MANEO-Report 2013:<\/p>\n<p><a href=\"http:\/\/www.maneo.de\/infopool\/dokumentationen.html?eID=dam_frontend_push&amp;docID=897\">www.maneo.de\/infopool\/dokumentationen.html?eID=dam_frontend_push&amp;docID=897<\/a><\/p>\n","protected":false},"excerpt":{"rendered":"<p>Pr\u00e4sentation von Arbeitsergebnissen MANEO erhellt Dunkelfeld: 290 neue F\u00e4lle in Berlin 16.05.2013: Pressekonferenz mit Justizstaatsekret\u00e4r Alexander Stra\u00dfmeir bei MANEO. Im Foto v.l.n.r: Moritz Konradi (MANEO), Bastian Finke (Leiter von MANEO), Staatssekret\u00e4r f\u00fcr Justiz Alexander Stra\u00dfmeir, und Harald Kr\u00f6ger, Ansprechpartner der Berliner Polizei f\u00fcr gleichgeschlechtliche Lebensweisen. Foto \u00a9 MANEO. 16.05.2013: \u201eAufgrund \u2026<\/p>\n<p class=\"continue-reading-button\"> <a class=\"continue-reading-link\" href=\"https:\/\/berliner-toleranzbuendnis.de\/?page_id=334\">&gt;&gt; Mehr<i class=\"crycon-right-dir\"><\/i><\/a><\/p>\n","protected":false},"author":1,"featured_media":0,"parent":102,"menu_order":0,"comment_status":"closed","ping_status":"closed","template":"","meta":{"footnotes":""},"class_list":["post-334","page","type-page","status-publish","hentry"],"_links":{"self":[{"href":"https:\/\/berliner-toleranzbuendnis.de\/index.php?rest_route=\/wp\/v2\/pages\/334","targetHints":{"allow":["GET"]}}],"collection":[{"href":"https:\/\/berliner-toleranzbuendnis.de\/index.php?rest_route=\/wp\/v2\/pages"}],"about":[{"href":"https:\/\/berliner-toleranzbuendnis.de\/index.php?rest_route=\/wp\/v2\/types\/page"}],"author":[{"embeddable":true,"href":"https:\/\/berliner-toleranzbuendnis.de\/index.php?rest_route=\/wp\/v2\/users\/1"}],"replies":[{"embeddable":true,"href":"https:\/\/berliner-toleranzbuendnis.de\/index.php?rest_route=%2Fwp%2Fv2%2Fcomments&post=334"}],"version-history":[{"count":1,"href":"https:\/\/berliner-toleranzbuendnis.de\/index.php?rest_route=\/wp\/v2\/pages\/334\/revisions"}],"predecessor-version":[{"id":336,"href":"https:\/\/berliner-toleranzbuendnis.de\/index.php?rest_route=\/wp\/v2\/pages\/334\/revisions\/336"}],"up":[{"embeddable":true,"href":"https:\/\/berliner-toleranzbuendnis.de\/index.php?rest_route=\/wp\/v2\/pages\/102"}],"wp:attachment":[{"href":"https:\/\/berliner-toleranzbuendnis.de\/index.php?rest_route=%2Fwp%2Fv2%2Fmedia&parent=334"}],"curies":[{"name":"wp","href":"https:\/\/api.w.org\/{rel}","templated":true}]}}