{"id":115,"date":"2015-01-09T12:02:12","date_gmt":"2015-01-09T12:02:12","guid":{"rendered":"http:\/\/localhost\/wordpress\/?page_id=115"},"modified":"2015-01-13T20:00:30","modified_gmt":"2015-01-13T20:00:30","slug":"maneo-zusammengefasst","status":"publish","type":"page","link":"https:\/\/berliner-toleranzbuendnis.de\/?page_id=115","title":{"rendered":"MANEO zusammengefasst"},"content":{"rendered":"<h5><span style=\"color: #ff9900;\">Menschen verbinden. Vielfalt und Toleranz leben.<\/span><\/h5>\n<p>MANEO \u2013 Das schwule Anti-Gewalt Projekt in Berlin \u2013 ist ein eigenst\u00e4ndiges Projekt von Mann-O-Meter e.V. und besteht seit 24 Jahren. Es ist das \u00e4lteste, bekannteste und erfahrenste schwule Anti-Gewalt-Projekt in Deutschland. Her-ausragend dabei ist das ehrenamtliche Engagement, mit dem sich viele Menschen f\u00fcr MANEO einsetzen. Finanziell wird die Projektarbeit anteilig von der Berliner Senatsverwaltung gef\u00f6rdert.<\/p>\n<p><a href=\"http:\/\/berliner-toleranzbuendnis.de\/wp-content\/uploads\/2015\/01\/141010_BTB_MANEO_Handout_page88_image369.jpg\"><img loading=\"lazy\" decoding=\"async\" class=\"  wp-image-118 size-medium alignright\" src=\"http:\/\/berliner-toleranzbuendnis.de\/wp-content\/uploads\/2015\/01\/141010_BTB_MANEO_Handout_page88_image369-224x300.jpg\" alt=\"\" width=\"224\" height=\"300\" srcset=\"https:\/\/berliner-toleranzbuendnis.de\/wp-content\/uploads\/2015\/01\/141010_BTB_MANEO_Handout_page88_image369-224x300.jpg 224w, https:\/\/berliner-toleranzbuendnis.de\/wp-content\/uploads\/2015\/01\/141010_BTB_MANEO_Handout_page88_image369-766x1024.jpg 766w, https:\/\/berliner-toleranzbuendnis.de\/wp-content\/uploads\/2015\/01\/141010_BTB_MANEO_Handout_page88_image369.jpg 808w\" sizes=\"auto, (max-width: 224px) 100vw, 224px\" \/><\/a>Im Fokus der Arbeit stehen vier Kernbereiche: Opferhilfeberatung: schwule und bisexuelle Jugendliche und erwachsene M\u00e4nner, die Opfer von Gewalt und Dis-kriminierung wurden, werden beraten und unterst\u00fctzt. Zu den Gewalttaten z\u00e4hlen neben vorurteilsmotivierten homophoben Gewalttaten auch z.B. h\u00e4usliche Gewalt, sexuelle \u00dcbergriffe, Zwangsehen, Raub und Diebstahl. MANEO kooperiert mit erfahrenen Opferhilfeeinrichtungen in Deutschland und Europa. Erfassung von Gewalttaten: insbesondere vorurteilsmotivierte, homophobe Gewalttaten werden in Berlin erfasst und ausgewertet. Ergebnisse werden in einem Jahresbericht ver\u00f6ffentlicht. Gewaltpr\u00e4vention: die \u00d6ffentlichkeit wird \u00fcber Homophobie und Hassgewalt informiert, die Szenen auf Gefahren hingewiesen und Multiplikatoren vernetzt und mobilisiert. Regelm\u00e4\u00dfig zeigen wir Pr\u00e4senz in Berlins Szenen, ob beim Stra\u00dfenfest oder CSD. MANEO setzt sich f\u00fcr mehr Zusammenarbeit mit der Berliner Polizei ein. Mitarbeit und Engagement: b\u00fcrgerschaftliches Engagement wird best\u00e4rkt und mobilisiert (Empowerment), ehrenamtliche Mitarbeit bei MANEO gef\u00f6rdert und organisiert. Zu weiteren Aufgabenbereiche z\u00e4hlen: Ressourcensicherung, Qualit\u00e4tsmanagement und Vernetzung. Zur Auf-rechterhaltung seiner senatsgef\u00f6rderten Arbeit muss MANEO einen Eigenanteil von derzeit etwa 3.000 Euro beisteuern.<br \/>\nDas, was MANEO tats\u00e4chlich leistet, geht weit \u00fcber diese F\u00f6rderung hinaus. Die Zahlen in unseren Jahresberichten belegen, dass die Arbeit in den Kernaufgaben und die vielen weiteren Projektinitiativen, die MANEO gegr\u00fcndet hat und teilweise fortsetzt, nur dank vieler ehrenamtlicher HelferInnen und SponsorInnen m\u00f6glich war.<br \/>\nMANEO setzt sich in Berlin f\u00fcr Vielfalt und Toleranz ein, macht sich gegen jede Form von vorurteilsmotivierter Hassgewalt stark, dies mit Kompetenz und Kreativit\u00e4t. Wir zeigen <a href=\"http:\/\/berliner-toleranzbuendnis.de\/wp-content\/uploads\/2015\/01\/141010_BTB_MANEO_Handout_page88_image374.jpg\"><img loading=\"lazy\" decoding=\"async\" class=\"   wp-image-121 size-medium alignright\" src=\"http:\/\/berliner-toleranzbuendnis.de\/wp-content\/uploads\/2015\/01\/141010_BTB_MANEO_Handout_page88_image374-300x212.jpg\" alt=\"\" width=\"300\" height=\"212\" srcset=\"https:\/\/berliner-toleranzbuendnis.de\/wp-content\/uploads\/2015\/01\/141010_BTB_MANEO_Handout_page88_image374-300x212.jpg 300w, https:\/\/berliner-toleranzbuendnis.de\/wp-content\/uploads\/2015\/01\/141010_BTB_MANEO_Handout_page88_image374-1024x724.jpg 1024w, https:\/\/berliner-toleranzbuendnis.de\/wp-content\/uploads\/2015\/01\/141010_BTB_MANEO_Handout_page88_image374.jpg 1116w\" sizes=\"auto, (max-width: 300px) 100vw, 300px\" \/><\/a>Solidarit\u00e4t und bringen Menschen zusammen, die die gemein-same Vision einer toleranten und weltoffenen Stadt mit Leben f\u00fcllen. Wir bauen Netzwerke und B\u00fcndnisse, mobilisieren b\u00fcrgerschaftliches Engagement und schaffen \u00f6ffentliche Aufmerksamkeit.<br \/>\nBeispielsweise haben wir Kiezforen und Wirterunden ins Leben gerufen, haben 1993 das Lesbisch- Schwule Stra\u00dfenfest im Sch\u00f6neberger Regenbogenkiez gegr\u00fcndet \u2013 mit j\u00e4hrlich 400.000 Besuchern heute eine feste Gr\u00f6\u00dfe im Berliner Veranstaltungskalender \u2013 haben 1994 den Berliner CSD organisiert und ihm eine neue, bis heute erhaltene Basis gegeben, mit unserer MANEO-Toleranzkampagne (2006-2009) zur Gr\u00fcndung der \u201eInitiative Sexuelle Vielfalt\u201c (ISV) beigetragen, mit der MANEO- Gewaltpr\u00e4ventionskampagne (2010-2011) das Berliner Toleranzb\u00fcndnis aufgebaut, das mittlerweile 130 Partner z\u00e4hlt, und dar\u00fcber Voraussetzungen f\u00fcr neue und gemeinsame Initiativen in der Stadt geschaffen, u.a. 2013 mit der regenbogenfarbenen Kuppelbeleuchtung des U-Bahnhofes Nollendorfplatz den Sch\u00f6neberger \u201eRegenbogenkiez\u201c markiert.<\/p>\n<p>Zu unseren mittlerweile fest etablierten j\u00e4hrlichen Events z\u00e4hlt \u201eKiss Kiss B<a href=\"http:\/\/berliner-toleranzbuendnis.de\/wp-content\/uploads\/2015\/01\/141010_BTB_MANEO_Handout_page88_image373.jpg\"><img loading=\"lazy\" decoding=\"async\" class=\"   wp-image-124 size-medium alignright\" src=\"http:\/\/berliner-toleranzbuendnis.de\/wp-content\/uploads\/2015\/01\/141010_BTB_MANEO_Handout_page88_image373-219x300.jpg\" alt=\"\" width=\"219\" height=\"300\" srcset=\"https:\/\/berliner-toleranzbuendnis.de\/wp-content\/uploads\/2015\/01\/141010_BTB_MANEO_Handout_page88_image373-219x300.jpg 219w, https:\/\/berliner-toleranzbuendnis.de\/wp-content\/uploads\/2015\/01\/141010_BTB_MANEO_Handout_page88_image373.jpg 584w\" sizes=\"auto, (max-width: 219px) 100vw, 219px\" \/><\/a>erlin\u201c (seit 2007: Kiss-In und Party-Benefiz, seit 2013 auch die Aktion \u201eKiss Kiss Berlin- Regenbogenkuchen\u201c), um f\u00fcr den Internationalen Tag gegen Homo-phobie und Trans*-phobie zu mobilisieren.<br \/>\nFest etabliert haben sich auch unsere MANEO\u2013 Nachtflugbegleiter, unser ehrenamtliches Vorort-Team, das nachts durch Szeneorte zieht und n\u00fctzliche Tipps bei Gefahren gibt und f\u00fcr mehr Achtsamkeit und Sicherheit wirbt. Mit Unter-st\u00fctzung des Friedrichstadtpalastes wurde die Choreographie einstudiert und mit Hilfe von Studenten der Deutschen Film- und Fernsehakademie Berlin (dffb) ein Social-Spot produziert. Der Video-Clip ist regelm\u00e4\u00dfig im \u201eBerliner Fenster\u201c (U-Bahn-Werbung) zu sehen. Anfang 2014 haben wir in Zusammenarbeit mit der dffb und Hertha BSC zwei weitere Social-Spots zum Thema Homophobie im Fu\u00dfball entwickelt, die anl\u00e4sslich des Bundesligaspiels Hertha BSC\/ VfL Wolfsburg am 16. Februar im Berliner Olympiastadion Premiere feierten.<\/p>\n<p>Zu weiteren bedeutenden Initiativen z\u00e4hlen wissenschaftlich begleitete Umfragen zum Thema Homophobie und Viktimisierung in Deutschland und Wir haben ma\u00dfgeblich dazu beigetragen, dass 1992 die Ansprechpartner der Berliner Polizei f\u00fcr gleichgeschlechtliche Lebensweisen \u2013 die bislang einzigen hauptamt-lich bestellten Mitarbeiter in dieser Funktion in Deutschland \u2013 und letztes Jahr eine Ansprechpartnerin bei der Berliner Staatsanwaltschaft eingesetzt wurden. Im Rahmen der Fu\u00dfballweltmeisterschaft 2006 in Deutschland haben wir unter der Schirmherrschaft des Regierenden B\u00fcrgermeisters von Berlin eine Kampagne gegen Homophobie im Fu\u00dfball gestartet, die weit \u00fcber unsere Stadt hinaus Be-achtung gefunden hatte.<br \/>\nStets blicken wir auch \u00fcber den eigenen Tellerrand hinaus. Daf\u00fcr steht unser inter-<a href=\"http:\/\/berliner-toleranzbuendnis.de\/wp-content\/uploads\/2015\/01\/141010_BTB_MANEO_Handout_page88_image378.jpg\"><img loading=\"lazy\" decoding=\"async\" class=\"alignright wp-image-126 size-medium\" src=\"http:\/\/berliner-toleranzbuendnis.de\/wp-content\/uploads\/2015\/01\/141010_BTB_MANEO_Handout_page88_image378-300x225.jpg\" alt=\"\" width=\"300\" height=\"225\" srcset=\"https:\/\/berliner-toleranzbuendnis.de\/wp-content\/uploads\/2015\/01\/141010_BTB_MANEO_Handout_page88_image378-300x225.jpg 300w, https:\/\/berliner-toleranzbuendnis.de\/wp-content\/uploads\/2015\/01\/141010_BTB_MANEO_Handout_page88_image378.jpg 800w\" sizes=\"auto, (max-width: 300px) 100vw, 300px\" \/><\/a>nationales Engagement und grenz\u00fcbergreifende Solidarit\u00e4t. 2011 trugen wir den gro\u00dfen MANEO-Knutschb\u00e4ren durch Berlins Szenen, der von \u00fcber 1000 Menschen mit Lippenstiftfarbe bek\u00fc\u00dft worden war, um ihn im Mai anl\u00e4sslich des 20-j\u00e4hrigen Bestehens der St\u00e4dtepartnerschaft Berlin-Moskau als Toleranz-Botschafter nach Moskau auf Reisen zu schicken. Wir haben unsere EU-Partnerschaften mit Organisationen in Polen und Frankreich im Rahmen unserer Toleranzkampagne (2006-2009) gefestigt. Mit der Regenbogenbr\u00fccke bauen wir einen Br\u00fcckenschlag zwischen Deutschland und Israel, mit der Initiative Building Bridges weitere internationale Kooperationen aus. Mit einem EU-gef\u00f6rderten Projekt (2010-2011) haben wir die Zusammenarbeit zwischen Or-ganisationen und Polizei in acht EU-Staaten bef\u00f6rdert. Seit mehreren Jahren be-stehen gute Kontakte zur EU-Kommission und zur OSZE. Wir haben seit 2006 mehrere internationale Fachkonferenzen zum Thema \u201eHomophobie und Hass-gewalt\u201c durchgef\u00fchrt, zuletzt 2012 einen internationalen Kongress zum Thema \u201eRegenbogenkieze\u201c, an dem \u00fcber 130 Fachpersonen aus internationalen Welt-metropolen teilnahmen.<br \/>\nEnde September 2013 fand die 8. Verleihung des seit 2006 j\u00e4hrlich vergebenen \u201eTolerantia-Award\u201c in Warschau statt. Diesen europ\u00e4ischen Gemeinschaftspreis vergeben wir gemeinsam mit unseren polnischen und franz\u00f6sischen Partnerorganisationen an herausragende Pers\u00f6nlichkeiten und Projekte in Europa, die sich bei der \u00dcberwindung von Homophobie, Trans*phobie und Hassgewalt in der Gesellschaft und Europa verdient gemacht haben.<br \/>\nF\u00fcr unsere Arbeit wurden wir bereits mehrfach ausgezeichnet. Die vielen gro\u00dfen und kleinen Erfolgsgeschichten verdanken wir nicht zuletzt vielen Menschen, die uns bisher unterst\u00fctzt haben. Seit 2005 hat MANEO einen ehrenamtlichen Fach-beirat. Diesem geh\u00f6ren derzeit 18 Frauen und M\u00e4nner an, Lesben, Schwule und Heterosexuelle.<\/p>\n<p><a href=\"http:\/\/berliner-toleranzbuendnis.de\/wp-content\/uploads\/2015\/01\/141010_BTB_MANEO_Handout_page88_image385.jpg\"><img loading=\"lazy\" decoding=\"async\" class=\"alignnone wp-image-128 size-medium\" src=\"http:\/\/berliner-toleranzbuendnis.de\/wp-content\/uploads\/2015\/01\/141010_BTB_MANEO_Handout_page88_image385-203x300.jpg\" alt=\"141010_BTB_MANEO_Handout_page88_image385\" width=\"203\" height=\"300\" srcset=\"https:\/\/berliner-toleranzbuendnis.de\/wp-content\/uploads\/2015\/01\/141010_BTB_MANEO_Handout_page88_image385-203x300.jpg 203w, https:\/\/berliner-toleranzbuendnis.de\/wp-content\/uploads\/2015\/01\/141010_BTB_MANEO_Handout_page88_image385.jpg 621w\" sizes=\"auto, (max-width: 203px) 100vw, 203px\" \/><\/a><a href=\"http:\/\/berliner-toleranzbuendnis.de\/wp-content\/uploads\/2015\/01\/141010_BTB_MANEO_Handout_page88_image384.jpg\"><img loading=\"lazy\" decoding=\"async\" class=\"alignnone wp-image-129 size-medium\" src=\"http:\/\/berliner-toleranzbuendnis.de\/wp-content\/uploads\/2015\/01\/141010_BTB_MANEO_Handout_page88_image384-211x300.jpg\" alt=\"141010_BTB_MANEO_Handout_page88_image384\" width=\"211\" height=\"300\" srcset=\"https:\/\/berliner-toleranzbuendnis.de\/wp-content\/uploads\/2015\/01\/141010_BTB_MANEO_Handout_page88_image384-211x300.jpg 211w, https:\/\/berliner-toleranzbuendnis.de\/wp-content\/uploads\/2015\/01\/141010_BTB_MANEO_Handout_page88_image384.jpg 422w\" sizes=\"auto, (max-width: 211px) 100vw, 211px\" \/><\/a><\/p>\n<p><a href=\"http:\/\/berliner-toleranzbuendnis.de\/wp-content\/uploads\/2015\/01\/141010_BTB_MANEO_Handout_page88_image383.jpg\"><img loading=\"lazy\" decoding=\"async\" class=\"alignnone wp-image-130 size-medium\" src=\"http:\/\/berliner-toleranzbuendnis.de\/wp-content\/uploads\/2015\/01\/141010_BTB_MANEO_Handout_page88_image383-227x300.jpg\" alt=\"141010_BTB_MANEO_Handout_page88_image383\" width=\"227\" height=\"300\" srcset=\"https:\/\/berliner-toleranzbuendnis.de\/wp-content\/uploads\/2015\/01\/141010_BTB_MANEO_Handout_page88_image383-227x300.jpg 227w, https:\/\/berliner-toleranzbuendnis.de\/wp-content\/uploads\/2015\/01\/141010_BTB_MANEO_Handout_page88_image383.jpg 383w\" sizes=\"auto, (max-width: 227px) 100vw, 227px\" \/><\/a><a href=\"http:\/\/berliner-toleranzbuendnis.de\/wp-content\/uploads\/2015\/01\/141010_BTB_MANEO_Handout_page88_image382.jpg\"><img loading=\"lazy\" decoding=\"async\" class=\"alignnone wp-image-131 size-medium\" src=\"http:\/\/berliner-toleranzbuendnis.de\/wp-content\/uploads\/2015\/01\/141010_BTB_MANEO_Handout_page88_image382-213x300.jpg\" alt=\"141010_BTB_MANEO_Handout_page88_image382\" width=\"213\" height=\"300\" srcset=\"https:\/\/berliner-toleranzbuendnis.de\/wp-content\/uploads\/2015\/01\/141010_BTB_MANEO_Handout_page88_image382-213x300.jpg 213w, https:\/\/berliner-toleranzbuendnis.de\/wp-content\/uploads\/2015\/01\/141010_BTB_MANEO_Handout_page88_image382.jpg 568w\" sizes=\"auto, (max-width: 213px) 100vw, 213px\" \/><\/a><\/p>\n","protected":false},"excerpt":{"rendered":"<p>Menschen verbinden. Vielfalt und Toleranz leben. MANEO \u2013 Das schwule Anti-Gewalt Projekt in Berlin \u2013 ist ein eigenst\u00e4ndiges Projekt von Mann-O-Meter e.V. und besteht seit 24 Jahren. Es ist das \u00e4lteste, bekannteste und erfahrenste schwule Anti-Gewalt-Projekt in Deutschland. Her-ausragend dabei ist das ehrenamtliche Engagement, mit dem sich viele Menschen f\u00fcr \u2026<\/p>\n<p class=\"continue-reading-button\"> <a class=\"continue-reading-link\" href=\"https:\/\/berliner-toleranzbuendnis.de\/?page_id=115\">&gt;&gt; Mehr<i class=\"crycon-right-dir\"><\/i><\/a><\/p>\n","protected":false},"author":1,"featured_media":0,"parent":0,"menu_order":8,"comment_status":"closed","ping_status":"open","template":"","meta":{"footnotes":""},"class_list":["post-115","page","type-page","status-publish","hentry"],"_links":{"self":[{"href":"https:\/\/berliner-toleranzbuendnis.de\/index.php?rest_route=\/wp\/v2\/pages\/115","targetHints":{"allow":["GET"]}}],"collection":[{"href":"https:\/\/berliner-toleranzbuendnis.de\/index.php?rest_route=\/wp\/v2\/pages"}],"about":[{"href":"https:\/\/berliner-toleranzbuendnis.de\/index.php?rest_route=\/wp\/v2\/types\/page"}],"author":[{"embeddable":true,"href":"https:\/\/berliner-toleranzbuendnis.de\/index.php?rest_route=\/wp\/v2\/users\/1"}],"replies":[{"embeddable":true,"href":"https:\/\/berliner-toleranzbuendnis.de\/index.php?rest_route=%2Fwp%2Fv2%2Fcomments&post=115"}],"version-history":[{"count":17,"href":"https:\/\/berliner-toleranzbuendnis.de\/index.php?rest_route=\/wp\/v2\/pages\/115\/revisions"}],"predecessor-version":[{"id":303,"href":"https:\/\/berliner-toleranzbuendnis.de\/index.php?rest_route=\/wp\/v2\/pages\/115\/revisions\/303"}],"wp:attachment":[{"href":"https:\/\/berliner-toleranzbuendnis.de\/index.php?rest_route=%2Fwp%2Fv2%2Fmedia&parent=115"}],"curies":[{"name":"wp","href":"https:\/\/api.w.org\/{rel}","templated":true}]}}