{"id":113,"date":"2015-01-09T11:59:45","date_gmt":"2015-01-09T11:59:45","guid":{"rendered":"http:\/\/localhost\/wordpress\/?page_id=113"},"modified":"2015-01-14T19:39:25","modified_gmt":"2015-01-14T19:39:25","slug":"die-maneo-club-card","status":"publish","type":"page","link":"https:\/\/berliner-toleranzbuendnis.de\/?page_id=113","title":{"rendered":"Die MANEO-Club Card"},"content":{"rendered":"<h3>Wie kann ich MANEO f\u00f6rdern und spenden?<\/h3>\n<p>Wenn uns Menschen mit einer gro\u00dfz\u00fcgigen Spende unterst\u00fctzen, m\u00f6chten wir uns auf besondere Weise bedanken und ihr Engagement sichtbar w\u00fcrdigen. Aus diesem Grund haben wir den \u201eMANEO-Club\u201c gegr\u00fcndet. Mit dem MANEO-Club wollen wir Unternehmen, aber insbesondere auch Einzelpersonen ansprechen, MANEO mit seinen Ziele und Aufgaben finanziell zu f\u00f6rdern und zu unterst\u00fctzen.<br \/>\nPersonen oder auch Firmen, die MANEO unmittelbar mit einer Spende von<br \/>\n\u20ac 250,- unterst\u00fctzen, erhalten automatisch die Gold-Club-Jahresmitgliedschaft, ab einer Spende von \u20ac 450,- die Platin-Club-Jahresmitgliedschaft von MANEO.<br \/>\nMit der Club-Mitgliedschaft, die sich auf ein Jahr erstreckt (1. Jan.-31. Dez.), ver-binden sich besondere Angebote, beispielsweise automatisch ein Ticket f\u00fcr das MANEO Charity-Dinner 2013. Gold-Club Mitglieder erhalten ein preisverg\u00fcnstigtes Ticket, Platin-Club Mitglieder ein Freiticket. Weitere Angebote sind:<br \/>\n&#8211; das Mitglied erh\u00e4lt neben einer steuerabzugsf\u00e4higen Spendenbescheinigung durch den Tr\u00e4gerverein Mann-O-Meter e.V. eine besondere MANEO Club-Mitglied-Card;<br \/>\n&#8211; das Mitglied wird \u00fcber die MANEO-News fortlaufend \u00fcber die Arbeit von MANEO und \u00fcber neue Initiativen informiert;<br \/>\n&#8211; das Mitglied wird zur j\u00e4hrlichen Feierstunde von MANEO eingeladen, auf der das ehrenamtlichen Engagement und die Unterst\u00fctzung f\u00fcr MANEO gew\u00fcrdigt wird (kurz vor dem Stra\u00dfenfest im Juni) und trifft hier alle weiteren Unterst\u00fctzer und Sponsoren.<br \/>\nMANEO arbeitet fortlaufend an weiteren Angeboten f\u00fcr MANEO-Club-Mitglieder, die sich mit der Club-Mitgliedschaft verbinden.<\/p>\n<p><a href=\"http:\/\/berliner-toleranzbuendnis.de\/wp-content\/uploads\/2015\/01\/141010_BTB_MANEO_Handout_page88_image354.jpg\"><img loading=\"lazy\" decoding=\"async\" class=\"alignnone wp-image-137 size-large\" src=\"http:\/\/berliner-toleranzbuendnis.de\/wp-content\/uploads\/2015\/01\/141010_BTB_MANEO_Handout_page88_image354-1024x511.jpg\" alt=\"\" width=\"820\" height=\"409\" srcset=\"https:\/\/berliner-toleranzbuendnis.de\/wp-content\/uploads\/2015\/01\/141010_BTB_MANEO_Handout_page88_image354-1024x511.jpg 1024w, https:\/\/berliner-toleranzbuendnis.de\/wp-content\/uploads\/2015\/01\/141010_BTB_MANEO_Handout_page88_image354-300x150.jpg 300w, https:\/\/berliner-toleranzbuendnis.de\/wp-content\/uploads\/2015\/01\/141010_BTB_MANEO_Handout_page88_image354.jpg 1206w\" sizes=\"auto, (max-width: 820px) 100vw, 820px\" \/><\/a><\/p>\n<p><span style=\"color: #808080;\"><em>Die Gold-Club Jahresmitgliedschaft von MANEO erwirbt jeder ab einer Spende in H\u00f6he von \u20ac 250,-<\/em><\/span><\/p>\n<h4>Spenden helfen MANEO<\/h4>\n<p><a href=\"http:\/\/berliner-toleranzbuendnis.de\/wp-content\/uploads\/2015\/01\/141010_BTB_MANEO_Handout_page88_image358.jpg\"><img loading=\"lazy\" decoding=\"async\" class=\" wp-image-142 size-medium alignright\" src=\"http:\/\/berliner-toleranzbuendnis.de\/wp-content\/uploads\/2015\/01\/141010_BTB_MANEO_Handout_page88_image358-300x199.jpg\" alt=\"\" width=\"300\" height=\"199\" srcset=\"https:\/\/berliner-toleranzbuendnis.de\/wp-content\/uploads\/2015\/01\/141010_BTB_MANEO_Handout_page88_image358-300x199.jpg 300w, https:\/\/berliner-toleranzbuendnis.de\/wp-content\/uploads\/2015\/01\/141010_BTB_MANEO_Handout_page88_image358.jpg 714w\" sizes=\"auto, (max-width: 300px) 100vw, 300px\" \/><\/a><\/p>\n<p>08.08.2013: Finanzielle Unterst\u00fctzung erhielten MANEO von der Spielbank Berlin. Deren Beiratsmitglied Dr. Frank Steffel (MdB, CDU) \u00fcberreichte Mit-arbeitern von MANEO einen Scheck in H\u00f6he von 2.500 Euro.<br \/>\nDie Spende kommt der nicht-senatsfinanzierten, gewaltpr\u00e4ventiven Vor-Ort-Arbeit von MANEO zu Gute. Damit k\u00f6nnen ein Jahr lang Aktionen der Nachtflugbegleiter erm\u00f6glicht werden: \u201eUnsere Nachtflugbegleiter arbeiten engagiert und ehrenamtlich. Im Rahmen unserer Aktionen fallen Kosten an, z.B. f\u00fcr den Druck von Infomaterialien, f\u00fcr Schminke und Kost\u00fcme, oder auch f\u00fcr den Transport der Mitarbeiter und Material an Szeneorte, die nicht abgedeckt sind\u201c, so MANEO-Mitarbeiter Moritz Konradi.<\/p>\n<p><a href=\"http:\/\/berliner-toleranzbuendnis.de\/wp-content\/uploads\/2015\/01\/141010_BTB_MANEO_Handout_page88_image359.jpg\"><img loading=\"lazy\" decoding=\"async\" class=\" wp-image-143 size-medium alignright\" src=\"http:\/\/berliner-toleranzbuendnis.de\/wp-content\/uploads\/2015\/01\/141010_BTB_MANEO_Handout_page88_image359-300x233.jpg\" alt=\"\" width=\"300\" height=\"233\" srcset=\"https:\/\/berliner-toleranzbuendnis.de\/wp-content\/uploads\/2015\/01\/141010_BTB_MANEO_Handout_page88_image359-300x233.jpg 300w, https:\/\/berliner-toleranzbuendnis.de\/wp-content\/uploads\/2015\/01\/141010_BTB_MANEO_Handout_page88_image359.jpg 694w\" sizes=\"auto, (max-width: 300px) 100vw, 300px\" \/><\/a><\/p>\n<p>&nbsp;<\/p>\n<p>17.05.2013: MANEO erhielt Preisgeld in H\u00f6he von 1.000 Euro auf dem Jubi-l\u00e4umsempfang des Bundesverbandes der Lesben und Schwulen in der Union (LSU). Am 17. Mai wurde in Berlin der LSU-Ehrenpreis an die \u201eWilden 13\u201c verliehen.<br \/>\nDie 13 Bundestagsabgeordneten der CDU und CSU hatten in einem offenen Brief die steuerliche Gleichstellung von eingetragenen Lebenspartnerschaften mit der Ehe gefordert. Die Laudatio hielt Bundestagspr\u00e4sidentin a.D. Professorin Dr. Rita S\u00fcssmuth. Das mit der Ehrung verbundene Preisgeld in H\u00f6he von 1.000 Euro spendeten die Bundestagsabgeordneten dem schwulen Anti-Gewalt-Projekt MANEO in Berlin.<\/p>\n<hr \/>\n<p>\u201eMANEO ist eines der erfolgreichsten sozialen Projekte Berlins\u201c.<br \/>\nPeter Kurth, ehem. Finanzsenator von Berlin (CDU)<\/p>\n<p>aus: MANEO-Vorstellungsbrosch\u00fcre:<br \/>\n\u201eDie vorbildliche und zukunftsweisende Arbeit von MANEO hat dazu gef\u00fchrt, dass es auch europaweit als erfolgreiches Modell wahrgenommen wird. MANEO organisiert schon seit Jahren gemeinsame l\u00e4nder\u00fcbergreifende Projekte. Denn Gewaltpr\u00e4vention und Aufkl\u00e4rungsarbeit sind vielversprechender, wenn sie geographische und kulturelle Einschr\u00e4nkungen \u00fcberwinden.\u201c<br \/>\nClaudia Roth, Bundesvorsitzende B\u00fcndnis 90\/Die Gr\u00fcnen, Mitglied des Deutschen Bundestages.<\/p>\n<p>\u201eNach wie vor ist die einfachste Art, sich Macht anzueignen, der gewaltsame \u00dcbergriff auf die Unversehrtheit des Anderen \u2013 umso einfacher, wenn er an Schw\u00e4cheren ausge\u00fcbt wird. Auch heute noch sind Gewaltt\u00e4ter h\u00e4ufig der Auffassung, f\u00fcr Schaden, den sie Schwulen zuf\u00fcgen, nicht mit Verfolgung oder aber mit geringen Strafen rechnen zu m\u00fcssen. Um das Gewaltmonopol des Staates auch f\u00fcr Schwule zu gleicher Geltung zu bringen \u2013 was in der Vergangenheit h\u00e4ufig gerade nicht der Fall war \u2013 leistet MANEO einen unsch\u00e4tzbaren Beitrag.\u201c<br \/>\nWieland Speck, Filmemacher, Leiter der Sektion \u201ePanorama\u201c der Internationalen Filmfestspiele Berlin<\/p>\n<p>\u201eMANEO ist aufgrund der umfassenden Beratungs- und Hilfsangebote meine erste Empfehlung f\u00fcr schwule Opfer von Straftaten. Dar\u00fcber hinaus erreicht es durch das Zugehen auf staatliche Institutionen viel f\u00fcr das gegenseitige Verst\u00e4ndnis.\u201c<\/p>\n<p>Uwe L\u00f6her, Kriminalhauptkommissar, Ansprechpartner der Berliner Polizei f\u00fcr gleichgeschlechtliche Lebensweisen (1998-2012)<\/p>\n<p>&nbsp;<\/p>\n","protected":false},"excerpt":{"rendered":"<p>Wie kann ich MANEO f\u00f6rdern und spenden? Wenn uns Menschen mit einer gro\u00dfz\u00fcgigen Spende unterst\u00fctzen, m\u00f6chten wir uns auf besondere Weise bedanken und ihr Engagement sichtbar w\u00fcrdigen. Aus diesem Grund haben wir den \u201eMANEO-Club\u201c gegr\u00fcndet. Mit dem MANEO-Club wollen wir Unternehmen, aber insbesondere auch Einzelpersonen ansprechen, MANEO mit seinen Ziele \u2026<\/p>\n<p class=\"continue-reading-button\"> <a class=\"continue-reading-link\" href=\"https:\/\/berliner-toleranzbuendnis.de\/?page_id=113\">&gt;&gt; Mehr<i class=\"crycon-right-dir\"><\/i><\/a><\/p>\n","protected":false},"author":1,"featured_media":0,"parent":0,"menu_order":7,"comment_status":"closed","ping_status":"open","template":"","meta":{"footnotes":""},"class_list":["post-113","page","type-page","status-publish","hentry"],"_links":{"self":[{"href":"https:\/\/berliner-toleranzbuendnis.de\/index.php?rest_route=\/wp\/v2\/pages\/113","targetHints":{"allow":["GET"]}}],"collection":[{"href":"https:\/\/berliner-toleranzbuendnis.de\/index.php?rest_route=\/wp\/v2\/pages"}],"about":[{"href":"https:\/\/berliner-toleranzbuendnis.de\/index.php?rest_route=\/wp\/v2\/types\/page"}],"author":[{"embeddable":true,"href":"https:\/\/berliner-toleranzbuendnis.de\/index.php?rest_route=\/wp\/v2\/users\/1"}],"replies":[{"embeddable":true,"href":"https:\/\/berliner-toleranzbuendnis.de\/index.php?rest_route=%2Fwp%2Fv2%2Fcomments&post=113"}],"version-history":[{"count":10,"href":"https:\/\/berliner-toleranzbuendnis.de\/index.php?rest_route=\/wp\/v2\/pages\/113\/revisions"}],"predecessor-version":[{"id":321,"href":"https:\/\/berliner-toleranzbuendnis.de\/index.php?rest_route=\/wp\/v2\/pages\/113\/revisions\/321"}],"wp:attachment":[{"href":"https:\/\/berliner-toleranzbuendnis.de\/index.php?rest_route=%2Fwp%2Fv2%2Fmedia&parent=113"}],"curies":[{"name":"wp","href":"https:\/\/api.w.org\/{rel}","templated":true}]}}