{"id":110,"date":"2015-01-09T11:56:45","date_gmt":"2015-01-09T11:56:45","guid":{"rendered":"http:\/\/localhost\/wordpress\/?page_id=110"},"modified":"2015-01-17T17:29:32","modified_gmt":"2015-01-17T17:29:32","slug":"buendnispartner-treffen","status":"publish","type":"page","link":"https:\/\/berliner-toleranzbuendnis.de\/?page_id=110","title":{"rendered":"B\u00fcndnispartner treffen"},"content":{"rendered":"<p><span style=\"color: #0000ff;\"><strong>Das bedeutet,<\/strong><\/span><\/p>\n<p><strong>Vernetzung, Wertsch\u00e4tzung, Danksagung, j\u00e4hrlicher Empfang<\/strong><\/p>\n<p><a href=\"http:\/\/berliner-toleranzbuendnis.de\/wp-content\/uploads\/2015\/01\/141010_BTB_MANEO_Handout_page88_image301.jpg\"><img loading=\"lazy\" decoding=\"async\" class=\" size-medium wp-image-617 alignright\" src=\"http:\/\/berliner-toleranzbuendnis.de\/wp-content\/uploads\/2015\/01\/141010_BTB_MANEO_Handout_page88_image301-300x225.jpg\" alt=\"\" width=\"300\" height=\"225\" srcset=\"https:\/\/berliner-toleranzbuendnis.de\/wp-content\/uploads\/2015\/01\/141010_BTB_MANEO_Handout_page88_image301-300x225.jpg 300w, https:\/\/berliner-toleranzbuendnis.de\/wp-content\/uploads\/2015\/01\/141010_BTB_MANEO_Handout_page88_image301-200x150.jpg 200w, https:\/\/berliner-toleranzbuendnis.de\/wp-content\/uploads\/2015\/01\/141010_BTB_MANEO_Handout_page88_image301-150x113.jpg 150w, https:\/\/berliner-toleranzbuendnis.de\/wp-content\/uploads\/2015\/01\/141010_BTB_MANEO_Handout_page88_image301.jpg 500w\" sizes=\"auto, (max-width: 300px) 100vw, 300px\" \/><\/a> MANEO l\u00e4dt j\u00e4hrlich seine B\u00fcndnispartner zu Veranstaltungen ein und bieten Gelegenheit<strong> f\u00fcr Vernetzung und Kontakte<\/strong>, f\u00fcr kreativen Austausch und pers\u00f6nliches Kennenlernen, und wir bereiten den Boden f\u00fcr weitere Aktionen und neue Initiativen. Denn vor allem geht es um ganz konkrete, sichtbare Ma\u00dfnahmen, um nachhaltige Konzepte, die die gemeinsame Botschaft best\u00e4ndig mit neuem Leben f\u00fcllen: \u201eWir leben Toleranz!\u201c<\/p>\n<p>&nbsp;<\/p>\n<ul>\n<li><strong>W\u00fcrdigungsfeier<\/strong><\/li>\n<\/ul>\n<p>F\u00fcr alle unsere Unterst\u00fctzerinnen und Unterst\u00fctzer, Mitarbeiterinnen und Mitarbeiter und B\u00fcndnispartner richten wir einmal im Jahr einen exklusiven Empfang im Rathaus Sch\u00f6neberg aus, auf dem wir uns f\u00fcr die geleistete Arbeit und Unterst\u00fctzung bedanken und unsere ehrenamtlichen Helferinnen und Helfer feiern.<\/p>\n<p>&nbsp;<\/p>\n<ul>\n<li><strong>Charity-Dinner, Gala-Events<\/strong><\/li>\n<\/ul>\n<p><a href=\"http:\/\/berliner-toleranzbuendnis.de\/wp-content\/uploads\/2015\/01\/141010_BTB_MANEO_Handout_page88_image300.jpg\"><img loading=\"lazy\" decoding=\"async\" class=\" size-full wp-image-618 aligncenter\" src=\"http:\/\/berliner-toleranzbuendnis.de\/wp-content\/uploads\/2015\/01\/141010_BTB_MANEO_Handout_page88_image300.jpg\" alt=\"\" width=\"299\" height=\"74\" srcset=\"https:\/\/berliner-toleranzbuendnis.de\/wp-content\/uploads\/2015\/01\/141010_BTB_MANEO_Handout_page88_image300.jpg 299w, https:\/\/berliner-toleranzbuendnis.de\/wp-content\/uploads\/2015\/01\/141010_BTB_MANEO_Handout_page88_image300-250x62.jpg 250w, https:\/\/berliner-toleranzbuendnis.de\/wp-content\/uploads\/2015\/01\/141010_BTB_MANEO_Handout_page88_image300-150x37.jpg 150w, https:\/\/berliner-toleranzbuendnis.de\/wp-content\/uploads\/2015\/01\/141010_BTB_MANEO_Handout_page88_image300-297x74.jpg 297w\" sizes=\"auto, (max-width: 299px) 100vw, 299px\" \/><\/a>MANEO veranstaltet einmal im Jahr ein Charity-Dinner und l\u00e4dt hierzu die Mitglieder des Berliner Toleranzb\u00fcndnisses und weitere G\u00e4ste aus Gesellschaft, Politik, Wirtschaft, Sport, Film, B\u00fchne und Kunst ein.<\/p>\n<p>Gemeinsam w\u00fcrdigen wir die erreichten Erfolge und Entwicklungen unseres Berliner Toleranzb\u00fcndnisses und best\u00e4rken damit die bisherige Zusammenarbeit.<\/p>\n<p><span style=\"color: #0000ff;\"><strong>Alle B\u00fcndnismitglieder sind eingeladen,<\/strong><\/span><\/p>\n<p><strong>sich an diesen Begegnungen und Danksagungen mitzuwirken. Wir laden alle unsere B\u00fcndnispartner zu den Veranstaltungen rechtzeitig ein.<\/strong><\/p>\n","protected":false},"excerpt":{"rendered":"<p>Das bedeutet, Vernetzung, Wertsch\u00e4tzung, Danksagung, j\u00e4hrlicher Empfang MANEO l\u00e4dt j\u00e4hrlich seine B\u00fcndnispartner zu Veranstaltungen ein und bieten Gelegenheit f\u00fcr Vernetzung und Kontakte, f\u00fcr kreativen Austausch und pers\u00f6nliches Kennenlernen, und wir bereiten den Boden f\u00fcr weitere Aktionen und neue Initiativen. Denn vor allem geht es um ganz konkrete, sichtbare Ma\u00dfnahmen, um \u2026<\/p>\n<p class=\"continue-reading-button\"> <a class=\"continue-reading-link\" href=\"https:\/\/berliner-toleranzbuendnis.de\/?page_id=110\">&gt;&gt; Mehr<i class=\"crycon-right-dir\"><\/i><\/a><\/p>\n","protected":false},"author":1,"featured_media":0,"parent":0,"menu_order":6,"comment_status":"closed","ping_status":"open","template":"","meta":{"footnotes":""},"class_list":["post-110","page","type-page","status-publish","hentry"],"_links":{"self":[{"href":"https:\/\/berliner-toleranzbuendnis.de\/index.php?rest_route=\/wp\/v2\/pages\/110","targetHints":{"allow":["GET"]}}],"collection":[{"href":"https:\/\/berliner-toleranzbuendnis.de\/index.php?rest_route=\/wp\/v2\/pages"}],"about":[{"href":"https:\/\/berliner-toleranzbuendnis.de\/index.php?rest_route=\/wp\/v2\/types\/page"}],"author":[{"embeddable":true,"href":"https:\/\/berliner-toleranzbuendnis.de\/index.php?rest_route=\/wp\/v2\/users\/1"}],"replies":[{"embeddable":true,"href":"https:\/\/berliner-toleranzbuendnis.de\/index.php?rest_route=%2Fwp%2Fv2%2Fcomments&post=110"}],"version-history":[{"count":5,"href":"https:\/\/berliner-toleranzbuendnis.de\/index.php?rest_route=\/wp\/v2\/pages\/110\/revisions"}],"predecessor-version":[{"id":620,"href":"https:\/\/berliner-toleranzbuendnis.de\/index.php?rest_route=\/wp\/v2\/pages\/110\/revisions\/620"}],"wp:attachment":[{"href":"https:\/\/berliner-toleranzbuendnis.de\/index.php?rest_route=%2Fwp%2Fv2%2Fmedia&parent=110"}],"curies":[{"name":"wp","href":"https:\/\/api.w.org\/{rel}","templated":true}]}}