{"id":104,"date":"2015-01-09T11:55:12","date_gmt":"2015-01-09T11:55:12","guid":{"rendered":"http:\/\/localhost\/wordpress\/?page_id=104"},"modified":"2015-01-17T18:14:44","modified_gmt":"2015-01-17T18:14:44","slug":"events-aktionen-kampagnen","status":"publish","type":"page","link":"https:\/\/berliner-toleranzbuendnis.de\/?page_id=104","title":{"rendered":"Events, Aktionen, Kampagnen"},"content":{"rendered":"<p><strong>Das bedeutet,<\/strong><a href=\"http:\/\/berliner-toleranzbuendnis.de\/wp-content\/uploads\/2015\/01\/141010_BTB_MANEO_Handout_page88_image153.jpg\"><img loading=\"lazy\" decoding=\"async\" class=\" size-medium wp-image-376 alignright\" src=\"http:\/\/berliner-toleranzbuendnis.de\/wp-content\/uploads\/2015\/01\/141010_BTB_MANEO_Handout_page88_image153-213x300.jpg\" alt=\"141010_BTB_MANEO_Handout_page88_image153\" width=\"213\" height=\"300\" srcset=\"https:\/\/berliner-toleranzbuendnis.de\/wp-content\/uploads\/2015\/01\/141010_BTB_MANEO_Handout_page88_image153-213x300.jpg 213w, https:\/\/berliner-toleranzbuendnis.de\/wp-content\/uploads\/2015\/01\/141010_BTB_MANEO_Handout_page88_image153-106x150.jpg 106w, https:\/\/berliner-toleranzbuendnis.de\/wp-content\/uploads\/2015\/01\/141010_BTB_MANEO_Handout_page88_image153.jpg 344w\" sizes=\"auto, (max-width: 213px) 100vw, 213px\" \/><\/a><\/p>\n<p>mit \u00f6ffentlichen Aktionen und Events, die entweder einmalig sind oder regelm\u00e4\u00dfig stattfinden, schaffen wir \u00f6ffentliche Aufmerksamkeit, mobilisieren zum Engagement, wiesen darauf hin, dass es nach wie vor in unserer Gesellschaft wichtig ist, f\u00fcr gesellschaftliche Vielfalt und Toleranz und gegen Homophobie und Hassgewalt sichtbare Zeichen zu setzen.<\/p>\n<ul>\n<li><strong>Kiss Kiss Berlin<\/strong><\/li>\n<\/ul>\n<p><a href=\"http:\/\/berliner-toleranzbuendnis.de\/wp-content\/uploads\/2015\/01\/141010_BTB_MANEO_Handout_page88_image154.jpg\"><img loading=\"lazy\" decoding=\"async\" class=\"alignnone size-medium wp-image-380\" src=\"http:\/\/berliner-toleranzbuendnis.de\/wp-content\/uploads\/2015\/01\/141010_BTB_MANEO_Handout_page88_image154-300x150.jpg\" alt=\"\" width=\"300\" height=\"150\" srcset=\"https:\/\/berliner-toleranzbuendnis.de\/wp-content\/uploads\/2015\/01\/141010_BTB_MANEO_Handout_page88_image154.jpg 300w, https:\/\/berliner-toleranzbuendnis.de\/wp-content\/uploads\/2015\/01\/141010_BTB_MANEO_Handout_page88_image154-250x125.jpg 250w, https:\/\/berliner-toleranzbuendnis.de\/wp-content\/uploads\/2015\/01\/141010_BTB_MANEO_Handout_page88_image154-150x75.jpg 150w, https:\/\/berliner-toleranzbuendnis.de\/wp-content\/uploads\/2015\/01\/141010_BTB_MANEO_Handout_page88_image154-297x150.jpg 297w\" sizes=\"auto, (max-width: 300px) 100vw, 300px\" \/><\/a><a href=\"http:\/\/berliner-toleranzbuendnis.de\/wp-content\/uploads\/2015\/01\/141010_BTB_MANEO_Handout_page88_image150.jpg\"><img loading=\"lazy\" decoding=\"async\" class=\" wp-image-379  alignright\" src=\"http:\/\/berliner-toleranzbuendnis.de\/wp-content\/uploads\/2015\/01\/141010_BTB_MANEO_Handout_page88_image150-300x223.jpg\" alt=\"141010_BTB_MANEO_Handout_page88_image150\" width=\"208\" height=\"155\" srcset=\"https:\/\/berliner-toleranzbuendnis.de\/wp-content\/uploads\/2015\/01\/141010_BTB_MANEO_Handout_page88_image150-300x223.jpg 300w, https:\/\/berliner-toleranzbuendnis.de\/wp-content\/uploads\/2015\/01\/141010_BTB_MANEO_Handout_page88_image150-202x150.jpg 202w, https:\/\/berliner-toleranzbuendnis.de\/wp-content\/uploads\/2015\/01\/141010_BTB_MANEO_Handout_page88_image150-150x112.jpg 150w, https:\/\/berliner-toleranzbuendnis.de\/wp-content\/uploads\/2015\/01\/141010_BTB_MANEO_Handout_page88_image150.jpg 344w\" sizes=\"auto, (max-width: 208px) 100vw, 208px\" \/><\/a><\/p>\n<p>Zu unseren mittlerweile etablierten Events z\u00e4hlt beispielsweise unsere <strong>\u201eKiss Kiss Berlin\u201c<\/strong>&#8211; Aktionen,\u00a0die wir seit 2007 rund um den Internationalen Tag gegen Homophobie und Trans*phobie (17. Mai) organisieren. Dazu z\u00e4hlen das \u201e<strong>Partybenefiz\u201c<\/strong>, der <strong>\u201eKiss Kiss Berlin- Regenbogenkuchen\u201c<\/strong> und das <strong>\u201eKiss-In\u201c<\/strong>.<\/p>\n<p>&nbsp;<\/p>\n<p>Beim MANEO-Partybenefiz beteiligen sich jedes Jahr Partyveranstalter und Clubbetreiber und sammeln Geld f\u00fcr einen guten Zweck. 1 Euro pro Eintritt gegen an MANEO.<\/p>\n<p><a href=\"http:\/\/berliner-toleranzbuendnis.de\/wp-content\/uploads\/2015\/01\/141010_BTB_MANEO_Handout_page88_image152.jpg\"><img loading=\"lazy\" decoding=\"async\" class=\" size-medium wp-image-378 alignright\" src=\"http:\/\/berliner-toleranzbuendnis.de\/wp-content\/uploads\/2015\/01\/141010_BTB_MANEO_Handout_page88_image152-214x300.jpg\" alt=\"141010_BTB_MANEO_Handout_page88_image152\" width=\"214\" height=\"300\" srcset=\"https:\/\/berliner-toleranzbuendnis.de\/wp-content\/uploads\/2015\/01\/141010_BTB_MANEO_Handout_page88_image152-214x300.jpg 214w, https:\/\/berliner-toleranzbuendnis.de\/wp-content\/uploads\/2015\/01\/141010_BTB_MANEO_Handout_page88_image152-107x150.jpg 107w, https:\/\/berliner-toleranzbuendnis.de\/wp-content\/uploads\/2015\/01\/141010_BTB_MANEO_Handout_page88_image152.jpg 346w\" sizes=\"auto, (max-width: 214px) 100vw, 214px\" \/><\/a><\/p>\n<ul>\n<li><strong>Homophobie im Sport und Fu\u00dfball<\/strong><\/li>\n<\/ul>\n<p>Weitere Kampagnen haben wir zum Thema \u201eHomophobie und Fu\u00dfball\u201c durchgef\u00fchrt. anl\u00e4sslich der Fu\u00dfballweltmeisterschaft in Deutschland 2006 haben wir eine Plakatkampagne durchgef\u00fchrt, 2013 auf Einladung von Hertha BSC zwei Socialspots mit unserem Partner dffb produziert.<\/p>\n<p>&nbsp;<\/p>\n<p>&nbsp;<\/p>\n<p>&nbsp;<\/p>\n<p><strong>Alle B\u00fcndnispartner sind eingeladen,\u00a0<a href=\"http:\/\/berliner-toleranzbuendnis.de\/wp-content\/uploads\/2015\/01\/141010_BTB_MANEO_Handout_page88_image151.jpg\"><img loading=\"lazy\" decoding=\"async\" class=\"  wp-image-381 alignright\" src=\"http:\/\/berliner-toleranzbuendnis.de\/wp-content\/uploads\/2015\/01\/141010_BTB_MANEO_Handout_page88_image151-300x225.jpg\" alt=\"141010_BTB_MANEO_Handout_page88_image151\" width=\"208\" height=\"156\" srcset=\"https:\/\/berliner-toleranzbuendnis.de\/wp-content\/uploads\/2015\/01\/141010_BTB_MANEO_Handout_page88_image151-300x225.jpg 300w, https:\/\/berliner-toleranzbuendnis.de\/wp-content\/uploads\/2015\/01\/141010_BTB_MANEO_Handout_page88_image151-200x150.jpg 200w, https:\/\/berliner-toleranzbuendnis.de\/wp-content\/uploads\/2015\/01\/141010_BTB_MANEO_Handout_page88_image151-150x112.jpg 150w, https:\/\/berliner-toleranzbuendnis.de\/wp-content\/uploads\/2015\/01\/141010_BTB_MANEO_Handout_page88_image151.jpg 347w\" sizes=\"auto, (max-width: 208px) 100vw, 208px\" \/><\/a><\/strong><\/p>\n<p><strong>sich an den \u00f6ffentlichkeitswirksamen Aktionen zu beteiligen.<\/strong><\/p>\n<p>&nbsp;<\/p>\n","protected":false},"excerpt":{"rendered":"<p>Das bedeutet, mit \u00f6ffentlichen Aktionen und Events, die entweder einmalig sind oder regelm\u00e4\u00dfig stattfinden, schaffen wir \u00f6ffentliche Aufmerksamkeit, mobilisieren zum Engagement, wiesen darauf hin, dass es nach wie vor in unserer Gesellschaft wichtig ist, f\u00fcr gesellschaftliche Vielfalt und Toleranz und gegen Homophobie und Hassgewalt sichtbare Zeichen zu setzen. Kiss Kiss \u2026<\/p>\n<p class=\"continue-reading-button\"> <a class=\"continue-reading-link\" href=\"https:\/\/berliner-toleranzbuendnis.de\/?page_id=104\">&gt;&gt; Mehr<i class=\"crycon-right-dir\"><\/i><\/a><\/p>\n","protected":false},"author":1,"featured_media":0,"parent":64,"menu_order":2,"comment_status":"closed","ping_status":"open","template":"","meta":{"footnotes":""},"class_list":["post-104","page","type-page","status-publish","hentry"],"_links":{"self":[{"href":"https:\/\/berliner-toleranzbuendnis.de\/index.php?rest_route=\/wp\/v2\/pages\/104","targetHints":{"allow":["GET"]}}],"collection":[{"href":"https:\/\/berliner-toleranzbuendnis.de\/index.php?rest_route=\/wp\/v2\/pages"}],"about":[{"href":"https:\/\/berliner-toleranzbuendnis.de\/index.php?rest_route=\/wp\/v2\/types\/page"}],"author":[{"embeddable":true,"href":"https:\/\/berliner-toleranzbuendnis.de\/index.php?rest_route=\/wp\/v2\/users\/1"}],"replies":[{"embeddable":true,"href":"https:\/\/berliner-toleranzbuendnis.de\/index.php?rest_route=%2Fwp%2Fv2%2Fcomments&post=104"}],"version-history":[{"count":6,"href":"https:\/\/berliner-toleranzbuendnis.de\/index.php?rest_route=\/wp\/v2\/pages\/104\/revisions"}],"predecessor-version":[{"id":654,"href":"https:\/\/berliner-toleranzbuendnis.de\/index.php?rest_route=\/wp\/v2\/pages\/104\/revisions\/654"}],"up":[{"embeddable":true,"href":"https:\/\/berliner-toleranzbuendnis.de\/index.php?rest_route=\/wp\/v2\/pages\/64"}],"wp:attachment":[{"href":"https:\/\/berliner-toleranzbuendnis.de\/index.php?rest_route=%2Fwp%2Fv2%2Fmedia&parent=104"}],"curies":[{"name":"wp","href":"https:\/\/api.w.org\/{rel}","templated":true}]}}