{"id":1015,"date":"2016-01-07T01:29:33","date_gmt":"2016-01-07T00:29:33","guid":{"rendered":"http:\/\/berliner-toleranzbuendnis.de\/?page_id=1015"},"modified":"2016-01-07T02:14:45","modified_gmt":"2016-01-07T01:14:45","slug":"rueckblick-kisskiss-berlin-2015","status":"publish","type":"page","link":"https:\/\/berliner-toleranzbuendnis.de\/?page_id=1015","title":{"rendered":"R\u00fcckblick KissKiss Berlin 2015"},"content":{"rendered":"<p style=\"text-align: left;\"><strong>Rede des Regierenden B\u00fcrgermeisters von Berlin, Michael M\u00fcller, beim Empfangs im Roten Rathaus, am 13.05.15 anl\u00e4sslich des Internationalen Tag gegen Homophobie und Trans*phobie<\/strong><\/p>\n<p style=\"text-align: left;\">\u201eKiss Kiss Berlin\u201c ist eine j\u00e4hrlich von uns organisierte Wahrnehmungskampagne. Sie beginnt am 21.03. (Intern. Tag gegen Rassismus) und endet am 17. Mai (Intern Tag gegen Homophobie und Trans*phobie). Ziel ist es, Partner miteinander zu vernetzen und gemeinsam gegen Homophobie, Trans*phobie, Rassismus, Antisemitismus, gegen jede Form von gruppenbezogener Menschenfeindlichkeit zu mobilisieren, sowie sich f\u00fcr gesellschaftliche Toleranz und Vielfalt einzusetzen.<\/p>\n<p style=\"text-align: left;\">In diesem Jahr waren es bereits 53 Partner, die wir koordiniert und miteinander vernetzt haben. Zu ihnen z\u00e4hlten Clubs und Partylocations, B\u00e4ckereien, Caf\u00e9s, Restaurants und Hotels; 3 Schulen, die Stadtteilm\u00fctter aus Neuk\u00f6lln, der arabische Frauentreff Al Nadi und der t\u00fcrkische Frauentreff KID\u00d6B aus dem Nachbarschaftsheim Sch\u00f6neberg, ein Yachtclub, die Berliner Polizei oder auch ein Wohnheim f\u00fcr Fl\u00fcchtlinge. Die Teilnahme ist gegen\u00fcber dem letzten Jahr noch einmal gewachsen.<\/p>\n<p style=\"text-align: left;\">Ich m\u00f6chte hier die Vertreterinnen und Vertreter zahlreicher Partnerinnen und Partner begr\u00fc\u00dfen, mit denen wir uns \u00fcber das \u201aBerliner Toleranzb\u00fcndnis\u2018 vernetzt haben und die uns unterst\u00fctzt haben. Begr\u00fc\u00dfen m\u00f6chte ich auch ganz herzlich Sch\u00fclerinnen und Sch\u00fcler einer Pankower Schule, die mit uns am 21. M\u00e4rz 1.000 T\u00fctchen mit Blumensamen am Nollendorfplatz verteilt haben, unter dem Motto \u201eBunte Blumen f\u00fcr ein Buntes Berlin\u201c.<\/p>\n<p style=\"text-align: left;\">Ihnen allen m\u00f6chte ich Danksagen, dass sie mitgemacht haben.\u201c<\/p>\n<p style=\"text-align: left;\"><strong>Michael M\u00fcller\u00a0 <\/strong><br \/>\nRegierender B\u00fcrgermeister von Berlin<\/p>\n<hr \/>\n<p style=\"text-align: left;\"><strong>MANEO-Pressemeldung vom 17.05.2015<\/strong><\/p>\n<p style=\"text-align: left;\">M\u00e4rz bis 17. Mai:<\/p>\n<p style=\"text-align: left;\"><strong>\u201eKiss Kiss Berlin\u201c erfolgreich abgeschlossen<\/strong><\/p>\n<p style=\"text-align: left;\"><strong>Innerhalb von acht Wochen hat MANEO 40 Einzelaktionen und -veranstaltungen durchgef\u00fchrt, mit denen das Berliner Anti-Gewalt-Projekt auf Homophobie, Trans*phobie, Rassismus, Antisemitismus und weitere Formen gruppenbezogener Menschenfeindlichkeit aufmerksam gemacht hatte. Dabei wurden sie aktiv vom \u201aBerliner Toleranzb\u00fcndnis\u2018 (BTB) unterst\u00fctzt.<\/strong><\/p>\n<p style=\"text-align: left;\">Mit der Kampagne \u201eKiss Kiss Berlin\u201c wird j\u00e4hrlich f\u00fcr den Internationalen Tag gegen Homo- und Trans*phobie mobilisiert. Die Kampagne hatte am 21. M\u00e4rz, dem Internationalen Tag gegen Rassismus, begonnen und endet am 17. Mai, dem Internationalen Tag gegen Homophobie und Trans*phobie. Hierzu z\u00e4hlte beispielsweise die gemeinsam mit \u201eSchule ohne Rassismus\u201c veranstaltete Aktion \u201emit bunten Blumen f\u00fcr ein buntes Berlin\u201c am 20. M\u00e4rz, Vorort-Veranstaltungen in 12 Berliner Clubs und Party-Locations, die Ver\u00f6ffentlichung des MANEO-Reports 2015, Aktionen an drei Berliner Schulen, 21 Regenbogenkuchenanschnitte an repr\u00e4sentativen Orten in Berlin, die Ver\u00f6ffentlichung und \u00dcbergabe des MANEO-Reports 2015 an Vertreterinnen und Vertreter der im Berliner Abgeordnetenhaus vertretenen Parteien und 3 Kiss-Ins an drei Berliner Orten.<\/p>\n<p style=\"text-align: left;\">Kiss Kiss Berlin betont das gemeinsame Engagement gegen Homo- und Trans*phobie, Rassismus, Antisemitismus, Islamfeindlichkeit, gegen jede Form der gruppenbezogenen Menschenfeindlichkeit, sowie f\u00fcr Toleranz, Respekt und Vielfalt in Berlin, Deutschland und der Welt. <em>\u201eDie Resonanz auf unsere Kampagne war gro\u00dfartig. Wir haben unser Netzwerk erweitern und viele neue B\u00fcndnispartner f\u00fcr unser gemeinsames Anliegen gewinnen k\u00f6nnen\u201c<\/em>, so Bastian Finke, Leiter von MANEO.<\/p>\n<hr \/>\n<p style=\"text-align: left;\"><strong>Mit bunten Blumen f\u00fcr ein Buntes Berlin<\/strong><\/p>\n<p style=\"text-align: left;\">In Kooperation mit der Berliner Landeskoordination von \u201aSchule ohne Rassismus\/Schule mit Courage\u2018 und unterst\u00fctzt durch Sch\u00fclerinnen und Sch\u00fcler des Max-Delbr\u00fcck-Gymnasiums in Pankow wurden am 21. M\u00e4rz am Nollendorfplatz 1.000 T\u00fctchen mit Blumensamen an B\u00fcrgerinnen und B\u00fcrger verteilt und zwar unter dem Motto: \u201eBunte Blumen f\u00fcr ein buntes Berlin\u201c. Mit der Aktion wurde \u00fcber das Anliegen des Internationalen Tages gegen Rassismus informiert.<\/p>\n<hr \/>\n<p style=\"text-align: left;\"><strong>Kiss Kiss Berlin Party-Benefiz<\/strong><\/p>\n<p style=\"text-align: left;\"><a href=\"http:\/\/berliner-toleranzbuendnis.de\/wp-content\/uploads\/2016\/01\/KissKissBerlin-Regenbogenkuchen-Handout-2016_page53_image58-1-e1452128299626.png\"><img loading=\"lazy\" decoding=\"async\" class=\"wp-image-1036 size-medium alignleft\" src=\"http:\/\/berliner-toleranzbuendnis.de\/wp-content\/uploads\/2016\/01\/KissKissBerlin-Regenbogenkuchen-Handout-2016_page53_image58-1-213x300.png\" alt=\"\" width=\"213\" height=\"300\" \/><\/a>Zwischen dem 21. M\u00e4rz und 17. Mai waren ehrenamtliche Mitarbeiter von MANEO nachts in zahlreichen Berliner Clubs unterwegs. Auf 12 Parties zeigten sie mit Infoaktionen Pr\u00e4senz, leisteten Aufkl\u00e4rungsarbeit und informierten \u00fcber Gewaltpr\u00e4vention und die Opferhilfeangebote von MANEO. Die teilnehmenden Veranstalterinnen und Veranstalter sammelten Spenden, die dem MANEO-Opferfonds und der Gewaltpr\u00e4ventionsarbeit von MANEO insgesamt zu Gute kommen. Mit den Aktionen erreichte MANEO etwa 2.000 G\u00e4ste der Veranstaltungen.<\/p>\n<hr \/>\n<p style=\"text-align: left;\"><strong>Kiss Kiss Berlin &#8211; Regenbogenkuchen<\/strong><\/p>\n<p style=\"text-align: left;\">An 21 repr\u00e4sentativen Orten wurden \u201eKiss Kiss Berlin \u2013 Regenbogenkuchen\u201c angeschnitten. 55 Vereine, Organisationen und Einrichtungen waren in die Vorbereitungen eingebunden. Orte waren unter anderem: die Justizsenatsverwaltung, das Ausw\u00e4rtige Amt, das J\u00fcdische Forum f\u00fcr Demokratie und gegen Antisemitismus, die Berliner Stadtreinigung, das Maxim-Gorki-Theater, ein Wohnheim f\u00fcr Fl\u00fcchtlinge und Asylsuchende in Kreuzberg, das Berliner Rathaus, das Nachbarschaftsheim in Sch\u00f6neberg mit dem Treffpunkt f\u00fcr arabische Frauen Al Nadi und dem Treffpunkt f\u00fcr t\u00fcrkische Frauen KID\u00d6B, der Segler-Club Gothia in Spandau, die Landespolizeischule Berlin, die Kaiser-Wilhelm-Ged\u00e4chtniskirche, die Stadtteilm\u00fctter Neuk\u00f6lln, das Schwule Museum, die Magnus-Hirschfeld-Stele, sowie Schulen in Falkenberg und Siemensstadt. Berliner Caf\u00e9s, Restaurants und Hotels, mit aktiver Mitwirkung von der \u201aPink Pillow Collection\u2018 von Visit Berlin, allesamt Partner im \u201aBerliner Toleranzb\u00fcndnis\u2018, kreierten und stifteten die Kuchen. Mit den Kuchenanschnitten waren Begegnungen und Gespr\u00e4che verbunden, die Vorurteile abbauen, gegenseitiges Verst\u00e4ndnis schaffen, und weitere Kooperationen bef\u00f6rdern. Etwa 800 Personen waren in die Vorbereitung und Durchf\u00fchrung der Veranstaltungen eingebunden.<\/p>\n<hr \/>\n<p style=\"text-align: left;\"><strong>MANEO-Report ver\u00f6ffentlicht<\/strong><\/p>\n<p style=\"text-align: left;\">Zu Kiss Kiss Berlin geh\u00f6rt die \u00dcbergabe des \u201aMANEO-Reports\u2018 im Berliner Abgeordnetenhaus an die Vertreter der im Parlament vertretenen Fraktionen und an den Parlamentspr\u00e4sidenten Ralf Wieland. Der Jahresbericht von MANEO dokumentiert die T\u00e4tigkeit des Berliner Anti-Gewalt-Projektes und legt eine Fallstatistik zu erfassten und ausgewerteten vorurteilsmotivierten Gewalttaten gegen LSBT*-Personen in Berlin vor. Der MANEO-Report enth\u00e4lt Beitr\u00e4ge der Berliner Polizei und Berliner Staatsanwaltschaft. F\u00fcr das Jahr 2014 waren 225 neue Gewalttaten mit homophobem und trans*phobem Hintergrund in Berlin erfasst worden (siehe <a href=\"http:\/\/www.maneo.de\/fileadmin\/user_upload\/dateien\/dokumentationen\/MANEO-Report_2015.pdf\">www.maneo.de\/fileadmin\/user_upload\/dateien\/dokumentationen\/MANEO-Report_2015.pdf<\/a>).<\/p>\n<hr \/>\n<p style=\"text-align: left;\"><strong>Kiss-Ins zum 17. Mai<\/strong><\/p>\n<p style=\"text-align: left;\">Kiss Kiss Berlin endete am 17. Mai mit zwei Kiss-Ins und einer Anschlussveranstaltung. Diese f\u00fchrt MANEO seit 2007 jedes Jahr durch. Und es sind immer andere Orte. So waren es u.a. der Kurt-Schumacher-Platz (Reinickendorf), Hermannplatz (Neuk\u00f6lln), Theodor-Heuss-Platz (Charlottenburg), Warschauer Br\u00fccke (Friedrichshain), Potsdamer Platz (Mitte), Frankfurter Tor (Lichtenberg), vor dem Rathaus K\u00f6penick und vor dem Rathaus Spandau.<\/p>\n<p style=\"text-align: left;\">Es sind Orte, an denen es in der Vergangenheit zu \u00dcbergriffen gegen Lesben, Schwule und Trans*personen gekommen war. Jedes Jahr werden daf\u00fcr andere Orte ausgesucht. Diese Orte stehen stellvertretend f\u00fcr alle anderen \u00dcbergriffe, zu denen es im letzten Jahr gekommen war. Hier rufen wir in unserer Stadt und in unserer Gesellschaft dazu auf, Liebe, Vielfalt und Toleranz zu achten und setzen mit einem Kuss ein sichtbares Zeichen.<\/p>\n<p style=\"text-align: left;\"><a href=\"http:\/\/berliner-toleranzbuendnis.de\/wp-content\/uploads\/2016\/01\/KissKissBerlin-Regenbogenkuchen-Handout-2016_page53_image52.png\"><img loading=\"lazy\" decoding=\"async\" class=\"alignleft wp-image-1031 size-medium\" src=\"http:\/\/berliner-toleranzbuendnis.de\/wp-content\/uploads\/2016\/01\/KissKissBerlin-Regenbogenkuchen-Handout-2016_page53_image52-214x300.png\" alt=\"\" width=\"214\" height=\"300\" srcset=\"https:\/\/berliner-toleranzbuendnis.de\/wp-content\/uploads\/2016\/01\/KissKissBerlin-Regenbogenkuchen-Handout-2016_page53_image52-214x300.png 214w, https:\/\/berliner-toleranzbuendnis.de\/wp-content\/uploads\/2016\/01\/KissKissBerlin-Regenbogenkuchen-Handout-2016_page53_image52-768x1078.png 768w, https:\/\/berliner-toleranzbuendnis.de\/wp-content\/uploads\/2016\/01\/KissKissBerlin-Regenbogenkuchen-Handout-2016_page53_image52-730x1024.png 730w, https:\/\/berliner-toleranzbuendnis.de\/wp-content\/uploads\/2016\/01\/KissKissBerlin-Regenbogenkuchen-Handout-2016_page53_image52-107x150.png 107w, https:\/\/berliner-toleranzbuendnis.de\/wp-content\/uploads\/2016\/01\/KissKissBerlin-Regenbogenkuchen-Handout-2016_page53_image52.png 1001w\" sizes=\"auto, (max-width: 214px) 100vw, 214px\" \/><\/a>Um 14.00 Uhr fand das erste <strong>Kiss-In auf dem Sparrplatz<\/strong> Ecke Burgsdorf-stra\u00dfe, im Wedding, statt, unterst\u00fctzt durch den Berliner CSD. Der CSD Berlin e.V. forderte in seinem Redebeitrag eine verst\u00e4rkte \u00f6ffentliche Wahrneh-mung lesbenfeindlicher Gewalttaten. Die Erfassung lesben<\/p>\n<p style=\"text-align: left;\">feindlicher Gewalttaten und die Opferhilfeangebote f\u00fcr Betroffene in Berlin seien nicht ausreichend, sie m\u00fcssten verbessert und ausgebaut werden. Anschlie\u00dfend wurde ein Regenbogenkuchen angeschnitten, der vom Restaurant MORE gestiftet worden war.<\/p>\n<p style=\"text-align: left;\">Um 15.30 Uhr wurde das <strong>Kiss-In am Kottbusser Tor<\/strong>, in der Adalbertstra\u00dfe, in Kreuzberg, fortgesetzt, unterst\u00fctzt von Queer Amnesty International Berlin. Queeramnesty betonte die internationale Dimension von Homo- und Trans*phobie. Anhand von Beispielen schwerer \u00dcbergriffe in Griechenland, der T\u00fcrkei und Kamerun wurde auf die Notwendigkeit internationaler Solidarisierung und Unterst\u00fctzung aufmerksam gemacht. MANEO und viele Teilnehmerinnen und Teilnehmer unterst\u00fctzt spontan eine Soliaktion von Queeramesty. Hier wurde ein weiterer Regenbogenkuchen angeschnitten, der vom Restaurant Sissi gestiftet worden war.<\/p>\n<p style=\"text-align: left;\">Um 17 Uhr fand der letzte \u201eKiss Kiss Berlin \u2013 Regenbogenkuchen\u201c-Anschnitt am Nollendorfplatz statt, durchgef\u00fchrt von der Bezirksb\u00fcrgermeisterin von Tempelhof-Sch\u00f6neberg, Angelika Sch\u00f6ttler, und der MANEO-Beir\u00e4tin Christa Arnet, musikalisch begleitet durch die \u201aRosaCavaliere\u2018. An der Veranstaltung nahmen viele Vertreterinnen und Vertreter der Berliner Communities teil. Der \u201eKiss Kiss Berlin \u2013 Regenbogenkuchen\u201c f\u00fcr den letzten Anschnitt war vom Caf\u00e9 Einstein gestiftet worden.<\/p>\n<p style=\"text-align: left;\">Am 17. Mai beteiligten sich gut 250 Teilnehmerinnen und Teilnehmer an den drei von MANEO organisierten Veranstaltungen.<\/p>\n<hr \/>\n<p style=\"text-align: left;\"><strong>Berliner Polizei meldet heute einen neuen homophob-motivierten \u00dcbergriff<\/strong><\/p>\n<p style=\"text-align: left;\">\u201eUnbekannte fl\u00fcchteten in der vergangenen Nacht in Moabit nach einer homophoben Beleidigung und einem anschlie\u00dfendem Raub. Bisherigen Erkenntnissen zufolge begaben sich zwei junge M\u00e4nner gegen 1.40 Uhr von einer Feier in den Moabiter Stadtgarten in der Siemensstra\u00dfe und trafen dort auf drei M\u00e4nner. Das Trio soll die beiden 18-J\u00e4hrigen zun\u00e4chst homophob beschimpft und anschlie\u00dfend beraubt haben. Die R\u00e4uber schlugen ihre Opfer und fl\u00fcchteten mit den Geldb\u00f6rsen und Mobiltelefonen. Die Gesch\u00e4digten erlitten Kopfverletzungen, die in einem Krankenhaus ambulant behandelt werden mussten. Der Polizeiliche Staatschutz beim Landeskriminalamt Berlin f\u00fchrt die Ermittlungen.\u201c Quelle: Pressemeldungen der Polizei Berlin vom 17.05.2015.<\/p>\n","protected":false},"excerpt":{"rendered":"<p>Rede des Regierenden B\u00fcrgermeisters von Berlin, Michael M\u00fcller, beim Empfangs im Roten Rathaus, am 13.05.15 anl\u00e4sslich des Internationalen Tag gegen Homophobie und Trans*phobie \u201eKiss Kiss Berlin\u201c ist eine j\u00e4hrlich von uns organisierte Wahrnehmungskampagne. Sie beginnt am 21.03. (Intern. Tag gegen Rassismus) und endet am 17. Mai (Intern Tag gegen Homophobie \u2026<\/p>\n<p class=\"continue-reading-button\"> <a class=\"continue-reading-link\" href=\"https:\/\/berliner-toleranzbuendnis.de\/?page_id=1015\">&gt;&gt; Mehr<i class=\"crycon-right-dir\"><\/i><\/a><\/p>\n","protected":false},"author":1,"featured_media":0,"parent":0,"menu_order":0,"comment_status":"closed","ping_status":"closed","template":"","meta":{"footnotes":""},"class_list":["post-1015","page","type-page","status-publish","hentry"],"_links":{"self":[{"href":"https:\/\/berliner-toleranzbuendnis.de\/index.php?rest_route=\/wp\/v2\/pages\/1015","targetHints":{"allow":["GET"]}}],"collection":[{"href":"https:\/\/berliner-toleranzbuendnis.de\/index.php?rest_route=\/wp\/v2\/pages"}],"about":[{"href":"https:\/\/berliner-toleranzbuendnis.de\/index.php?rest_route=\/wp\/v2\/types\/page"}],"author":[{"embeddable":true,"href":"https:\/\/berliner-toleranzbuendnis.de\/index.php?rest_route=\/wp\/v2\/users\/1"}],"replies":[{"embeddable":true,"href":"https:\/\/berliner-toleranzbuendnis.de\/index.php?rest_route=%2Fwp%2Fv2%2Fcomments&post=1015"}],"version-history":[{"count":21,"href":"https:\/\/berliner-toleranzbuendnis.de\/index.php?rest_route=\/wp\/v2\/pages\/1015\/revisions"}],"predecessor-version":[{"id":1043,"href":"https:\/\/berliner-toleranzbuendnis.de\/index.php?rest_route=\/wp\/v2\/pages\/1015\/revisions\/1043"}],"wp:attachment":[{"href":"https:\/\/berliner-toleranzbuendnis.de\/index.php?rest_route=%2Fwp%2Fv2%2Fmedia&parent=1015"}],"curies":[{"name":"wp","href":"https:\/\/api.w.org\/{rel}","templated":true}]}}