{"id":576,"date":"2015-01-17T16:56:30","date_gmt":"2015-01-17T16:56:30","guid":{"rendered":"http:\/\/berliner-toleranzbuendnis.de\/?page_id=576"},"modified":"2015-01-17T16:56:30","modified_gmt":"2015-01-17T16:56:30","slug":"moskau-russland","status":"publish","type":"page","link":"http:\/\/berliner-toleranzbuendnis.de\/?page_id=576","title":{"rendered":"Moskau (Russland)"},"content":{"rendered":"<p><span style=\"text-decoration: underline;\">28.05.2011: Als Toleranzbotschafter Berlins auf Auslandsbesuch:<\/span><\/p>\n<p><strong>MANEO-Knutschb\u00e4r zu Besuch in Moskau<\/strong><br \/>\n<strong>Anl\u00e4sslich der Feierlichkeiten zum 20-j\u00e4hrigen Jubil\u00e4um der St\u00e4dtepartnerschaft Berlin-Moskau weilt der MANEO-Knutschb\u00e4r als \u201eBerliner Botschafter f\u00fcr Toleranz und Vielfalt\u201c in der russischen Hauptstadt. Damit unterst\u00fctzte MANEO Gespr\u00e4che \u00fcber Toleranz und Vielfalt in Moskau.<\/strong><\/p>\n<div id=\"attachment_577\" style=\"width: 310px\" class=\"wp-caption alignright\"><a href=\"http:\/\/berliner-toleranzbuendnis.de\/wp-content\/uploads\/2015\/01\/141010_BTB_MANEO_Handout_page88_image255.jpg\"><img loading=\"lazy\" decoding=\"async\" aria-describedby=\"caption-attachment-577\" class=\"size-medium wp-image-577\" src=\"http:\/\/berliner-toleranzbuendnis.de\/wp-content\/uploads\/2015\/01\/141010_BTB_MANEO_Handout_page88_image255-300x251.jpg\" alt=\"Rolf Sch\u00fctte, Protokollchef des Landes Berlin (li), und Claudia Zinke, Staatssekret\u00e4rin f\u00fcr Bildung, Jugend und Familie (re), beim Fototermin mit dem MANEO-Knutschb\u00e4r in Moskau.\" width=\"300\" height=\"251\" srcset=\"http:\/\/berliner-toleranzbuendnis.de\/wp-content\/uploads\/2015\/01\/141010_BTB_MANEO_Handout_page88_image255-300x251.jpg 300w, http:\/\/berliner-toleranzbuendnis.de\/wp-content\/uploads\/2015\/01\/141010_BTB_MANEO_Handout_page88_image255-179x150.jpg 179w, http:\/\/berliner-toleranzbuendnis.de\/wp-content\/uploads\/2015\/01\/141010_BTB_MANEO_Handout_page88_image255-150x125.jpg 150w, http:\/\/berliner-toleranzbuendnis.de\/wp-content\/uploads\/2015\/01\/141010_BTB_MANEO_Handout_page88_image255.jpg 919w\" sizes=\"auto, (max-width: 300px) 100vw, 300px\" \/><\/a><p id=\"caption-attachment-577\" class=\"wp-caption-text\">Rolf Sch\u00fctte, Protokollchef des Landes Berlin (li), und Claudia Zinke, Staatssekret\u00e4rin f\u00fcr Bildung, Jugend und Familie (re), beim Fototermin mit dem MANEO-Knutschb\u00e4r in Moskau.<\/p><\/div>\n<p>Seinen ersten offiziellen Auftritt absolvierte der MANEO-Knutschb\u00e4r im Kino \u201eKhudozhestvennij\u201c. Berlins Staatssekret\u00e4rin Claudia Zinke \u00fcbermittelte die Gr\u00fc\u00dfe des Regierenden B\u00fcrgermeisters Klaus Wowereit. Im Rahmen der Ausstellungser\u00f6ffnung zur 20-j\u00e4hrigen St\u00e4dtepartnerschaft Berlin-Moskau \u00fcberbrachte der MANEO-Knutschb\u00e4r seine Botschaft f\u00fcr eine tolerante und vielf\u00e4ltige Gesellschaft \u2013 eine nicht leichte Aufgabe in einer Stadt, in der erneut der Moskauer CSD verboten wurde. \u00dcber 1000 Menschen hatten zuvor den MANEO-Knutschb\u00e4r in Berlin bek\u00fcsst und signiert und ihr Bekenntnis f\u00fcr ein friedliches Miteinander aller sexuellen Orientierungen betont.<\/p>\n<p>F\u00fcr die restliche Woche stand der MANEO-Knutschb\u00e4r im historischen \u201eKino Pioner\u201c (\u041a\u0438\u043d\u043e \u041f\u0438\u043e\u043d\u0435\u0440), wo der Kinofilm \u201eDrei\u201c von Regisseur Tom Tykwer gezeigt wurde. W\u00e4hrend seiner Er\u00f6ffnungsansprache fand der Protokollchef der Berliner Senatsverwaltung Rolf Sch\u00fctte klare Worte. \u201eUnd darauf ist Berlin besonders stolz: eine bunte und tolerante Metropole zu sein. Deshalb haben wir neben den Filmen auch ein besonders sympathisches Symbol dieser Toleranz und Vielfalt mit nach Moskau gebracht, den \u201aBerliner Knutschb\u00e4ren\u2019. Er wirbt insbesondere f\u00fcr mehr Toleranz gegen\u00fcber Menschen mit verschiedener sexueller Orientierung und will auch auf die Gewalt hinweisen, der sich \u2013 auch in Berlin \u2013 viele Schwule und Lesben und andere sexuelle Minderheiten gegen\u00fcbersehen.\u201c<\/p>\n<p>Der Regierende B\u00fcrgermeister von Berlin hatte wiederholt das Verbot von Schwulen- und Lesben-Demonstrationen in Moskau kritisiert. Seine Kritik wiederholte er erneut am vergangenen Dienstag. Diese sei \u00abdiskriminierend\u00bb, sagte er der Nachrichtenagentur dpa in Moskau. Seine Position brachte er auch im Gespr\u00e4ch mit dem Moskauer B\u00fcrgermeister Sergej Sobjanin zum Ausdruck.<\/p>\n","protected":false},"excerpt":{"rendered":"<p>28.05.2011: Als Toleranzbotschafter Berlins auf Auslandsbesuch: MANEO-Knutschb\u00e4r zu Besuch in Moskau Anl\u00e4sslich der Feierlichkeiten zum 20-j\u00e4hrigen Jubil\u00e4um der St\u00e4dtepartnerschaft Berlin-Moskau weilt der MANEO-Knutschb\u00e4r als \u201eBerliner Botschafter f\u00fcr Toleranz und Vielfalt\u201c in der russischen Hauptstadt. Damit unterst\u00fctzte MANEO Gespr\u00e4che \u00fcber Toleranz und Vielfalt in Moskau. Seinen ersten offiziellen Auftritt absolvierte der \u2026<\/p>\n<p class=\"continue-reading-button\"> <a class=\"continue-reading-link\" href=\"http:\/\/berliner-toleranzbuendnis.de\/?page_id=576\">&gt;&gt; Mehr<i class=\"crycon-right-dir\"><\/i><\/a><\/p>\n","protected":false},"author":1,"featured_media":0,"parent":108,"menu_order":2,"comment_status":"closed","ping_status":"closed","template":"","meta":{"footnotes":""},"class_list":["post-576","page","type-page","status-publish","hentry"],"_links":{"self":[{"href":"http:\/\/berliner-toleranzbuendnis.de\/index.php?rest_route=\/wp\/v2\/pages\/576","targetHints":{"allow":["GET"]}}],"collection":[{"href":"http:\/\/berliner-toleranzbuendnis.de\/index.php?rest_route=\/wp\/v2\/pages"}],"about":[{"href":"http:\/\/berliner-toleranzbuendnis.de\/index.php?rest_route=\/wp\/v2\/types\/page"}],"author":[{"embeddable":true,"href":"http:\/\/berliner-toleranzbuendnis.de\/index.php?rest_route=\/wp\/v2\/users\/1"}],"replies":[{"embeddable":true,"href":"http:\/\/berliner-toleranzbuendnis.de\/index.php?rest_route=%2Fwp%2Fv2%2Fcomments&post=576"}],"version-history":[{"count":1,"href":"http:\/\/berliner-toleranzbuendnis.de\/index.php?rest_route=\/wp\/v2\/pages\/576\/revisions"}],"predecessor-version":[{"id":578,"href":"http:\/\/berliner-toleranzbuendnis.de\/index.php?rest_route=\/wp\/v2\/pages\/576\/revisions\/578"}],"up":[{"embeddable":true,"href":"http:\/\/berliner-toleranzbuendnis.de\/index.php?rest_route=\/wp\/v2\/pages\/108"}],"wp:attachment":[{"href":"http:\/\/berliner-toleranzbuendnis.de\/index.php?rest_route=%2Fwp%2Fv2%2Fmedia&parent=576"}],"curies":[{"name":"wp","href":"https:\/\/api.w.org\/{rel}","templated":true}]}}