{"id":514,"date":"2015-01-16T22:21:34","date_gmt":"2015-01-16T22:21:34","guid":{"rendered":"http:\/\/berliner-toleranzbuendnis.de\/?page_id=514"},"modified":"2015-01-16T22:22:08","modified_gmt":"2015-01-16T22:22:08","slug":"plakatkampagne-gegen-homophobie-im-fussball","status":"publish","type":"page","link":"http:\/\/berliner-toleranzbuendnis.de\/?page_id=514","title":{"rendered":"Plakatkampagne gegen Homophobie im Fu\u00dfball"},"content":{"rendered":"<p><span style=\"text-decoration: underline;\">08.06.2006: Zum Auftakt der Fu\u00dfball WM 2006<\/span><\/p>\n<p><strong>\u00a0<a href=\"http:\/\/berliner-toleranzbuendnis.de\/wp-content\/uploads\/2015\/01\/141010_BTB_MANEO_Handout_page88_image199.jpg\"><img loading=\"lazy\" decoding=\"async\" class=\" size-medium wp-image-515 alignright\" src=\"http:\/\/berliner-toleranzbuendnis.de\/wp-content\/uploads\/2015\/01\/141010_BTB_MANEO_Handout_page88_image199-212x300.jpg\" alt=\"\" width=\"212\" height=\"300\" srcset=\"http:\/\/berliner-toleranzbuendnis.de\/wp-content\/uploads\/2015\/01\/141010_BTB_MANEO_Handout_page88_image199-212x300.jpg 212w, http:\/\/berliner-toleranzbuendnis.de\/wp-content\/uploads\/2015\/01\/141010_BTB_MANEO_Handout_page88_image199-106x150.jpg 106w, http:\/\/berliner-toleranzbuendnis.de\/wp-content\/uploads\/2015\/01\/141010_BTB_MANEO_Handout_page88_image199.jpg 561w\" sizes=\"auto, (max-width: 212px) 100vw, 212px\" \/><\/a><\/strong><br \/>\n<strong>Der Regierende B\u00fcrgermeister von Berlin, Klaus Wowereit, unterst\u00fctzt mit weiteren prominenten Partnern die Toleranz-Kampagne von MANEO gegen schwulenfeindliche Gewalt in Berlin anl\u00e4sslich der Fu\u00dfball-WM.<\/strong><\/p>\n<p>Gewalt gegen homosexuelle Menschen geh\u00f6rt auch in der sonst so toleranten Stadt Berlin zum Alltag. Aus diesem Grund rief MANEO eine \u201eToleranzkampagne\u201c ins Leben. W\u00e4hrend der Fu\u00dfball-Weltmeister-schaft wird mit einer Plakataktion auf die Problematik Homophobie und Fu\u00dfball aufmerksam gemacht. Berlins Regierender B\u00fcrgermeister Klaus Wowereit und der Polizeipr\u00e4sident Dieter Glietsch stellten heute am Vortag des Er\u00f6ffnungsspiels gemeinsam mit MANEO-Projektleiter Bastian Finke und weiteren prominenten Unterst\u00fctzern die Kampagne vor.<\/p>\n<p>&nbsp;<\/p>\n<div id=\"attachment_516\" style=\"width: 310px\" class=\"wp-caption alignright\"><a href=\"http:\/\/berliner-toleranzbuendnis.de\/wp-content\/uploads\/2015\/01\/141010_BTB_MANEO_Handout_page88_image198.jpg\"><img loading=\"lazy\" decoding=\"async\" aria-describedby=\"caption-attachment-516\" class=\"size-medium wp-image-516\" src=\"http:\/\/berliner-toleranzbuendnis.de\/wp-content\/uploads\/2015\/01\/141010_BTB_MANEO_Handout_page88_image198-300x199.jpg\" alt=\"Der Regierende B\u00fcrgermeister von Berlin, Klaus Wowereit, und Bastian Finke, MANEO-Projektleiter, pr\u00e4sentieren das MANEO-Plakat gegen Homophobie im Fu\u00dfball anl\u00e4sslich der Fu\u00dfballweltmeisterschaft in Deutschland 2006. Foto \u00a9 MANEO.\" width=\"300\" height=\"199\" srcset=\"http:\/\/berliner-toleranzbuendnis.de\/wp-content\/uploads\/2015\/01\/141010_BTB_MANEO_Handout_page88_image198-300x199.jpg 300w, http:\/\/berliner-toleranzbuendnis.de\/wp-content\/uploads\/2015\/01\/141010_BTB_MANEO_Handout_page88_image198-226x150.jpg 226w, http:\/\/berliner-toleranzbuendnis.de\/wp-content\/uploads\/2015\/01\/141010_BTB_MANEO_Handout_page88_image198-150x99.jpg 150w, http:\/\/berliner-toleranzbuendnis.de\/wp-content\/uploads\/2015\/01\/141010_BTB_MANEO_Handout_page88_image198.jpg 628w\" sizes=\"auto, (max-width: 300px) 100vw, 300px\" \/><\/a><p id=\"caption-attachment-516\" class=\"wp-caption-text\">Der Regierende B\u00fcrgermeister von Berlin, Klaus Wowereit, und Bastian Finke, MANEO-Projektleiter, pr\u00e4sentieren das MANEO-Plakat gegen Homophobie im Fu\u00dfball anl\u00e4sslich der Fu\u00dfballweltmeisterschaft in Deutschland 2006. Foto \u00a9 MANEO.<\/p><\/div>\n<p>Unter der \u00dcberschrift \u201eHaust du deinem Lieblingsspieler daf\u00fcr auch auf\u00b4s Maul\u201c zeigt das Motiv zwei jubelnde Fu\u00dfballspieler, die sich nach dem erzielten Torerfolg mit einem Kuss gratulieren. Eine im Sport allt\u00e4gliche Geste zwischen zwei m\u00e4nnlichen Sportlern soll so gerade Fu\u00dfballbegeisterte nachdenklich stimmen, unter denen Homophobie nach wie vor weit verbreitet ist.<\/p>\n<p>Laut den Kampagnen-Initiatoren bietet die kommende Fu\u00dfball-Weltmeisterschaft das ideale Umfeld f\u00fcr die Toleranz-Kampagne. Im Fu\u00dfball sind Teamgeist und Fairness unverzichtbar f\u00fcr den Erfolg. Sie sind ebenso gefragt f\u00fcr ein friedliches Zusammenleben von Menschen unterschiedlicher Herkunft, Gesinnung und sexueller Orientierung.<br \/>\n\u201eAuch wenn Berlin zu Recht in dem Ruf steht, eine tolerante Stadt zu sein, bleibt noch viel zu tun., damit Schwule und Lesben wirklich frei von Diskri-minierung leben k\u00f6nnen. Vor diesem Hintergrund begr\u00fc\u00dfe ich die aktuelle Informations- und Toleranzkampagne von MANEO\u201c, betonte Klaus Wowereit.<\/p>\n<p>&nbsp;<\/p>\n<div id=\"attachment_517\" style=\"width: 310px\" class=\"wp-caption alignright\"><a href=\"http:\/\/berliner-toleranzbuendnis.de\/wp-content\/uploads\/2015\/01\/141010_BTB_MANEO_Handout_page88_image204.jpg\"><img loading=\"lazy\" decoding=\"async\" aria-describedby=\"caption-attachment-517\" class=\"size-medium wp-image-517\" src=\"http:\/\/berliner-toleranzbuendnis.de\/wp-content\/uploads\/2015\/01\/141010_BTB_MANEO_Handout_page88_image204-300x200.jpg\" alt=\"(v.l.n.r.) Oktay Urkal, Europaboxmeister, Marc Harttensuer, F\u00fcchse Berlin (Handball), Oliver Flemming, Berlin-Thunder (American Football), Bastian Finke, MANEO, Klaus Wowereit, Regierender B\u00fcrgermeister von Berlin, D\u00e9sir\u00e9e Nick, K\u00fcnstlerin, Dieter Glietsch, Polizeipr\u00e4sident von Berlin. Foto \u00a9 MANEO.\" width=\"300\" height=\"200\" srcset=\"http:\/\/berliner-toleranzbuendnis.de\/wp-content\/uploads\/2015\/01\/141010_BTB_MANEO_Handout_page88_image204-300x200.jpg 300w, http:\/\/berliner-toleranzbuendnis.de\/wp-content\/uploads\/2015\/01\/141010_BTB_MANEO_Handout_page88_image204-225x150.jpg 225w, http:\/\/berliner-toleranzbuendnis.de\/wp-content\/uploads\/2015\/01\/141010_BTB_MANEO_Handout_page88_image204-150x100.jpg 150w, http:\/\/berliner-toleranzbuendnis.de\/wp-content\/uploads\/2015\/01\/141010_BTB_MANEO_Handout_page88_image204.jpg 628w\" sizes=\"auto, (max-width: 300px) 100vw, 300px\" \/><\/a><p id=\"caption-attachment-517\" class=\"wp-caption-text\">(v.l.n.r.) Oktay Urkal, Europaboxmeister, Marc Harttensuer, F\u00fcchse Berlin (Handball), Oliver Flemming, Berlin-Thunder (American Football), Bastian Finke, MANEO, Klaus Wowereit, Regierender B\u00fcrgermeister von Berlin, D\u00e9sir\u00e9e Nick, K\u00fcnstlerin, Dieter Glietsch, Polizeipr\u00e4sident von Berlin. Foto \u00a9 MANEO.<\/p><\/div>\n<p>&nbsp;<\/p>\n<p>Die Aktion freut sich \u00fcber die zahlreichen engagierten F\u00f6rderer aus Politik und Gesellschaft. Neben dem Regierenden B\u00fcrgermeister und dem Polizeipr\u00e4sidenten von Berlin, unterst\u00fctzen die Kampagne Oliver Flemming von \u201eBerlin Thunder\u201c, Oktay Urkal, Box-Europameister, Marc Hartensuer von den \u201eF\u00fcchsen Berlin\u201c sowie die Schauspieler Desir\u00e9\u00e9 Nick und Georg Uecker. Die Stadt Berlin, die Initiative \u201eGesicht Zeigen\u201c und die Stiftung Deutsche Klassenlotterie Berlin f\u00f6rdern die Kampagne von MANEO.<\/p>\n<p>&nbsp;<\/p>\n<p>* * * * * * * * * * * * * * * *<\/p>\n<p><strong>\u00a0<\/strong><\/p>\n<p><strong>Berlin, den 15.10.2007<\/strong><\/p>\n<p><span style=\"text-decoration: underline;\">Rote Karte f\u00fcr Homophobie im Fu\u00dfball<\/span><\/p>\n<p><a href=\"http:\/\/berliner-toleranzbuendnis.de\/wp-content\/uploads\/2015\/01\/141010_BTB_MANEO_Handout_page88_image203.jpg\"><img loading=\"lazy\" decoding=\"async\" class=\" size-medium wp-image-518 alignright\" src=\"http:\/\/berliner-toleranzbuendnis.de\/wp-content\/uploads\/2015\/01\/141010_BTB_MANEO_Handout_page88_image203-212x300.jpg\" alt=\"\" width=\"212\" height=\"300\" srcset=\"http:\/\/berliner-toleranzbuendnis.de\/wp-content\/uploads\/2015\/01\/141010_BTB_MANEO_Handout_page88_image203-212x300.jpg 212w, http:\/\/berliner-toleranzbuendnis.de\/wp-content\/uploads\/2015\/01\/141010_BTB_MANEO_Handout_page88_image203-106x150.jpg 106w, http:\/\/berliner-toleranzbuendnis.de\/wp-content\/uploads\/2015\/01\/141010_BTB_MANEO_Handout_page88_image203.jpg 504w\" sizes=\"auto, (max-width: 212px) 100vw, 212px\" \/><\/a><\/p>\n<p><span style=\"color: #ff6600;\"><strong>MANEO und DFB z\u00e4hlen zu den Unterzeichnern einer gemeinsamen Erkl\u00e4rung gegen Homophobie im Fu\u00dfball<\/strong><\/span><\/p>\n<p>Am vergangenen Freitag, 12. Oktober 2007, unterzeichneten beim <em>1. Aktionsabend gegen Homophobie im deutschen Fu\u00dfball<\/em> Fu\u00dfballvereine, Funktion\u00e4re, Fanclubs und Organisationen eine Erkl\u00e4rung gegen Diskriminierung. Die Unterzeichner, darunter der DFB, Hertha BSC, Werder Bremen, Hamburger Fu\u00dfball-Verband, T\u00fcrkiyemspor Berlin, die Hertha-Junxx, Vorspiel e.V. und MANEO, setzten damit ein bislang beispielloses Zeichen: Die Erkl\u00e4rung spricht sich u.a. f\u00fcr die Thematisierung aller Formen von Diskriminierung, die Einf\u00fchrung von Antidiskriminierungsparagraphen in Stadionordnungen und Vereinssatzungen sowie die Dokumentation von Diskriminierungen aus.<\/p>\n","protected":false},"excerpt":{"rendered":"<p>08.06.2006: Zum Auftakt der Fu\u00dfball WM 2006 \u00a0 Der Regierende B\u00fcrgermeister von Berlin, Klaus Wowereit, unterst\u00fctzt mit weiteren prominenten Partnern die Toleranz-Kampagne von MANEO gegen schwulenfeindliche Gewalt in Berlin anl\u00e4sslich der Fu\u00dfball-WM. Gewalt gegen homosexuelle Menschen geh\u00f6rt auch in der sonst so toleranten Stadt Berlin zum Alltag. Aus diesem Grund \u2026<\/p>\n<p class=\"continue-reading-button\"> <a class=\"continue-reading-link\" href=\"http:\/\/berliner-toleranzbuendnis.de\/?page_id=514\">&gt;&gt; Mehr<i class=\"crycon-right-dir\"><\/i><\/a><\/p>\n","protected":false},"author":1,"featured_media":0,"parent":104,"menu_order":6,"comment_status":"closed","ping_status":"closed","template":"","meta":{"footnotes":""},"class_list":["post-514","page","type-page","status-publish","hentry"],"_links":{"self":[{"href":"http:\/\/berliner-toleranzbuendnis.de\/index.php?rest_route=\/wp\/v2\/pages\/514","targetHints":{"allow":["GET"]}}],"collection":[{"href":"http:\/\/berliner-toleranzbuendnis.de\/index.php?rest_route=\/wp\/v2\/pages"}],"about":[{"href":"http:\/\/berliner-toleranzbuendnis.de\/index.php?rest_route=\/wp\/v2\/types\/page"}],"author":[{"embeddable":true,"href":"http:\/\/berliner-toleranzbuendnis.de\/index.php?rest_route=\/wp\/v2\/users\/1"}],"replies":[{"embeddable":true,"href":"http:\/\/berliner-toleranzbuendnis.de\/index.php?rest_route=%2Fwp%2Fv2%2Fcomments&post=514"}],"version-history":[{"count":1,"href":"http:\/\/berliner-toleranzbuendnis.de\/index.php?rest_route=\/wp\/v2\/pages\/514\/revisions"}],"predecessor-version":[{"id":519,"href":"http:\/\/berliner-toleranzbuendnis.de\/index.php?rest_route=\/wp\/v2\/pages\/514\/revisions\/519"}],"up":[{"embeddable":true,"href":"http:\/\/berliner-toleranzbuendnis.de\/index.php?rest_route=\/wp\/v2\/pages\/104"}],"wp:attachment":[{"href":"http:\/\/berliner-toleranzbuendnis.de\/index.php?rest_route=%2Fwp%2Fv2%2Fmedia&parent=514"}],"curies":[{"name":"wp","href":"https:\/\/api.w.org\/{rel}","templated":true}]}}