{"id":20,"date":"2015-01-08T14:27:03","date_gmt":"2015-01-08T14:27:03","guid":{"rendered":"http:\/\/localhost\/wordpress\/?page_id=20"},"modified":"2015-01-27T20:03:52","modified_gmt":"2015-01-27T20:03:52","slug":"wer-ist-dabei","status":"publish","type":"page","link":"http:\/\/berliner-toleranzbuendnis.de\/?page_id=20","title":{"rendered":"Die B\u00fcndnispartner"},"content":{"rendered":"<h3>Wer ist dabei?<\/h3>\n<p><strong>Zahlreiche Berliner Gewerbetreibende, Unternehmen, Institutionen <\/strong>und <strong>Events <\/strong>haben sich dem Berliner Toleranzb\u00fcndnis angeschlossen und die gemeinsame Erkl\u00e4rung unterzeichnet. Viele weitere haben bereits Ihre Teilnahme angek\u00fcndigt:<\/p>\n<!-- Beginning of Link Library Output --><span class=\"nolinksfoundallcats\">No links found<\/span><script type='text\/javascript'>\njQuery(document).ready(function()\n{\njQuery('.arrow-up').hide();\njQuery('#linklist1 a.track_this_link').click(function() {\nlinkid = this.id;\nlinkid = linkid.substring(5);\npath = '';\njQuery.ajax( {    type: 'POST',    url: 'http:\/\/berliner-toleranzbuendnis.de\/wp-admin\/admin-ajax.php',     data: { action: 'link_library_tracker',             _ajax_nonce: '051ff70f25',             id:linkid, xpath:path }     });\nreturn true;\n});\njQuery('#linklist1 .expandlinks').click(function() {\ntarget = '.' + jQuery(this).attr('id');\nsubcattarget = '.' + jQuery(this).attr('data-subcat');\nif ( jQuery( target ).is(':visible') ) {\njQuery(target).slideUp();\njQuery(subcattarget).slideToggle();\njQuery(this).children('img').attr('src', 'http:\/\/berliner-toleranzbuendnis.de\/wp-content\/plugins\/link-library\/icons\/expand-32.png');\n} else {\njQuery(target).slideDown();\njQuery(subcattarget).slideToggle();\njQuery(this).children('img').attr('src', 'http:\/\/berliner-toleranzbuendnis.de\/wp-content\/plugins\/link-library\/icons\/collapse-32.png');\n}\n});\njQuery('#linklist1 .linklistcatclass').click(function() {\njQuery(this).siblings('.expandlinks').click();\n});\njQuery('#linklist1 .linklistcatnamedesc').click(function() {\njQuery(this).siblings('.expandlinks').click();\n});\n});\n<\/script>\n<\/div><!-- Div Linklist -->\n<!-- End of Link Library Output -->\n\n\n<p>&nbsp;<\/p>\n<p><a href=\"http:\/\/berliner-toleranzbuendnis.de\/wp-content\/uploads\/2015\/01\/141010_BTB_MANEO_Handout_page88_image28.jpg\"><img loading=\"lazy\" decoding=\"async\" class=\"   alignnone wp-image-21 size-large\" src=\"http:\/\/berliner-toleranzbuendnis.de\/wp-content\/uploads\/2015\/01\/141010_BTB_MANEO_Handout_page88_image28-1024x100.jpg\" alt=\"\" width=\"820\" height=\"80\" srcset=\"http:\/\/berliner-toleranzbuendnis.de\/wp-content\/uploads\/2015\/01\/141010_BTB_MANEO_Handout_page88_image28-1024x100.jpg 1024w, http:\/\/berliner-toleranzbuendnis.de\/wp-content\/uploads\/2015\/01\/141010_BTB_MANEO_Handout_page88_image28-300x29.jpg 300w, http:\/\/berliner-toleranzbuendnis.de\/wp-content\/uploads\/2015\/01\/141010_BTB_MANEO_Handout_page88_image28-500x49.jpg 500w, http:\/\/berliner-toleranzbuendnis.de\/wp-content\/uploads\/2015\/01\/141010_BTB_MANEO_Handout_page88_image28.jpg 1221w\" sizes=\"auto, (max-width: 820px) 100vw, 820px\" \/><\/a><\/p>\n<p><strong><em>\u00a0<\/em><\/strong><\/p>\n","protected":false},"excerpt":{"rendered":"<p>Wer ist dabei? Zahlreiche Berliner Gewerbetreibende, Unternehmen, Institutionen und Events haben sich dem Berliner Toleranzb\u00fcndnis angeschlossen und die gemeinsame Erkl\u00e4rung unterzeichnet. Viele weitere haben bereits Ihre Teilnahme angek\u00fcndigt: &nbsp; \u00a0<\/p>\n<p class=\"continue-reading-button\"> <a class=\"continue-reading-link\" href=\"http:\/\/berliner-toleranzbuendnis.de\/?page_id=20\">&gt;&gt; Mehr<i class=\"crycon-right-dir\"><\/i><\/a><\/p>\n","protected":false},"author":1,"featured_media":0,"parent":0,"menu_order":3,"comment_status":"closed","ping_status":"open","template":"","meta":{"footnotes":""},"class_list":["post-20","page","type-page","status-publish","hentry"],"_links":{"self":[{"href":"http:\/\/berliner-toleranzbuendnis.de\/index.php?rest_route=\/wp\/v2\/pages\/20","targetHints":{"allow":["GET"]}}],"collection":[{"href":"http:\/\/berliner-toleranzbuendnis.de\/index.php?rest_route=\/wp\/v2\/pages"}],"about":[{"href":"http:\/\/berliner-toleranzbuendnis.de\/index.php?rest_route=\/wp\/v2\/types\/page"}],"author":[{"embeddable":true,"href":"http:\/\/berliner-toleranzbuendnis.de\/index.php?rest_route=\/wp\/v2\/users\/1"}],"replies":[{"embeddable":true,"href":"http:\/\/berliner-toleranzbuendnis.de\/index.php?rest_route=%2Fwp%2Fv2%2Fcomments&post=20"}],"version-history":[{"count":22,"href":"http:\/\/berliner-toleranzbuendnis.de\/index.php?rest_route=\/wp\/v2\/pages\/20\/revisions"}],"predecessor-version":[{"id":710,"href":"http:\/\/berliner-toleranzbuendnis.de\/index.php?rest_route=\/wp\/v2\/pages\/20\/revisions\/710"}],"wp:attachment":[{"href":"http:\/\/berliner-toleranzbuendnis.de\/index.php?rest_route=%2Fwp%2Fv2%2Fmedia&parent=20"}],"curies":[{"name":"wp","href":"https:\/\/api.w.org\/{rel}","templated":true}]}}