{"id":18,"date":"2015-01-08T14:23:07","date_gmt":"2015-01-08T14:23:07","guid":{"rendered":"http:\/\/localhost\/wordpress\/?page_id=18"},"modified":"2015-03-11T13:47:25","modified_gmt":"2015-03-11T13:47:25","slug":"wie-lautet-das-ziel","status":"publish","type":"page","link":"http:\/\/berliner-toleranzbuendnis.de\/?page_id=18","title":{"rendered":"Die Toleranzerkl\u00e4rung"},"content":{"rendered":"<h3>Wie lautet das Ziel?<\/h3>\n<h4><strong>Die Toleranzerkl\u00e4rung des Berliner Toleranzb\u00fcndnisses<\/strong><\/h4>\n<p><strong><em>Wir, die Unterzeichner, teilen die Vision von einem bunten, weltoffenen Berlin. <\/em><\/strong><em>Wir wollen dazu beitragen, Berlins Attraktivit\u00e4t als Lebensraum, Arbeitsst\u00e4tte und als Tourismusmagnet zu st\u00e4rken und weiter auszubauen. Da diese Attraktivit\u00e4t auf einem von Toleranz gepr\u00e4gten Miteinander gr\u00fcndet, betrachten wir es gleichsam als Aufgabe, Anti-Gewalt-Arbeit in Berlin zu bef\u00f6rdern. Um unsere Vision zu konkretisieren, wollen wir gemeinsam Gesicht zeigen und daran arbeiten.<\/em><\/p>\n<p><strong><em>Wir, die Unterzeichner, betrachten Vielfalt als Bereicherung, aus der heraus Ideen und Potentiale f\u00fcr unsere Gesellschaft und f\u00fcr unsere Stadt erwachsen,<\/em><\/strong><em> mit denen wir uns eine gemeinsame Zukunft und eine freie, friedliche, gerechte und demokratische Gesellschaft gestalten und schaffen k\u00f6nnen. Vor dem Hintergrund der Geschichte unseres Landes sowie der damit einhergehenden Verantwortung, treten wir f\u00fcr Menschenrechte und Toleranz in unserer demokratischen Gesellschaft ein. Indem wir regelm\u00e4\u00dfig daf\u00fcr einstehen, arbeiten wir an einer gemeinsamen Zukunft in dieser Stadt.<\/em><\/p>\n<p><strong><em>Wir, die Unterzeichner, leben Toleranz und treten ein gegen Ausgrenzung, Diskriminierung und Gewalt. <\/em><\/strong><em>Wir wollen unsere Kr\u00e4fte zur Gestaltung und Entwicklung eines toleranten, vielf\u00e4ltigen Berlins einen, in dem Menschen in ihrer Unterschiedlichkeit wohnen, arbeiten und leben k\u00f6nnen \u2013 dies im Geiste der Berliner Landesverfassung, die gegenseitige Anerkennung und Achtung unter Menschen unterschiedlichen Geschlechts, Alters, unterschiedlicher Kultur, ethnischer Herkunft, Heimat, Glauben, religi\u00f6ser oder politischer Anschauung, Behinderung sowie sexueller Orientierung erkl\u00e4rt. Eine solche Vision wird getragen von sichtbaren Akteuren des gesellschaftlichen Lebens in Berlin, die f\u00fcr Toleranz eintreten und diese auch nach au\u00dfen tragen, unter dem gemeinsamen Motto:<\/em><\/p>\n<p><em>\u00a0<\/em><\/p>\n<p><strong>Wir leben Toleranz.<\/strong><\/p>\n<p><strong><em>\u00a0<\/em><\/strong><\/p>\n<p><em>\u2026\u2026\u2026\u2026\u2026\u2026\u2026\u2026\u2026\u2026\u2026\u2026\u2026\u2026\u00a0\u00a0\u00a0\u00a0\u00a0\u00a0\u00a0\u00a0\u00a0\u00a0\u00a0\u00a0\u00a0 \u2026\u2026\u2026\u2026\u2026\u2026\u2026\u2026\u2026\u2026\u2026\u2026\u2026\u2026<\/em><\/p>\n<p><em>(Namen des Unternehmens)\u00a0\u00a0\u00a0\u00a0\u00a0\u00a0\u00a0\u00a0\u00a0\u00a0\u00a0\u00a0\u00a0\u00a0\u00a0\u00a0\u00a0\u00a0\u00a0\u00a0\u00a0\u00a0\u00a0\u00a0\u00a0\u00a0\u00a0\u00a0\u00a0\u00a0\u00a0\u00a0\u00a0\u00a0 (Bevollm\u00e4chtige\/r: Vorname, Name)<\/em><\/p>\n<p><em>\u00a0<\/em><\/p>\n<p><em>\u00a0<\/em><\/p>\n<p><em>\u2026\u2026\u2026\u2026\u2026\u2026\u2026\u2026\u2026\u2026\u2026\u2026\u2026\u2026\u00a0\u00a0\u00a0\u00a0\u00a0\u00a0\u00a0\u00a0\u00a0\u00a0\u00a0\u00a0\u00a0 \u2026\u2026\u2026\u2026\u2026\u2026\u2026\u2026\u2026\u2026\u2026\u2026\u2026\u2026<\/em><\/p>\n<p><em>(Stra\u00dfe, Hausnr.) \u00a0\u00a0\u00a0\u00a0\u00a0\u00a0\u00a0\u00a0\u00a0\u00a0\u00a0\u00a0\u00a0\u00a0\u00a0\u00a0\u00a0\u00a0\u00a0\u00a0\u00a0\u00a0\u00a0\u00a0\u00a0\u00a0\u00a0\u00a0\u00a0\u00a0\u00a0\u00a0\u00a0\u00a0\u00a0\u00a0\u00a0\u00a0\u00a0\u00a0\u00a0\u00a0\u00a0\u00a0\u00a0\u00a0\u00a0\u00a0\u00a0\u00a0\u00a0 (PLZ, Ort)<\/em><\/p>\n<p><em>\u00a0<\/em><\/p>\n<p><em>\u00a0<\/em><\/p>\n<p><em>\u2026\u2026\u2026\u2026\u2026\u2026\u2026\u2026\u2026\u2026\u2026\u2026\u2026\u2026\u00a0\u00a0 \u00a0\u00a0\u00a0\u00a0\u00a0\u00a0\u00a0\u00a0\u00a0\u00a0\u00a0 \u2026\u2026\u2026\u2026\u2026\u2026\u2026\u2026\u2026\u2026\u2026\u2026\u2026\u2026<\/em><\/p>\n<p><em>(Telefon\/ Handy) \u00a0\u00a0\u00a0\u00a0\u00a0\u00a0\u00a0\u00a0\u00a0\u00a0\u00a0\u00a0\u00a0\u00a0\u00a0\u00a0\u00a0\u00a0\u00a0\u00a0\u00a0\u00a0\u00a0\u00a0\u00a0\u00a0\u00a0\u00a0\u00a0\u00a0\u00a0\u00a0\u00a0\u00a0\u00a0\u00a0\u00a0\u00a0\u00a0\u00a0\u00a0\u00a0\u00a0\u00a0\u00a0\u00a0\u00a0\u00a0\u00a0\u00a0\u00a0\u00a0 (Email)<\/em><\/p>\n<p><em>\u00a0<\/em><\/p>\n<p><em>\u00a0<\/em><\/p>\n<p><em>\u2026\u2026\u2026\u2026\u2026\u2026\u2026\u00a0\u00a0\u00a0 \u2026\u2026\u2026\u2026\u2026\u2026\u2026\u2026\u2026\u2026\u2026\u2026\u2026\u2026\u2026\u2026\u2026\u2026<\/em><\/p>\n<p><em>(Datum)\u00a0\u00a0\u00a0\u00a0\u00a0\u00a0\u00a0\u00a0\u00a0\u00a0\u00a0\u00a0\u00a0\u00a0\u00a0\u00a0\u00a0\u00a0\u00a0\u00a0\u00a0\u00a0\u00a0 (Unterschrift) <\/em><\/p>\n<p><em>\u00a0\u00a0\u00a0\u00a0\u00a0\u00a0\u00a0\u00a0\u00a0\u00a0\u00a0\u00a0\u00a0\u00a0\u00a0\u00a0\u00a0\u00a0\u00a0\u00a0\u00a0\u00a0\u00a0\u00a0\u00a0\u00a0\u00a0\u00a0\u00a0\u00a0\u00a0\u00a0\u00a0\u00a0\u00a0\u00a0\u00a0\u00a0\u00a0\u00a0\u00a0\u00a0\u00a0\u00a0\u00a0\u00a0\u00a0\u00a0\u00a0\u00a0\u00a0 <\/em><strong><em>per Fax an MANEO: 030- 236 381 42<\/em><\/strong><\/p>\n<p>&nbsp;<\/p>\n<h3><a href=\"http:\/\/berliner-toleranzbuendnis.de\/wp-content\/uploads\/2015\/01\/BTB-Erklaerung.pdf\">Toleranzb\u00fcndnis-Erkl\u00e4rung hier herunterladen<\/a><\/h3>\n","protected":false},"excerpt":{"rendered":"<p>Wie lautet das Ziel? Die Toleranzerkl\u00e4rung des Berliner Toleranzb\u00fcndnisses Wir, die Unterzeichner, teilen die Vision von einem bunten, weltoffenen Berlin. Wir wollen dazu beitragen, Berlins Attraktivit\u00e4t als Lebensraum, Arbeitsst\u00e4tte und als Tourismusmagnet zu st\u00e4rken und weiter auszubauen. Da diese Attraktivit\u00e4t auf einem von Toleranz gepr\u00e4gten Miteinander gr\u00fcndet, betrachten wir es \u2026<\/p>\n<p class=\"continue-reading-button\"> <a class=\"continue-reading-link\" href=\"http:\/\/berliner-toleranzbuendnis.de\/?page_id=18\">&gt;&gt; Mehr<i class=\"crycon-right-dir\"><\/i><\/a><\/p>\n","protected":false},"author":1,"featured_media":0,"parent":0,"menu_order":2,"comment_status":"closed","ping_status":"open","template":"","meta":{"footnotes":""},"class_list":["post-18","page","type-page","status-publish","hentry"],"_links":{"self":[{"href":"http:\/\/berliner-toleranzbuendnis.de\/index.php?rest_route=\/wp\/v2\/pages\/18","targetHints":{"allow":["GET"]}}],"collection":[{"href":"http:\/\/berliner-toleranzbuendnis.de\/index.php?rest_route=\/wp\/v2\/pages"}],"about":[{"href":"http:\/\/berliner-toleranzbuendnis.de\/index.php?rest_route=\/wp\/v2\/types\/page"}],"author":[{"embeddable":true,"href":"http:\/\/berliner-toleranzbuendnis.de\/index.php?rest_route=\/wp\/v2\/users\/1"}],"replies":[{"embeddable":true,"href":"http:\/\/berliner-toleranzbuendnis.de\/index.php?rest_route=%2Fwp%2Fv2%2Fcomments&post=18"}],"version-history":[{"count":8,"href":"http:\/\/berliner-toleranzbuendnis.de\/index.php?rest_route=\/wp\/v2\/pages\/18\/revisions"}],"predecessor-version":[{"id":844,"href":"http:\/\/berliner-toleranzbuendnis.de\/index.php?rest_route=\/wp\/v2\/pages\/18\/revisions\/844"}],"wp:attachment":[{"href":"http:\/\/berliner-toleranzbuendnis.de\/index.php?rest_route=%2Fwp%2Fv2%2Fmedia&parent=18"}],"curies":[{"name":"wp","href":"https:\/\/api.w.org\/{rel}","templated":true}]}}