{"id":108,"date":"2015-01-09T11:56:09","date_gmt":"2015-01-09T11:56:09","guid":{"rendered":"http:\/\/localhost\/wordpress\/?page_id=108"},"modified":"2015-01-16T23:03:33","modified_gmt":"2015-01-16T23:03:33","slug":"internationaler-austausch-und-solidaritaet","status":"publish","type":"page","link":"http:\/\/berliner-toleranzbuendnis.de\/?page_id=108","title":{"rendered":"Internationaler Austausch und Solidarit\u00e4t"},"content":{"rendered":"<p><strong>Das bedeutet:<\/strong><\/p>\n<p><a href=\"http:\/\/berliner-toleranzbuendnis.de\/wp-content\/uploads\/2015\/01\/141010_BTB_MANEO_Handout_page88_image237.png\"><img loading=\"lazy\" decoding=\"async\" class=\"alignnone wp-image-551 size-full\" src=\"http:\/\/berliner-toleranzbuendnis.de\/wp-content\/uploads\/2015\/01\/141010_BTB_MANEO_Handout_page88_image237.png\" alt=\"\" width=\"798\" height=\"408\" srcset=\"http:\/\/berliner-toleranzbuendnis.de\/wp-content\/uploads\/2015\/01\/141010_BTB_MANEO_Handout_page88_image237.png 798w, http:\/\/berliner-toleranzbuendnis.de\/wp-content\/uploads\/2015\/01\/141010_BTB_MANEO_Handout_page88_image237-300x153.png 300w, http:\/\/berliner-toleranzbuendnis.de\/wp-content\/uploads\/2015\/01\/141010_BTB_MANEO_Handout_page88_image237-250x128.png 250w, http:\/\/berliner-toleranzbuendnis.de\/wp-content\/uploads\/2015\/01\/141010_BTB_MANEO_Handout_page88_image237-150x77.png 150w\" sizes=\"auto, (max-width: 798px) 100vw, 798px\" \/><\/a><\/p>\n<p><strong>\u00a2<\/strong><strong> \u00a0Tel Aviv (Israel)<\/strong><\/p>\n<p>Mit der \u201eRegenbogenbr\u00fccke\u201c wurden Jugendliche, die einen schweren Anschlag auf ihren LGBT-Jugendtreffpunkt in Tel Aviv \u00fcberlebt hatten, zu Ferien und Erholung nach Berlin eingeladen. MANEO sammelte 10.000 Euro an Spenden.<\/p>\n<p><strong>\u00a2<\/strong><strong> \u00a0Warschau (Polen)<\/strong><\/p>\n<p>Zwischen 1989 und 2006 f\u00f6rderte MANEO die Menschenrechts- und B\u00fcrgerbewegung in Polen, demonstrierte Solidarit\u00e4t mit seinen LGBT*-Freunden und unterst\u00fctzte den damals noch verbotenen CSD in Warschau.<\/p>\n<p><strong>\u00a2<\/strong> <strong> Moskau (Russland)<\/strong><\/p>\n<p>2010 entsendete MANEO seinen \u201eKnutschb\u00e4ren\u201c als Toleranz-Botschafter Berlins nach Moskau, der zuvor von 1000 Menschen in Berlin bek\u00fc\u00dft worden war, dies als Zeichen der Solidarit\u00e4t und Unterst\u00fctzung mit LSBT* in Russland.<\/p>\n<p><strong>\u00a2<\/strong><strong>\u00a0\u00a0 <\/strong><strong>OSZE, EU und Opferhilfe<\/strong><\/p>\n<p>MANEO kooperiert mit der OSZE, hat in mehreren EU-Projekten mitgewirkt und bef\u00f6rdert den Fachaustausch zwischen Opferhilfen, Anti-Gewalt-Projekten und Polizei, dies im Kampf gegen Hasskriminalit\u00e4t und in der Bef\u00f6rderung demokratischer Prinzipien und Strukturen.<\/p>\n<p><strong>\u00a2<\/strong><strong>\u00a0\u00a0 <\/strong><strong>Tolerantia-Award \u2013 die deutsch-franz\u00f6sisch-polnische Kooperation<\/strong><\/p>\n<p>Gemeinsam mit seinen franz\u00f6sischen und polnischen Partnerorganisationen zeichnet MANEO Menschen und Organisationen aus, die sich in ihren L\u00e4ndern gegen Homophobie und f\u00fcr Toleranz und Vielfalt eingesetzt haben.<\/p>\n<p><span style=\"color: #0000ff;\"> <strong>Alle B\u00fcndnispartner sind eingeladen,<\/strong><\/span><\/p>\n<p>unsere internationale Vernetzung und Zusammenarbeit zu f\u00f6rdern und zu st\u00e4rken,<strong> Begegnungen, Konferenzen <\/strong>und den<strong> Tolerantia-Award.<\/strong><\/p>\n<p>&nbsp;<\/p>\n","protected":false},"excerpt":{"rendered":"<p>Das bedeutet: \u00a2 \u00a0Tel Aviv (Israel) Mit der \u201eRegenbogenbr\u00fccke\u201c wurden Jugendliche, die einen schweren Anschlag auf ihren LGBT-Jugendtreffpunkt in Tel Aviv \u00fcberlebt hatten, zu Ferien und Erholung nach Berlin eingeladen. MANEO sammelte 10.000 Euro an Spenden. \u00a2 \u00a0Warschau (Polen) Zwischen 1989 und 2006 f\u00f6rderte MANEO die Menschenrechts- und B\u00fcrgerbewegung in \u2026<\/p>\n<p class=\"continue-reading-button\"> <a class=\"continue-reading-link\" href=\"http:\/\/berliner-toleranzbuendnis.de\/?page_id=108\">&gt;&gt; Mehr<i class=\"crycon-right-dir\"><\/i><\/a><\/p>\n","protected":false},"author":1,"featured_media":0,"parent":64,"menu_order":4,"comment_status":"closed","ping_status":"open","template":"","meta":{"footnotes":""},"class_list":["post-108","page","type-page","status-publish","hentry"],"_links":{"self":[{"href":"http:\/\/berliner-toleranzbuendnis.de\/index.php?rest_route=\/wp\/v2\/pages\/108","targetHints":{"allow":["GET"]}}],"collection":[{"href":"http:\/\/berliner-toleranzbuendnis.de\/index.php?rest_route=\/wp\/v2\/pages"}],"about":[{"href":"http:\/\/berliner-toleranzbuendnis.de\/index.php?rest_route=\/wp\/v2\/types\/page"}],"author":[{"embeddable":true,"href":"http:\/\/berliner-toleranzbuendnis.de\/index.php?rest_route=\/wp\/v2\/users\/1"}],"replies":[{"embeddable":true,"href":"http:\/\/berliner-toleranzbuendnis.de\/index.php?rest_route=%2Fwp%2Fv2%2Fcomments&post=108"}],"version-history":[{"count":6,"href":"http:\/\/berliner-toleranzbuendnis.de\/index.php?rest_route=\/wp\/v2\/pages\/108\/revisions"}],"predecessor-version":[{"id":555,"href":"http:\/\/berliner-toleranzbuendnis.de\/index.php?rest_route=\/wp\/v2\/pages\/108\/revisions\/555"}],"up":[{"embeddable":true,"href":"http:\/\/berliner-toleranzbuendnis.de\/index.php?rest_route=\/wp\/v2\/pages\/64"}],"wp:attachment":[{"href":"http:\/\/berliner-toleranzbuendnis.de\/index.php?rest_route=%2Fwp%2Fv2%2Fmedia&parent=108"}],"curies":[{"name":"wp","href":"https:\/\/api.w.org\/{rel}","templated":true}]}}